{"id":1442,"date":"2026-01-20T12:08:23","date_gmt":"2026-01-20T12:08:23","guid":{"rendered":"https:\/\/bonuskongcasino.com\/app-2\/"},"modified":"2026-04-13T15:05:17","modified_gmt":"2026-04-13T14:05:17","slug":"app","status":"publish","type":"page","link":"https:\/\/theteddyslot.org\/de\/app\/","title":{"rendered":"App"},"content":{"rendered":"<h1>Teddyslot App: Offizielle Anwendung<\/h1>\n<p>Die Teddyslot App bietet Casino-Spielern volle Mobilit\u00e4t mit wirklich innovativen Tools. Sie wurde mit modernster Technologie entwickelt. Die App sorgt f\u00fcr ein nahtloses, zuverl\u00e4ssiges Spielerlebnis, das auf jedem Ihrer Ger\u00e4te funktioniert. Teddyslot Casino steht Ihnen nun von jedem Ort aus zur Verf\u00fcgung, an dem Sie spielen m\u00f6chten.<\/p>\n<div class=\"banner-wrap\" aria-label=\"Banner\"><img src=\"https:\/\/theteddyslot.org\/wp-content\/uploads\/2026\/04\/teddyslot-bonus-desktop.webp\" class=\"w-100 d-none d-lg-block img-pc main-banner-img\" alt=\"teddyslot bonus desktop\" fetchpriority=\"high\" decoding=\"async\"><img src=\"https:\/\/theteddyslot.org\/wp-content\/uploads\/2026\/04\/teddyslot-bnr-mobile.webp\" class=\"w-100 d-none d-md-block d-lg-none main-banner-img\" alt=\"teddyslot bonus mobile\" fetchpriority=\"high\" decoding=\"async\"><img src=\"https:\/\/theteddyslot.org\/wp-content\/uploads\/2026\/04\/teddyslot-bnr-mobile.webp\" class=\"w-100 d-md-none\" alt=\"teddyslot bonus mobile\" fetchpriority=\"high\" decoding=\"async\"><div class=\"banner-description\">\n<div class=\"banner-title\">Willkommensboni<\/div>\n<p class=\"banner-header-title\">1500 \u20ac<\/p>\n<div class=\"banner-header-AdditionalText\">+ 250 Freispiele<\/div>\n<button data-item=\"homepage_banner_link\" class=\"goto m-button m-gradient-border m-button--primary m-button--large banner-button btn-orange\">\n            <div class=\"m-button-content\">\n                <span>Jetzt anmelden<\/span>\n                <span><\/span>\n            <\/div>\n        <\/button>\n<\/div>\n<div class=\"WelcomePack\">\n<p><img loading=\"lazy\" decoding=\"async\" class=\"alignnone size-full wp-image-1839\" src=\"https:\/\/theteddyslot.org\/wp-content\/uploads\/2026\/04\/welcome-crown.png\" alt=\"crown\" width=\"25\" height=\"26\" \/><\/p>\n<div class=\"WelcomePack-Info\">W\u00f6chentlicher Cashback von bis zu 25 %<\/div>\n<p><img loading=\"lazy\" decoding=\"async\" class=\"alignnone size-full wp-image-1839\" src=\"https:\/\/theteddyslot.org\/wp-content\/uploads\/2026\/04\/welcome-crown.png\" alt=\"crown\" width=\"25\" height=\"26\" \/><\/p>\n<\/div>\n<\/div>\n<h2>Vorteile und Funktionen der Teddyslot App<\/h2>\n<p>Das Spielen im Teddy Slot Casino auf einem mobilen Ger\u00e4t bietet Vorteile, mit denen das Spielen am Desktop nicht mithalten kann. Bei der Gestaltung der App steht die Reaktionsgeschwindigkeit an erster Stelle. Die Seiten laden schnell und die Steuerelemente reagieren sofort. Spielsitzungen sind jederzeit m\u00f6glich, wenn Sie 10 Minuten Zeit haben.<\/p>\n<p>Alle Spiele im Teddyslot-Katalog stehen mobilen Nutzern zur Verf\u00fcgung. Dazu geh\u00f6ren Online-Slots, Live-Dealer-Tische, Sofortspiele und vieles mehr. Sie k\u00f6nnen sich ganz einfach zurechtfinden und auf die mehr als 6.000 Spiele, Angebote und Tools zur Verwaltung Ihres Kontos zugreifen.<\/p>\n<table>\n<tbody>\n<tr>\n<td>Was Sie tun<\/td>\n<td>Problem auf dem Desktop<\/td>\n<td>Teddyslot Mobile L\u00f6sung<\/td>\n<\/tr>\n<tr>\n<td>Spielen auf dem Weg zur Arbeit<\/td>\n<td>Sie m\u00fcssen einen Computer finden, einen Browser \u00f6ffnen und navigieren.<\/td>\n<td>Du tippst einfach auf das Symbol, Face ID, und schon spielst du in 3 Sekunden.<\/td>\n<\/tr>\n<tr>\n<td>Bonusstatus mittags \u00fcberpr\u00fcfen<\/td>\n<td>Du hast nicht \u00fcberall Zugriff auf deinen Desktop, daher ist der Status unbekannt, bis du zu Hause bist.<\/td>\n<td>Du kannst dein Handy ganz einfach \u00fcberallhin mitnehmen, den Fortschritt sofort \u00fcberpr\u00fcfen und eine Abend-Session entsprechend planen.<\/td>\n<\/tr>\n<tr>\n<td>Inanspruchnahme zeitkritischer Werbeaktionen<\/td>\n<td>Der Flash-Bonus wird um 14 Uhr freigeschaltet \u2013 du bist weit weg von einem Computer.<\/td>\n<td>Eine Push-Benachrichtigung erscheint auf deinem Handy, du kannst den Bonus sofort einl\u00f6sen, egal wo du bist.<\/td>\n<\/tr>\n<\/tbody>\n<\/table>\n<h3>Was ist die Teddyslot App?<\/h3>\n<p>Die Teddyslot App ist eine PWA. Du kannst jeden mobilen Browser wie Chrome, Firefox oder Safari verwenden, um auf unsere Progressive Web App zuzugreifen. Sie ist schnell, sicher und erfordert keine Downloads, die dein Handy verlangsamen.<\/p>\n<p>Die Teddy Slot Software funktioniert auf jedem Ger\u00e4t, l\u00e4dt schnell und aktualisiert sich automatisch, ohne Sie zu st\u00f6ren. Da sie ressourcenschonend ist, wird der Speicher Ihres Handys nicht belastet, und Sie k\u00f6nnen weiterhin den Live-Chat nutzen, den Support kontaktieren und den Verifizierungsprozess abschlie\u00dfen.<\/p>\n<p>Wir haben alle Sicherheitsprobleme und die Notwendigkeit, die Teddyslot App manuell zu aktualisieren, hinter uns gelassen.<\/p>\n<p><div class=\"scrollable-content-wrap my-5\"><div class=\"scrollable-content-inner\"><h2>Teddy Slot App f\u00fcr Android<\/h2>\n<p>Die Installation der Teddyslot-Android-App ist f\u00fcr alle Nutzer einfach, und Sie k\u00f6nnen alle besten Funktionen unseres Online-Casinos erleben. Befolgen Sie die folgenden Schritte, um unsere Plattform zu installieren, damit Sie flexibler sind und mit nur einem Klick darauf zugreifen k\u00f6nnen:<\/p>\n<ol>\n<li>Auf der Teddyslot Casino Website m\u00fcssen Sie auf die Schaltfl\u00e4che \u201eMehr\u201c klicken. Sie ist mit drei Punkten gekennzeichnet und befindet sich in der Ecke der Adressleiste.<\/li>\n<li>Tippen Sie in der Liste auf \u201eZum Startbildschirm hinzuf\u00fcgen\u201c und anschlie\u00dfend auf \u201eHinzuf\u00fcgen\u201c, um den Vorgang zu best\u00e4tigen.<\/li>\n<li>Um das App-Symbol zu verschieben, tippen Sie darauf, halten Sie es gedr\u00fcckt und ziehen Sie es an die gew\u00fcnschte Stelle auf Ihrem Bildschirm.<\/li>\n<\/ol>\n<p><img loading=\"lazy\" decoding=\"async\" class=\"alignnone size-full wp-image-1927\" src=\"https:\/\/theteddyslot.org\/wp-content\/uploads\/2026\/04\/Teddyslot-Android.webp\" alt=\"Teddyslot Android\" width=\"1248\" height=\"536\" srcset=\"https:\/\/theteddyslot.org\/wp-content\/uploads\/2026\/04\/Teddyslot-Android.webp 1248w, https:\/\/theteddyslot.org\/wp-content\/uploads\/2026\/04\/Teddyslot-Android-300x129.webp 300w, https:\/\/theteddyslot.org\/wp-content\/uploads\/2026\/04\/Teddyslot-Android-1024x440.webp 1024w, https:\/\/theteddyslot.org\/wp-content\/uploads\/2026\/04\/Teddyslot-Android-768x330.webp 768w\" sizes=\"auto, (max-width: 1248px) 100vw, 1248px\" \/><\/p>\n<\/div><\/div><div style=\"clear: both\"><\/div><div class=\"d-flex justify-content-center\"><button data-item=\"decouvrez_link\" data-group=\"website_links\" class=\"goto fw-bold rounded-pill btn btn-orange\" aria-label=\"Laden Sie die Teddyslot-App herunter\" >Laden Sie die Teddyslot-App herunter<\/button><\/div><div class=\"scrollable-content-wrap my-5\"><div class=\"scrollable-content-inner\"><h2>Mobile App f\u00fcr iOS<\/h2>\n<p>Wenn Sie ein iPhone oder iPad besitzen, k\u00f6nnen Sie die Teddyslot-Website schnell \u00fcber jeden beliebigen Browser aufrufen. Dort stehen Ihnen alle Spiele, Boni, Zahlungsoptionen und die Hilfe des Support-Teams zur Verf\u00fcgung. Wenn Sie unsere PC-Version bereits genutzt haben, werden Ihnen das Design und die Navigation vertraut sein.<\/p>\n<p>Wir bieten auch eine iOS-App f\u00fcr das Teddyslot Casino an. Die Einrichtung dauert nur wenige Minuten. Wir versichern Ihnen, dass unser mobiles Casino absolut sicher ist. Die neue und hochmoderne TLS-Verschl\u00fcsselung sch\u00fctzt Ihre pers\u00f6nlichen und finanziellen Daten vor Unbefugten. Alle Mitglieder des Teddyslot Casinos k\u00f6nnen auf ihren Ger\u00e4ten die Zwei-Faktor-Authentifizierung aktivieren, um zus\u00e4tzliche Sicherheit zu gew\u00e4hrleisten.<\/p>\n<p><img loading=\"lazy\" decoding=\"async\" class=\"alignnone size-full wp-image-1935\" src=\"https:\/\/theteddyslot.org\/wp-content\/uploads\/2026\/04\/Teddyslot-iOS.webp\" alt=\"Teddyslot iOS\" width=\"1248\" height=\"536\" srcset=\"https:\/\/theteddyslot.org\/wp-content\/uploads\/2026\/04\/Teddyslot-iOS.webp 1248w, https:\/\/theteddyslot.org\/wp-content\/uploads\/2026\/04\/Teddyslot-iOS-300x129.webp 300w, https:\/\/theteddyslot.org\/wp-content\/uploads\/2026\/04\/Teddyslot-iOS-1024x440.webp 1024w, https:\/\/theteddyslot.org\/wp-content\/uploads\/2026\/04\/Teddyslot-iOS-768x330.webp 768w\" sizes=\"auto, (max-width: 1248px) 100vw, 1248px\" \/><\/p>\n<\/div><\/div><div style=\"clear: both\"><\/div><div class=\"d-flex justify-content-center\"><button data-item=\"decouvrez_link\" data-group=\"website_links\" class=\"goto fw-bold rounded-pill btn btn-orange\" aria-label=\"Teddyslot herunterladen\" >Teddyslot herunterladen<\/button><\/div><div class=\"scrollable-content-wrap my-5\"><div class=\"scrollable-content-inner\"><h2>Teddy Slot Casino-Anwendung auf Mac oder Windows<\/h2>\n<p>Jeder kann Teddy Slot weiterhin auf seinem Desktop nutzen \u2013 das ist die klassische Alternative. Sie k\u00f6nnen unsere Website auf jedem Mac- oder Windows-Ger\u00e4t nutzen. Die Benutzeroberfl\u00e4che passt sich sofort an die Gr\u00f6\u00dfe und Aufl\u00f6sung des Bildschirms an. Sie k\u00f6nnen ein Verkn\u00fcpfungssymbol hinzuf\u00fcgen, wenn Sie schneller darauf zugreifen m\u00f6chten und nicht im Browser suchen wollen. Wenn Sie von einem PC aus auf die Teddyslot Casino Seite gehen, m\u00fcssen Sie lediglich auf die Schaltfl\u00e4che \u201eZum Startbildschirm hinzuf\u00fcgen\u201c klicken.<\/p>\n<p>Wir beschr\u00e4nken unsere Kunden nicht auf einen bestimmten Ger\u00e4tetyp oder eine bestimmte Plattform. Deshalb kannst du f\u00fcr jeden Fall die beste Alternative w\u00e4hlen.<\/p>\n<p><img loading=\"lazy\" decoding=\"async\" class=\"alignnone size-full wp-image-1943\" src=\"https:\/\/theteddyslot.org\/wp-content\/uploads\/2026\/04\/Teddyslot-Desktop.webp\" alt=\"Teddyslot Desktop\" width=\"1248\" height=\"536\" srcset=\"https:\/\/theteddyslot.org\/wp-content\/uploads\/2026\/04\/Teddyslot-Desktop.webp 1248w, https:\/\/theteddyslot.org\/wp-content\/uploads\/2026\/04\/Teddyslot-Desktop-300x129.webp 300w, https:\/\/theteddyslot.org\/wp-content\/uploads\/2026\/04\/Teddyslot-Desktop-1024x440.webp 1024w, https:\/\/theteddyslot.org\/wp-content\/uploads\/2026\/04\/Teddyslot-Desktop-768x330.webp 768w\" sizes=\"auto, (max-width: 1248px) 100vw, 1248px\" \/><\/p>\n<\/div><\/div><div style=\"clear: both\"><\/div><div class=\"d-flex justify-content-center\"><button data-item=\"decouvrez_link\" data-group=\"website_links\" class=\"goto fw-bold rounded-pill btn btn-orange\" aria-label=\"Laden Sie die Teddyslot-App herunter\" >Laden Sie die Teddyslot-App herunter<\/button><\/div><div class=\"scrollable-content-wrap my-5\"><div class=\"scrollable-content-inner\"><h2>FAQ<\/h2>\n<h3>Kann ich die Teddyslot App aus dem App Store oder von Google Play herunterladen?<\/h3>\n<p>Nein, das Teddyslot Casino ist kein Download aus einem App-Store. Es handelt sich um eine Progressive Web App (PWA). Du kannst das Symbol zu deinem Startbildschirm hinzuf\u00fcgen, indem du auf deinem Smartphone die Teddyslot-Website aufrufst und die App direkt von dort installierst. Die Installation dauert kaum eine Minute. Wenn du Safari oder Chrome verwendest, rufe die Website auf und tippe auf \u201eZum Startbildschirm hinzuf\u00fcgen\u201c. Das App-Symbol ist dann einsatzbereit.<\/p>\n<h3>Gibt es in der Teddy Slot App Spielkategorien, die nur f\u00fcr Mobilger\u00e4te verf\u00fcgbar sind?<\/h3>\n<p>Nein, die mobile App und die Desktop-Version verf\u00fcgen \u00fcber dieselbe Spielbibliothek. Es gibt keine speziellen Kategorien f\u00fcr bestimmte Plattformen. Alle \u00fcber 6.000 Spiele, die auf dem PC funktionieren, laufen auch auf Mobilger\u00e4ten. Einige Spiele lassen sich mit der Touchscreen-Steuerung auf Mobilger\u00e4ten m\u00f6glicherweise besser spielen, beispielsweise bestimmte Sofortspiele oder Slots mit einfachen Regeln. Sie k\u00f6nnen jedoch jedes Spiel auf jedem Ger\u00e4t problemlos spielen.<\/p>\n<h3>K\u00f6nnen Werbeblocker oder VPN-Einstellungen das Laden von Spielen auf Mobilger\u00e4ten st\u00f6ren?<\/h3>\n<p>Einige aggressive Werbeblocker verhindern das Laden von Spielen, indem sie Skripte blockieren, die sie f\u00fcr Werbetracker halten. VPNs k\u00f6nnen ebenfalls Probleme verursachen, wenn sie den Datenverkehr \u00fcber Orte leiten, an denen Teddyslot Casino nicht betrieben werden darf. Die Website sperrt den Zugriff aus eingeschr\u00e4nkten Regionen. Wenn Spiele nicht geladen werden, versuche, Werbeblocker zu deaktivieren oder dein VPN f\u00fcr kurze Zeit zu trennen. Wenn die Datenschutzeinstellungen des Browsers auf die h\u00f6chste Stufe eingestellt sind, k\u00f6nnen sie auch ben\u00f6tigte Cookies blockieren, was zu Anmeldeproblemen f\u00fchren kann.<\/p>\n<h3>Kann ich Push-Benachrichtigungen auf meinem iPhone erhalten?<\/h3>\n<p>Ja, sobald Sie die Teddy Slot PWA auf Ihrem iPhone installiert haben, erhalten Sie Push-Benachrichtigungen zu Kontoaktivit\u00e4ten, Aktionen, Bonusabl\u00e4ufen und Turnier-Updates. Sie k\u00f6nnen Ihre Benachrichtigungseinstellungen jederzeit \u00e4ndern.<\/p>\n<\/div><\/div><\/p>\n","protected":false},"excerpt":{"rendered":"<p>Teddyslot App: Offizielle Anwendung Die Teddyslot App bietet Casino-Spielern volle Mobilit\u00e4t mit wirklich innovativen Tools. Sie wurde mit modernster Technologie entwickelt. Die App sorgt f\u00fcr ein nahtloses, zuverl\u00e4ssiges Spielerlebnis, das auf jedem Ihrer Ger\u00e4te funktioniert. Teddyslot Casino steht Ihnen nun von jedem Ort aus zur Verf\u00fcgung, an dem Sie spielen m\u00f6chten. Vorteile und Funktionen der [&hellip;]<\/p>\n","protected":false},"author":1,"featured_media":0,"parent":0,"menu_order":0,"comment_status":"closed","ping_status":"closed","template":"template-builder.php","meta":{"_acf_changed":false,"inline_featured_image":false,"footnotes":""},"class_list":["post-1442","page","type-page","status-publish","hentry"],"acf":[],"yoast_head":"<!-- This site is optimized with the Yoast SEO plugin v27.3 - https:\/\/yoast.com\/product\/yoast-seo-wordpress\/ -->\n<title>Teddyslot App | Mobile Casino-Anwendung<\/title>\n<meta name=\"description\" content=\"Die Teddy Slot Anwendung l\u00e4uft reibungslos auf Android, iOS, Windows und macOS mit synchronisierten Konten, regelm\u00e4\u00dfigen Updates und integriertem Kundensupport.\" \/>\n<meta name=\"robots\" content=\"index, follow, max-snippet:-1, max-image-preview:large, max-video-preview:-1\" \/>\n<link rel=\"canonical\" href=\"https:\/\/theteddyslot.org\/de\/app\/\" \/>\n<meta property=\"og:locale\" content=\"de_DE\" \/>\n<meta property=\"og:type\" content=\"article\" \/>\n<meta property=\"og:title\" content=\"Teddyslot App | Mobile Casino-Anwendung\" \/>\n<meta property=\"og:description\" content=\"Die Teddy Slot Anwendung l\u00e4uft reibungslos auf Android, iOS, Windows und macOS mit synchronisierten Konten, regelm\u00e4\u00dfigen Updates und integriertem Kundensupport.\" \/>\n<meta property=\"og:url\" content=\"https:\/\/theteddyslot.org\/de\/app\/\" \/>\n<meta property=\"og:site_name\" content=\"teddyslot\" \/>\n<meta property=\"article:modified_time\" content=\"2026-04-13T14:05:17+00:00\" \/>\n<meta name=\"twitter:card\" content=\"summary_large_image\" \/>\n<meta name=\"twitter:label1\" content=\"Gesch\u00e4tzte Lesezeit\" \/>\n\t<meta name=\"twitter:data1\" content=\"2\u00a0Minuten\" \/>\n<script type=\"application\/ld+json\" class=\"yoast-schema-graph\">{\"@context\":\"https:\\\/\\\/schema.org\",\"@graph\":[{\"@type\":\"WebPage\",\"@id\":\"https:\\\/\\\/theteddyslot.org\\\/de\\\/app\\\/\",\"url\":\"https:\\\/\\\/theteddyslot.org\\\/de\\\/app\\\/\",\"name\":\"Teddyslot App | Mobile Casino-Anwendung\",\"isPartOf\":{\"@id\":\"https:\\\/\\\/theteddyslot.org\\\/de\\\/#website\"},\"datePublished\":\"2026-01-20T12:08:23+00:00\",\"dateModified\":\"2026-04-13T14:05:17+00:00\",\"description\":\"Die Teddy Slot Anwendung l\u00e4uft reibungslos auf Android, iOS, Windows und macOS mit synchronisierten Konten, regelm\u00e4\u00dfigen Updates und integriertem Kundensupport.\",\"breadcrumb\":{\"@id\":\"https:\\\/\\\/theteddyslot.org\\\/de\\\/app\\\/#breadcrumb\"},\"inLanguage\":\"de\",\"potentialAction\":[{\"@type\":\"ReadAction\",\"target\":[\"https:\\\/\\\/theteddyslot.org\\\/de\\\/app\\\/\"]}]},{\"@type\":\"BreadcrumbList\",\"@id\":\"https:\\\/\\\/theteddyslot.org\\\/de\\\/app\\\/#breadcrumb\",\"itemListElement\":[{\"@type\":\"ListItem\",\"position\":1,\"name\":\"Teddyslot\",\"item\":\"https:\\\/\\\/theteddyslot.org\\\/de\\\/\"},{\"@type\":\"ListItem\",\"position\":2,\"name\":\"App\"}]},{\"@type\":\"WebSite\",\"@id\":\"https:\\\/\\\/theteddyslot.org\\\/de\\\/#website\",\"url\":\"https:\\\/\\\/theteddyslot.org\\\/de\\\/\",\"name\":\"Teddyslot\",\"description\":\"\",\"publisher\":{\"@id\":\"https:\\\/\\\/theteddyslot.org\\\/de\\\/#organization\"},\"potentialAction\":[{\"@type\":\"SearchAction\",\"target\":{\"@type\":\"EntryPoint\",\"urlTemplate\":\"https:\\\/\\\/theteddyslot.org\\\/de\\\/?s={search_term_string}\"},\"query-input\":{\"@type\":\"PropertyValueSpecification\",\"valueRequired\":true,\"valueName\":\"search_term_string\"}}],\"inLanguage\":\"de\"},{\"@type\":\"Organization\",\"@id\":\"https:\\\/\\\/theteddyslot.org\\\/de\\\/#organization\",\"name\":\"Teddyslot\",\"url\":\"https:\\\/\\\/theteddyslot.org\\\/de\\\/\",\"logo\":{\"@type\":\"ImageObject\",\"inLanguage\":\"de\",\"@id\":\"https:\\\/\\\/theteddyslot.org\\\/de\\\/#\\\/schema\\\/logo\\\/image\\\/\",\"url\":\"https:\\\/\\\/theteddyslot.org\\\/wp-content\\\/uploads\\\/2026\\\/04\\\/teddyslot-logo.png\",\"contentUrl\":\"https:\\\/\\\/theteddyslot.org\\\/wp-content\\\/uploads\\\/2026\\\/04\\\/teddyslot-logo.png\",\"width\":140,\"height\":32,\"caption\":\"Teddyslot\"},\"image\":{\"@id\":\"https:\\\/\\\/theteddyslot.org\\\/de\\\/#\\\/schema\\\/logo\\\/image\\\/\"}}]}<\/script>\n<!-- \/ Yoast SEO plugin. -->","yoast_head_json":{"title":"Teddyslot App | Mobile Casino-Anwendung","description":"Die Teddy Slot Anwendung l\u00e4uft reibungslos auf Android, iOS, Windows und macOS mit synchronisierten Konten, regelm\u00e4\u00dfigen Updates und integriertem Kundensupport.","robots":{"index":"index","follow":"follow","max-snippet":"max-snippet:-1","max-image-preview":"max-image-preview:large","max-video-preview":"max-video-preview:-1"},"canonical":"https:\/\/theteddyslot.org\/de\/app\/","og_locale":"de_DE","og_type":"article","og_title":"Teddyslot App | Mobile Casino-Anwendung","og_description":"Die Teddy Slot Anwendung l\u00e4uft reibungslos auf Android, iOS, Windows und macOS mit synchronisierten Konten, regelm\u00e4\u00dfigen Updates und integriertem Kundensupport.","og_url":"https:\/\/theteddyslot.org\/de\/app\/","og_site_name":"teddyslot","article_modified_time":"2026-04-13T14:05:17+00:00","twitter_card":"summary_large_image","twitter_misc":{"Gesch\u00e4tzte Lesezeit":"2\u00a0Minuten"},"schema":{"@context":"https:\/\/schema.org","@graph":[{"@type":"WebPage","@id":"https:\/\/theteddyslot.org\/de\/app\/","url":"https:\/\/theteddyslot.org\/de\/app\/","name":"Teddyslot App | Mobile Casino-Anwendung","isPartOf":{"@id":"https:\/\/theteddyslot.org\/de\/#website"},"datePublished":"2026-01-20T12:08:23+00:00","dateModified":"2026-04-13T14:05:17+00:00","description":"Die Teddy Slot Anwendung l\u00e4uft reibungslos auf Android, iOS, Windows und macOS mit synchronisierten Konten, regelm\u00e4\u00dfigen Updates und integriertem Kundensupport.","breadcrumb":{"@id":"https:\/\/theteddyslot.org\/de\/app\/#breadcrumb"},"inLanguage":"de","potentialAction":[{"@type":"ReadAction","target":["https:\/\/theteddyslot.org\/de\/app\/"]}]},{"@type":"BreadcrumbList","@id":"https:\/\/theteddyslot.org\/de\/app\/#breadcrumb","itemListElement":[{"@type":"ListItem","position":1,"name":"Teddyslot","item":"https:\/\/theteddyslot.org\/de\/"},{"@type":"ListItem","position":2,"name":"App"}]},{"@type":"WebSite","@id":"https:\/\/theteddyslot.org\/de\/#website","url":"https:\/\/theteddyslot.org\/de\/","name":"Teddyslot","description":"","publisher":{"@id":"https:\/\/theteddyslot.org\/de\/#organization"},"potentialAction":[{"@type":"SearchAction","target":{"@type":"EntryPoint","urlTemplate":"https:\/\/theteddyslot.org\/de\/?s={search_term_string}"},"query-input":{"@type":"PropertyValueSpecification","valueRequired":true,"valueName":"search_term_string"}}],"inLanguage":"de"},{"@type":"Organization","@id":"https:\/\/theteddyslot.org\/de\/#organization","name":"Teddyslot","url":"https:\/\/theteddyslot.org\/de\/","logo":{"@type":"ImageObject","inLanguage":"de","@id":"https:\/\/theteddyslot.org\/de\/#\/schema\/logo\/image\/","url":"https:\/\/theteddyslot.org\/wp-content\/uploads\/2026\/04\/teddyslot-logo.png","contentUrl":"https:\/\/theteddyslot.org\/wp-content\/uploads\/2026\/04\/teddyslot-logo.png","width":140,"height":32,"caption":"Teddyslot"},"image":{"@id":"https:\/\/theteddyslot.org\/de\/#\/schema\/logo\/image\/"}}]}},"_links":{"self":[{"href":"https:\/\/theteddyslot.org\/de\/wp-json\/wp\/v2\/pages\/1442","targetHints":{"allow":["GET"]}}],"collection":[{"href":"https:\/\/theteddyslot.org\/de\/wp-json\/wp\/v2\/pages"}],"about":[{"href":"https:\/\/theteddyslot.org\/de\/wp-json\/wp\/v2\/types\/page"}],"author":[{"embeddable":true,"href":"https:\/\/theteddyslot.org\/de\/wp-json\/wp\/v2\/users\/1"}],"replies":[{"embeddable":true,"href":"https:\/\/theteddyslot.org\/de\/wp-json\/wp\/v2\/comments?post=1442"}],"version-history":[{"count":4,"href":"https:\/\/theteddyslot.org\/de\/wp-json\/wp\/v2\/pages\/1442\/revisions"}],"predecessor-version":[{"id":2069,"href":"https:\/\/theteddyslot.org\/de\/wp-json\/wp\/v2\/pages\/1442\/revisions\/2069"}],"wp:attachment":[{"href":"https:\/\/theteddyslot.org\/de\/wp-json\/wp\/v2\/media?parent=1442"}],"curies":[{"name":"wp","href":"https:\/\/api.w.org\/{rel}","templated":true}]}}