{"id":1483,"date":"2026-01-20T12:11:11","date_gmt":"2026-01-20T12:11:11","guid":{"rendered":"https:\/\/bonuskongcasino.com\/login-and-registration\/"},"modified":"2026-04-13T15:08:37","modified_gmt":"2026-04-13T14:08:37","slug":"anmeldung-und-registrierung","status":"publish","type":"page","link":"https:\/\/theteddyslot.org\/de\/anmeldung-und-registrierung\/","title":{"rendered":"Anmeldung und Registrierung"},"content":{"rendered":"<h1>Teddyslot Anmeldung &amp; Kontoer\u00f6ffnung<\/h1>\n<p>Jeder Spieler kann nach dem Teddyslot Login eine riesige Auswahl an Spielen, exklusive Boni und personalisierte Funktionen im Casino genie\u00dfen. Unsere Plattform ist ein gro\u00dfartiger Ort, um sichere, einfache und aktuelle Tools f\u00fcr das Online-Spielen zu finden.<\/p>\n<p>Alle Nutzer, die mindestens 18 Jahre alt sind, k\u00f6nnen den schnellen Anmeldeprozess abschlie\u00dfen. Das Willkommenspaket wird dir automatisch gutgeschrieben, wenn du ein Konto er\u00f6ffnest und deine erste Einzahlung t\u00e4tigst.<\/p>\n<p><div class=\"banner-wrap\" aria-label=\"Banner\"><img src=\"https:\/\/theteddyslot.org\/wp-content\/uploads\/2026\/04\/teddyslot-bonus-desktop.webp\" class=\"w-100 d-none d-lg-block img-pc main-banner-img\" alt=\"teddyslot bonus desktop\" fetchpriority=\"high\" decoding=\"async\"><img src=\"https:\/\/theteddyslot.org\/wp-content\/uploads\/2026\/04\/teddyslot-bnr-mobile.webp\" class=\"w-100 d-none d-md-block d-lg-none main-banner-img\" alt=\"teddyslot bonus mobile\" fetchpriority=\"high\" decoding=\"async\"><img src=\"https:\/\/theteddyslot.org\/wp-content\/uploads\/2026\/04\/teddyslot-bnr-mobile.webp\" class=\"w-100 d-md-none\" alt=\"teddyslot bonus mobile\" fetchpriority=\"high\" decoding=\"async\"><div class=\"banner-description\">\n<div class=\"banner-title\">Willkommensboni<\/div>\n<p class=\"banner-header-title\">1500 \u20ac<\/p>\n<div class=\"banner-header-AdditionalText\">+ 250 Freispiele<\/div>\n<button data-item=\"homepage_banner_link\" class=\"goto m-button m-gradient-border m-button--primary m-button--large banner-button btn-orange\">\n            <div class=\"m-button-content\">\n                <span>Jetzt anmelden<\/span>\n                <span><\/span>\n            <\/div>\n        <\/button>\n<\/div>\n<div class=\"WelcomePack\">\n<p><img loading=\"lazy\" decoding=\"async\" class=\"alignnone size-full wp-image-1839\" src=\"https:\/\/theteddyslot.org\/wp-content\/uploads\/2026\/04\/welcome-crown.png\" alt=\"crown\" width=\"25\" height=\"26\" \/><\/p>\n<div class=\"WelcomePack-Info\">W\u00f6chentlicher Cashback von bis zu 25 %<\/div>\n<p><img loading=\"lazy\" decoding=\"async\" class=\"alignnone size-full wp-image-1839\" src=\"https:\/\/theteddyslot.org\/wp-content\/uploads\/2026\/04\/welcome-crown.png\" alt=\"crown\" width=\"25\" height=\"26\" \/><\/p>\n<\/div>\n<\/div><div class=\"scrollable-content-wrap my-5\"><div class=\"scrollable-content-inner\"><h2>Teddyslot Casino Registrierung<\/h2>\n<p>Die Registrierung bei Teddy Slot Casino dauert nur wenige Minuten. Jeder Spieler darf nur ein Konto auf unserer Website f\u00fchren. Auch wenn Sie sich noch unsicher sind, m\u00f6chten wir Sie davon \u00fcberzeugen, dass die Weitergabe Ihrer pers\u00f6nlichen Daten an uns sicher ist. Wir \u00fcberwachen jede Teddyslot Anmeldung, um Betrug zu verhindern.<\/p>\n<table>\n<tbody>\n<tr>\n<td>Registrierungsschritt<\/td>\n<td>Ablauf<\/td>\n<\/tr>\n<tr>\n<td>1<\/td>\n<td>Benutzer m\u00fcssen auf die Schaltfl\u00e4che in der oberen rechten Ecke der Hauptseite klicken, um zum Registrierungsformular zu gelangen.<\/td>\n<\/tr>\n<tr>\n<td>2<\/td>\n<td>Beim Ausf\u00fcllen des Formulars m\u00fcssen Sie eine g\u00fcltige E-Mail-Adresse und ein sicheres Passwort angeben.<\/td>\n<\/tr>\n<tr>\n<td>3<\/td>\n<td>Jeder neue Spieler muss die K\u00e4stchen anklicken, um zu best\u00e4tigen, dass er vollj\u00e4hrig ist und den Bestimmungen von Teddyslot zustimmt.<\/td>\n<\/tr>\n<tr>\n<td>4<\/td>\n<td>Nachdem Sie alles noch einmal \u00fcberpr\u00fcft haben, klicken Sie bitte auf die Schaltfl\u00e4che am Ende des Formulars, um die Registrierung abzuschlie\u00dfen.<\/td>\n<\/tr>\n<\/tbody>\n<\/table>\n<p><img loading=\"lazy\" decoding=\"async\" class=\"alignnone size-full wp-image-1951\" src=\"https:\/\/theteddyslot.org\/wp-content\/uploads\/2026\/04\/Teddyslot-Login.webp\" alt=\"Teddyslot Login\" width=\"1248\" height=\"536\" srcset=\"https:\/\/theteddyslot.org\/wp-content\/uploads\/2026\/04\/Teddyslot-Login.webp 1248w, https:\/\/theteddyslot.org\/wp-content\/uploads\/2026\/04\/Teddyslot-Login-300x129.webp 300w, https:\/\/theteddyslot.org\/wp-content\/uploads\/2026\/04\/Teddyslot-Login-1024x440.webp 1024w, https:\/\/theteddyslot.org\/wp-content\/uploads\/2026\/04\/Teddyslot-Login-768x330.webp 768w\" sizes=\"auto, (max-width: 1248px) 100vw, 1248px\" \/><\/p>\n<h2>Anmelden und Ihr Teddyslot-Konto verwalten<\/h2>\n<p>Sobald du dich angemeldet hast, kannst du auf der Teddyslot Casino-Website alles tun. Du kannst jedes Spiel in der Bibliothek ohne Einschr\u00e4nkungen spielen, Geld einzahlen, wenn dein Guthaben zur Neige geht, Gewinne aus erfolgreichen Spielrunden auszahlen lassen und deine Kontoeinstellungen anpassen, um alles zu kontrollieren.<\/p>\n<p>Es gibt zwar einen Demo-Modus, aber nach der Anmeldung wird es viel spannender, denn das Spielen um echte Gewinne ist sehr motivierend.<\/p>\n<h3>So melden Sie sich bei Ihrem Konto an<\/h3>\n<p>Sie k\u00f6nnen sich darauf verlassen, dass die Anmeldung bei Teddyslot schnell und sicher ist. Gehen Sie einfach auf die Startseite und suchen Sie den Bereich, in dem Sie sich anmelden k\u00f6nnen. Durch Eingabe Ihrer E-Mail-Adresse und Ihres Passworts gelangen Sie schnell zu Ihrem Konto-Dashboard.<\/p>\n<p>Wir bieten dir auch die M\u00f6glichkeit, dich \u00fcber andere Optionen wie Google anzumelden, um es dir einfacher zu machen. Auf diese Weise k\u00f6nnen Kunden sofort bei Teddyslot Casino einsteigen, ohne sich viele Passw\u00f6rter merken zu m\u00fcssen. Das ist einfacher, und die Sicherheit ist dennoch hervorragend.<\/p>\n<h3>Passwort vergessen?<\/h3>\n<p>Falls du dein Passwort vergessen hast, bietet Teddy Slot eine einfache M\u00f6glichkeit, es wiederherzustellen.<\/p>\n<ol>\n<li>W\u00e4hlen Sie auf der Teddyslot Anmeldeseite die Option \u201ePasswort vergessen?\u201c. Anschlie\u00dfend werden Sie aufgefordert, Ihre registrierte E-Mail-Adresse einzugeben.<\/li>\n<li>Sie erhalten eine E-Mail mit Anweisungen, wie Sie sich wieder anmelden k\u00f6nnen, falls Sie Ihre E-Mail-Adresse oder Ihr Passwort f\u00fcr das Teddyslot Casino verloren haben. Das kann nicht passieren, wenn Sie keine E-Mail von uns erhalten. M\u00f6glicherweise befindet sie sich in Ihrem Spam-Ordner.<\/li>\n<li>Lies die E-Mail und klicke auf den Link, um ein neues Passwort f\u00fcr dein Konto zu erstellen. So bleibt es sicher und einfach zu verwenden.<\/li>\n<\/ol>\n<h2>Verifizierungsprozess bei Teddy Slot Casino<\/h2>\n<p>Bei Teddyslot gilt die strenge Vorgabe, dass jeder neue Spieler \u00fcberpr\u00fcft werden muss. Deshalb ist es entscheidend, den Kunden zu kennen (KYC).<\/p>\n<p>Die \u00dcberpr\u00fcfung der Dokumente dauert nicht lange; sie kann innerhalb von ein bis zwei Tagen oder sogar noch schneller erledigt werden. Das ist von Person zu Person unterschiedlich. Wenn Sie sich Sorgen machen, k\u00f6nnen Sie sich an unseren mehrsprachigen Kundendienst wenden. Die Dokumente, die Teddyslot Casino ben\u00f6tigt, sind:<\/p>\n<ul>\n<li>Eine Kopie Ihres Reisepasses, die alle wichtigen Informationen \u00fcber Sie enth\u00e4lt.<\/li>\n<li>Rechnungen von Versorgungsunternehmen, die Ihren Wohnort belegen, sowie der Nachweis Ihrer Zahlungsmethode.<\/li>\n<\/ul>\n<h2>H\u00e4ufige Probleme und schnelle L\u00f6sungen<\/h2>\n<p>Es kann vorkommen, dass wir Ihr Konto vor\u00fcbergehend sperren oder deaktivieren m\u00fcssen. Aber keine Sorge, es gibt immer eine L\u00f6sung. Die folgende Tabelle enth\u00e4lt weitere Informationen dazu, was zu tun ist, wenn bei Teddy Slot Probleme auftreten.<\/p>\n<table>\n<tbody>\n<tr>\n<td>Ausl\u00f6ser<\/td>\n<td>Was passiert<\/td>\n<td>Was Sie tun m\u00fcssen<\/td>\n<\/tr>\n<tr>\n<td>Lange Zeitr\u00e4ume ohne Aktivit\u00e4t<\/td>\n<td>Dein Konto wird automatisch abgemeldet<\/td>\n<td>Melde dich einfach wieder an, um weiterzuspielen<\/td>\n<\/tr>\n<tr>\n<td>Mehr als ein Teddyslot Login gleichzeitig<\/td>\n<td>Eine Sitzung wird beendet<\/td>\n<td>Melden Sie sich jeweils nur von einem Ger\u00e4t aus an<\/td>\n<\/tr>\n<tr>\n<td>Schnelle Eins\u00e4tze oder ungew\u00f6hnliches Verhalten<\/td>\n<td>Ihr Konto wird f\u00fcr kurze Zeit gesperrt<\/td>\n<td>Benutzer sollten sich \u00fcber den Live-Chat an den Kundendienst wenden, wenn sie glauben, dass es sich um einen Fehler handelt<\/td>\n<\/tr>\n<tr>\n<td>\u00c4ndern Ihres Passworts<\/td>\n<td>Alle aktiven Sitzungen werden geschlossen<\/td>\n<td>Melden Sie sich erneut mit Ihrem neuen Passwort an<\/td>\n<\/tr>\n<\/tbody>\n<\/table>\n<h2>FAQ<\/h2>\n<h3>Kann ich mich \u00fcber mein Handy registrieren oder brauche ich einen Computer?<\/h3>\n<p>Der Registrierungsprozess bei TeddySlot ist auf Smartphones und Desktop-Computern identisch. Die mobile Benutzeroberfl\u00e4che funktioniert auch auf kleineren Bildschirmen, ohne dass Schritte \u00fcbersprungen werden oder Sie mitten im Vorgang auf einen PC umsteigen m\u00fcssen. Die meisten Spieler registrieren sich in weniger als f\u00fcnf Minuten direkt von ihrem Smartphone aus.<\/p>\n<h3>Wie erstelle ich ein sicheres Passwort f\u00fcr mein Teddyslot-Konto?<\/h3>\n<p>Erstelle ein Passwort, das mindestens 10\u201312 Zeichen lang ist und eine Mischung aus Gro\u00df- und Kleinbuchstaben, Ziffern und Sonderzeichen enth\u00e4lt. Vermeide offensichtliche Muster oder pers\u00f6nliche Informationen, die in deinen sozialen Netzwerken zu finden sind.<\/p>\n<h3>Ist es sicher, mein Teddy Slot Passwort im Browser zu speichern?<\/h3>\n<p>Passwortmanager f\u00fcr Chrome, Firefox und Safari verschl\u00fcsseln Ihre gespeicherten Passw\u00f6rter und synchronisieren sie auf allen Ihren Ger\u00e4ten. Das Risiko ist h\u00f6her, wenn Sie einen Computer nutzen, den auch andere Personen verwenden k\u00f6nnen, da diese Ihre gespeicherten Zugangsdaten einsehen k\u00f6nnten. Die Speicherung im Browser ist ziemlich sicher, wenn Sie der einzige Nutzer Ihres Ger\u00e4ts sind und es \u00fcber einen sicheren Entsperrcode verf\u00fcgt.<\/p>\n<\/div><\/div><\/p>\n","protected":false},"excerpt":{"rendered":"<p>Teddyslot Anmeldung &amp; Kontoer\u00f6ffnung Jeder Spieler kann nach dem Teddyslot Login eine riesige Auswahl an Spielen, exklusive Boni und personalisierte Funktionen im Casino genie\u00dfen. Unsere Plattform ist ein gro\u00dfartiger Ort, um sichere, einfache und aktuelle Tools f\u00fcr das Online-Spielen zu finden. Alle Nutzer, die mindestens 18 Jahre alt sind, k\u00f6nnen den schnellen Anmeldeprozess abschlie\u00dfen. Das [&hellip;]<\/p>\n","protected":false},"author":1,"featured_media":0,"parent":0,"menu_order":0,"comment_status":"closed","ping_status":"closed","template":"template-builder.php","meta":{"_acf_changed":false,"inline_featured_image":false,"footnotes":""},"class_list":["post-1483","page","type-page","status-publish","hentry"],"acf":[],"yoast_head":"<!-- This site is optimized with the Yoast SEO plugin v27.3 - https:\/\/yoast.com\/product\/yoast-seo-wordpress\/ -->\n<title>Teddyslot Login | Anmelden oder Konto erstellen<\/title>\n<meta name=\"description\" content=\"Melden Sie sich bei Teddy Slot an oder registrieren Sie sich in wenigen Minuten. Guthaben, aktive Boni, Zahlungsmethoden und Spielverlauf \u2014 alles in einem sicheren Dashboard.\" \/>\n<meta name=\"robots\" content=\"index, follow, max-snippet:-1, max-image-preview:large, max-video-preview:-1\" \/>\n<link rel=\"canonical\" href=\"https:\/\/theteddyslot.org\/de\/anmeldung-und-registrierung\/\" \/>\n<meta property=\"og:locale\" content=\"de_DE\" \/>\n<meta property=\"og:type\" content=\"article\" \/>\n<meta property=\"og:title\" content=\"Teddyslot Login | Anmelden oder Konto erstellen\" \/>\n<meta property=\"og:description\" content=\"Melden Sie sich bei Teddy Slot an oder registrieren Sie sich in wenigen Minuten. Guthaben, aktive Boni, Zahlungsmethoden und Spielverlauf \u2014 alles in einem sicheren Dashboard.\" \/>\n<meta property=\"og:url\" content=\"https:\/\/theteddyslot.org\/de\/anmeldung-und-registrierung\/\" \/>\n<meta property=\"og:site_name\" content=\"teddyslot\" \/>\n<meta property=\"article:modified_time\" content=\"2026-04-13T14:08:37+00:00\" \/>\n<meta name=\"twitter:card\" content=\"summary_large_image\" \/>\n<meta name=\"twitter:label1\" content=\"Gesch\u00e4tzte Lesezeit\" \/>\n\t<meta name=\"twitter:data1\" content=\"1\u00a0Minute\" \/>\n<script type=\"application\/ld+json\" class=\"yoast-schema-graph\">{\"@context\":\"https:\\\/\\\/schema.org\",\"@graph\":[{\"@type\":\"WebPage\",\"@id\":\"https:\\\/\\\/theteddyslot.org\\\/de\\\/anmeldung-und-registrierung\\\/\",\"url\":\"https:\\\/\\\/theteddyslot.org\\\/de\\\/anmeldung-und-registrierung\\\/\",\"name\":\"Teddyslot Login | Anmelden oder Konto erstellen\",\"isPartOf\":{\"@id\":\"https:\\\/\\\/theteddyslot.org\\\/de\\\/#website\"},\"datePublished\":\"2026-01-20T12:11:11+00:00\",\"dateModified\":\"2026-04-13T14:08:37+00:00\",\"description\":\"Melden Sie sich bei Teddy Slot an oder registrieren Sie sich in wenigen Minuten. Guthaben, aktive Boni, Zahlungsmethoden und Spielverlauf \u2014 alles in einem sicheren Dashboard.\",\"breadcrumb\":{\"@id\":\"https:\\\/\\\/theteddyslot.org\\\/de\\\/anmeldung-und-registrierung\\\/#breadcrumb\"},\"inLanguage\":\"de\",\"potentialAction\":[{\"@type\":\"ReadAction\",\"target\":[\"https:\\\/\\\/theteddyslot.org\\\/de\\\/anmeldung-und-registrierung\\\/\"]}]},{\"@type\":\"BreadcrumbList\",\"@id\":\"https:\\\/\\\/theteddyslot.org\\\/de\\\/anmeldung-und-registrierung\\\/#breadcrumb\",\"itemListElement\":[{\"@type\":\"ListItem\",\"position\":1,\"name\":\"Teddyslot\",\"item\":\"https:\\\/\\\/theteddyslot.org\\\/de\\\/\"},{\"@type\":\"ListItem\",\"position\":2,\"name\":\"Anmeldung und Registrierung\"}]},{\"@type\":\"WebSite\",\"@id\":\"https:\\\/\\\/theteddyslot.org\\\/de\\\/#website\",\"url\":\"https:\\\/\\\/theteddyslot.org\\\/de\\\/\",\"name\":\"Teddyslot\",\"description\":\"\",\"publisher\":{\"@id\":\"https:\\\/\\\/theteddyslot.org\\\/de\\\/#organization\"},\"potentialAction\":[{\"@type\":\"SearchAction\",\"target\":{\"@type\":\"EntryPoint\",\"urlTemplate\":\"https:\\\/\\\/theteddyslot.org\\\/de\\\/?s={search_term_string}\"},\"query-input\":{\"@type\":\"PropertyValueSpecification\",\"valueRequired\":true,\"valueName\":\"search_term_string\"}}],\"inLanguage\":\"de\"},{\"@type\":\"Organization\",\"@id\":\"https:\\\/\\\/theteddyslot.org\\\/de\\\/#organization\",\"name\":\"Teddyslot\",\"url\":\"https:\\\/\\\/theteddyslot.org\\\/de\\\/\",\"logo\":{\"@type\":\"ImageObject\",\"inLanguage\":\"de\",\"@id\":\"https:\\\/\\\/theteddyslot.org\\\/de\\\/#\\\/schema\\\/logo\\\/image\\\/\",\"url\":\"https:\\\/\\\/theteddyslot.org\\\/wp-content\\\/uploads\\\/2026\\\/04\\\/teddyslot-logo.png\",\"contentUrl\":\"https:\\\/\\\/theteddyslot.org\\\/wp-content\\\/uploads\\\/2026\\\/04\\\/teddyslot-logo.png\",\"width\":140,\"height\":32,\"caption\":\"Teddyslot\"},\"image\":{\"@id\":\"https:\\\/\\\/theteddyslot.org\\\/de\\\/#\\\/schema\\\/logo\\\/image\\\/\"}}]}<\/script>\n<!-- \/ Yoast SEO plugin. -->","yoast_head_json":{"title":"Teddyslot Login | Anmelden oder Konto erstellen","description":"Melden Sie sich bei Teddy Slot an oder registrieren Sie sich in wenigen Minuten. Guthaben, aktive Boni, Zahlungsmethoden und Spielverlauf \u2014 alles in einem sicheren Dashboard.","robots":{"index":"index","follow":"follow","max-snippet":"max-snippet:-1","max-image-preview":"max-image-preview:large","max-video-preview":"max-video-preview:-1"},"canonical":"https:\/\/theteddyslot.org\/de\/anmeldung-und-registrierung\/","og_locale":"de_DE","og_type":"article","og_title":"Teddyslot Login | Anmelden oder Konto erstellen","og_description":"Melden Sie sich bei Teddy Slot an oder registrieren Sie sich in wenigen Minuten. Guthaben, aktive Boni, Zahlungsmethoden und Spielverlauf \u2014 alles in einem sicheren Dashboard.","og_url":"https:\/\/theteddyslot.org\/de\/anmeldung-und-registrierung\/","og_site_name":"teddyslot","article_modified_time":"2026-04-13T14:08:37+00:00","twitter_card":"summary_large_image","twitter_misc":{"Gesch\u00e4tzte Lesezeit":"1\u00a0Minute"},"schema":{"@context":"https:\/\/schema.org","@graph":[{"@type":"WebPage","@id":"https:\/\/theteddyslot.org\/de\/anmeldung-und-registrierung\/","url":"https:\/\/theteddyslot.org\/de\/anmeldung-und-registrierung\/","name":"Teddyslot Login | Anmelden oder Konto erstellen","isPartOf":{"@id":"https:\/\/theteddyslot.org\/de\/#website"},"datePublished":"2026-01-20T12:11:11+00:00","dateModified":"2026-04-13T14:08:37+00:00","description":"Melden Sie sich bei Teddy Slot an oder registrieren Sie sich in wenigen Minuten. Guthaben, aktive Boni, Zahlungsmethoden und Spielverlauf \u2014 alles in einem sicheren Dashboard.","breadcrumb":{"@id":"https:\/\/theteddyslot.org\/de\/anmeldung-und-registrierung\/#breadcrumb"},"inLanguage":"de","potentialAction":[{"@type":"ReadAction","target":["https:\/\/theteddyslot.org\/de\/anmeldung-und-registrierung\/"]}]},{"@type":"BreadcrumbList","@id":"https:\/\/theteddyslot.org\/de\/anmeldung-und-registrierung\/#breadcrumb","itemListElement":[{"@type":"ListItem","position":1,"name":"Teddyslot","item":"https:\/\/theteddyslot.org\/de\/"},{"@type":"ListItem","position":2,"name":"Anmeldung und Registrierung"}]},{"@type":"WebSite","@id":"https:\/\/theteddyslot.org\/de\/#website","url":"https:\/\/theteddyslot.org\/de\/","name":"Teddyslot","description":"","publisher":{"@id":"https:\/\/theteddyslot.org\/de\/#organization"},"potentialAction":[{"@type":"SearchAction","target":{"@type":"EntryPoint","urlTemplate":"https:\/\/theteddyslot.org\/de\/?s={search_term_string}"},"query-input":{"@type":"PropertyValueSpecification","valueRequired":true,"valueName":"search_term_string"}}],"inLanguage":"de"},{"@type":"Organization","@id":"https:\/\/theteddyslot.org\/de\/#organization","name":"Teddyslot","url":"https:\/\/theteddyslot.org\/de\/","logo":{"@type":"ImageObject","inLanguage":"de","@id":"https:\/\/theteddyslot.org\/de\/#\/schema\/logo\/image\/","url":"https:\/\/theteddyslot.org\/wp-content\/uploads\/2026\/04\/teddyslot-logo.png","contentUrl":"https:\/\/theteddyslot.org\/wp-content\/uploads\/2026\/04\/teddyslot-logo.png","width":140,"height":32,"caption":"Teddyslot"},"image":{"@id":"https:\/\/theteddyslot.org\/de\/#\/schema\/logo\/image\/"}}]}},"_links":{"self":[{"href":"https:\/\/theteddyslot.org\/de\/wp-json\/wp\/v2\/pages\/1483","targetHints":{"allow":["GET"]}}],"collection":[{"href":"https:\/\/theteddyslot.org\/de\/wp-json\/wp\/v2\/pages"}],"about":[{"href":"https:\/\/theteddyslot.org\/de\/wp-json\/wp\/v2\/types\/page"}],"author":[{"embeddable":true,"href":"https:\/\/theteddyslot.org\/de\/wp-json\/wp\/v2\/users\/1"}],"replies":[{"embeddable":true,"href":"https:\/\/theteddyslot.org\/de\/wp-json\/wp\/v2\/comments?post=1483"}],"version-history":[{"count":3,"href":"https:\/\/theteddyslot.org\/de\/wp-json\/wp\/v2\/pages\/1483\/revisions"}],"predecessor-version":[{"id":2071,"href":"https:\/\/theteddyslot.org\/de\/wp-json\/wp\/v2\/pages\/1483\/revisions\/2071"}],"wp:attachment":[{"href":"https:\/\/theteddyslot.org\/de\/wp-json\/wp\/v2\/media?parent=1483"}],"curies":[{"name":"wp","href":"https:\/\/api.w.org\/{rel}","templated":true}]}}