{"id":1449,"date":"2026-01-20T12:08:23","date_gmt":"2026-01-20T12:08:23","guid":{"rendered":"https:\/\/bonuskongcasino.com\/app-2\/"},"modified":"2026-04-14T07:24:56","modified_gmt":"2026-04-14T06:24:56","slug":"aplicacion","status":"publish","type":"page","link":"https:\/\/theteddyslot.org\/es\/aplicacion\/","title":{"rendered":"Aplicaci\u00f3n"},"content":{"rendered":"<h1>Teddyslot App: aplicaci\u00f3n oficial<\/h1>\n<p>Teddyslot App ofrece a los jugadores de casino una movilidad total con herramientas verdaderamente punteras. Ha sido desarrollada con la tecnolog\u00eda m\u00e1s avanzada. La aplicaci\u00f3n proporciona una experiencia de juego fluida y fiable que funciona en cualquier dispositivo que tengas. Teddyslot Casino ya est\u00e1 disponible para los jugadores espa\u00f1oles desde cualquier lugar en el que quieran jugar.<\/p>\n<div class=\"banner-wrap\" aria-label=\"Banner\"><img src=\"https:\/\/theteddyslot.org\/wp-content\/uploads\/2026\/04\/teddyslot-bonus-desktop.webp\" class=\"w-100 d-none d-lg-block img-pc main-banner-img\" alt=\"teddyslot bonus desktop\" fetchpriority=\"high\" decoding=\"async\"><img src=\"https:\/\/theteddyslot.org\/wp-content\/uploads\/2026\/04\/teddyslot-bnr-mobile.webp\" class=\"w-100 d-none d-md-block d-lg-none main-banner-img\" alt=\"teddyslot bonus mobile\" fetchpriority=\"high\" decoding=\"async\"><img src=\"https:\/\/theteddyslot.org\/wp-content\/uploads\/2026\/04\/teddyslot-bnr-mobile.webp\" class=\"w-100 d-md-none\" alt=\"teddyslot bonus mobile\" fetchpriority=\"high\" decoding=\"async\"><div class=\"banner-description\">\n<div class=\"banner-title\">Bonos de bienvenida<\/div>\n<p class=\"banner-header-title\">1500 \u20ac<\/p>\n<div class=\"banner-header-AdditionalText\">+ 250 Tiradas gratis<\/div>\n<button data-item=\"homepage_banner_link\" class=\"goto m-button m-gradient-border m-button--primary m-button--large banner-button btn-orange\">\n            <div class=\"m-button-content\">\n                <span>Reg\u00edstrate ahora<\/span>\n                <span><\/span>\n            <\/div>\n        <\/button>\n<\/div>\n<div class=\"WelcomePack\">\n<p><img loading=\"lazy\" decoding=\"async\" class=\"alignnone size-full wp-image-1843\" src=\"https:\/\/theteddyslot.org\/wp-content\/uploads\/2026\/04\/welcome-crown.png\" alt=\"crown\" width=\"25\" height=\"26\" \/><\/p>\n<div class=\"WelcomePack-Info\">Reembolso semanal de hasta el 25 %<\/div>\n<p><img loading=\"lazy\" decoding=\"async\" class=\"alignnone size-full wp-image-1843\" src=\"https:\/\/theteddyslot.org\/wp-content\/uploads\/2026\/04\/welcome-crown.png\" alt=\"crown\" width=\"25\" height=\"26\" \/><\/p>\n<\/div>\n<\/div>\n<h2>Ventajas y caracter\u00edsticas de la aplicaci\u00f3n Teddyslot<\/h2>\n<p>Jugar en Teddy Slot Casino desde un dispositivo m\u00f3vil ofrece ventajas que el juego en ordenador no puede igualar. El dise\u00f1o de la aplicaci\u00f3n da prioridad a la capacidad de respuesta. Las p\u00e1ginas se cargan r\u00e1pidamente y los controles responden de inmediato. Puedes jugar en cualquier momento en el que tengas 10 minutos libres.<\/p>\n<p>Todos los juegos del cat\u00e1logo de Teddyslot est\u00e1n disponibles para los usuarios de dispositivos m\u00f3viles. Entre ellos se incluyen tragaperras online, mesas con crupier en vivo, juegos instant\u00e1neos y mucho m\u00e1s. Puedes navegar f\u00e1cilmente y acceder a m\u00e1s de 6.000 juegos, ofertas y herramientas para gestionar tu cuenta.<\/p>\n<table>\n<tbody>\n<tr>\n<td>Lo que est\u00e1s haciendo<\/td>\n<td>Problema en el ordenador<\/td>\n<td>Soluci\u00f3n m\u00f3vil de Teddyslot<\/td>\n<\/tr>\n<tr>\n<td>Jugar de camino al trabajo<\/td>\n<td>Tienes que buscar un ordenador, abrir un navegador y navegar.<\/td>\n<td>Solo tienes que tocar el icono, usar Face ID y estar\u00e1s jugando en 3 segundos.<\/td>\n<\/tr>\n<tr>\n<td>Comprobar el estado de las bonificaciones a mediod\u00eda<\/td>\n<td>No puedes acceder a tu ordenador de sobremesa desde cualquier lugar, por lo que no sabes cu\u00e1l es el estado hasta que llegas a casa.<\/td>\n<td>Puedes llevarte f\u00e1cilmente el tel\u00e9fono a cualquier parte, comprobar el progreso al instante y planificar una sesi\u00f3n nocturna en consecuencia.<\/td>\n<\/tr>\n<tr>\n<td>Reclamar una promoci\u00f3n con l\u00edmite de tiempo<\/td>\n<td>El bono flash se activa a las 2 de la tarde, pero no tienes ning\u00fan ordenador a mano.<\/td>\n<td>Una notificaci\u00f3n push te avisa en el tel\u00e9fono y puedes canjearla inmediatamente desde donde est\u00e9s.<\/td>\n<\/tr>\n<\/tbody>\n<\/table>\n<h3>Qu\u00e9 es la aplicaci\u00f3n Teddyslot<\/h3>\n<p>La aplicaci\u00f3n Teddyslot es una PWA. Puedes utilizar cualquier navegador m\u00f3vil, como Chrome, Firefox o Safari, para acceder a nuestra aplicaci\u00f3n web progresiva. Es r\u00e1pida, segura y no requiere descargas que ralenticen tu tel\u00e9fono.<\/p>\n<p>El software de Teddy Slot funciona en cualquier dispositivo, se carga r\u00e1pidamente y se actualiza autom\u00e1ticamente sin interrumpirte. Como es ligera, no afectar\u00e1 al almacenamiento de tu tel\u00e9fono y podr\u00e1s seguir utilizando el chat en vivo, contactar con el servicio de atenci\u00f3n al cliente y completar el proceso de verificaci\u00f3n.<\/p>\n<p>Nos hemos librado de todos los problemas de seguridad y de la necesidad de actualizar manualmente la aplicaci\u00f3n de Teddyslot.<\/p>\n<p><div class=\"scrollable-content-wrap my-5\"><div class=\"scrollable-content-inner\"><h2>Aplicaci\u00f3n de Teddy Slot para Android<\/h2>\n<p>Instalar la aplicaci\u00f3n de Teddyslot para Android es f\u00e1cil para todos los usuarios, y podr\u00e1s disfrutar de todas las mejores funciones de nuestro casino online. Sigue los pasos que se indican a continuaci\u00f3n para instalar nuestra plataforma, de modo que puedas ser m\u00e1s flexible y acceder a ella con un solo clic:<\/p>\n<ol>\n<li>En la p\u00e1gina web de Teddyslot Casino, tienes que hacer clic en el bot\u00f3n \u00abM\u00e1s\u00bb. Tiene tres puntos y se encuentra en la esquina de la barra de direcciones.<\/li>\n<li>Los usuarios deben pulsar \u00abA\u00f1adir a la pantalla de inicio\u00bb en la lista y, a continuaci\u00f3n, pulsar \u00abA\u00f1adir\u00bb para confirmar.<\/li>\n<li>Para mover el icono de la aplicaci\u00f3n, mant\u00e9nlo pulsado y arr\u00e1stralo hasta donde quieras en tu pantalla.<\/li>\n<\/ol>\n<p><img loading=\"lazy\" decoding=\"async\" class=\"alignnone size-full wp-image-1931\" src=\"https:\/\/theteddyslot.org\/wp-content\/uploads\/2026\/04\/Teddyslot-Android.webp\" alt=\"Teddyslot Android\" width=\"1248\" height=\"536\" srcset=\"https:\/\/theteddyslot.org\/wp-content\/uploads\/2026\/04\/Teddyslot-Android.webp 1248w, https:\/\/theteddyslot.org\/wp-content\/uploads\/2026\/04\/Teddyslot-Android-300x129.webp 300w, https:\/\/theteddyslot.org\/wp-content\/uploads\/2026\/04\/Teddyslot-Android-1024x440.webp 1024w, https:\/\/theteddyslot.org\/wp-content\/uploads\/2026\/04\/Teddyslot-Android-768x330.webp 768w\" sizes=\"auto, (max-width: 1248px) 100vw, 1248px\" \/><\/p>\n<\/div><\/div><div style=\"clear: both\"><\/div><div class=\"d-flex justify-content-center\"><button data-item=\"decouvrez_link\" data-group=\"website_links\" class=\"goto fw-bold rounded-pill btn btn-orange\" aria-label=\"Descarga la aplicaci\u00f3n Teddyslot\" >Descarga la aplicaci\u00f3n Teddyslot<\/button><\/div><div class=\"scrollable-content-wrap my-5\"><div class=\"scrollable-content-inner\"><h2>Aplicaci\u00f3n m\u00f3vil para iOS<\/h2>\n<p>Si tienes un iPhone o un iPad, puedes acceder r\u00e1pidamente al sitio web de Teddyslot desde cualquier navegador que desees. All\u00ed podr\u00e1s disfrutar de todos los juegos, bonificaciones, opciones de pago y la ayuda del equipo de atenci\u00f3n al cliente. Si ya has utilizado nuestra versi\u00f3n para PC, te resultar\u00e1n familiares el dise\u00f1o y la navegaci\u00f3n.<\/p>\n<p>Tambi\u00e9n ofrecemos una aplicaci\u00f3n para iOS de Teddyslot Casino. Solo se tarda unos minutos en configurarla. Te garantizamos que nuestro casino m\u00f3vil es totalmente seguro. El cifrado TLS, que es nuevo y de \u00faltima generaci\u00f3n, protege tu informaci\u00f3n personal y financiera de cualquier persona que no deba tener acceso a ella. Todos los miembros de Teddyslot Casino pueden activar la autenticaci\u00f3n de dos factores en sus dispositivos para mayor seguridad.<\/p>\n<p><img loading=\"lazy\" decoding=\"async\" class=\"alignnone size-full wp-image-1939\" src=\"https:\/\/theteddyslot.org\/wp-content\/uploads\/2026\/04\/Teddyslot-iOS.webp\" alt=\"Teddyslot iOS\" width=\"1248\" height=\"536\" srcset=\"https:\/\/theteddyslot.org\/wp-content\/uploads\/2026\/04\/Teddyslot-iOS.webp 1248w, https:\/\/theteddyslot.org\/wp-content\/uploads\/2026\/04\/Teddyslot-iOS-300x129.webp 300w, https:\/\/theteddyslot.org\/wp-content\/uploads\/2026\/04\/Teddyslot-iOS-1024x440.webp 1024w, https:\/\/theteddyslot.org\/wp-content\/uploads\/2026\/04\/Teddyslot-iOS-768x330.webp 768w\" sizes=\"auto, (max-width: 1248px) 100vw, 1248px\" \/><\/p>\n<\/div><\/div><div style=\"clear: both\"><\/div><div class=\"d-flex justify-content-center\"><button data-item=\"decouvrez_link\" data-group=\"website_links\" class=\"goto fw-bold rounded-pill btn btn-orange\" aria-label=\"Descargar Teddyslot\" >Descargar Teddyslot<\/button><\/div><div class=\"scrollable-content-wrap my-5\"><div class=\"scrollable-content-inner\"><h2>Aplicaci\u00f3n de Teddy Slot Casino para Mac o Windows<\/h2>\n<p>Todo el mundo puede seguir utilizando Teddy Slot en su ordenador de sobremesa, que es la opci\u00f3n cl\u00e1sica. Puedes utilizar nuestra p\u00e1gina web en cualquier dispositivo Mac o Windows. La interfaz se ajustar\u00e1 inmediatamente al tama\u00f1o y la resoluci\u00f3n de la pantalla. Puedes a\u00f1adir un icono de acceso directo si quieres acceder m\u00e1s r\u00e1pido y no quieres tener que buscarlo en el navegador. Cuando entres en la p\u00e1gina de Teddyslot Casino desde un PC, solo tienes que hacer clic en el bot\u00f3n \u00abA\u00f1adir a la pantalla de inicio\u00bb.<\/p>\n<p>No limitamos a nuestros clientes a un tipo concreto de dispositivo o plataforma. Por eso puedes elegir la mejor opci\u00f3n para cada caso.<\/p>\n<p><img loading=\"lazy\" decoding=\"async\" class=\"alignnone size-full wp-image-1947\" src=\"https:\/\/theteddyslot.org\/wp-content\/uploads\/2026\/04\/Teddyslot-Desktop.webp\" alt=\"Teddyslot Desktop\" width=\"1248\" height=\"536\" srcset=\"https:\/\/theteddyslot.org\/wp-content\/uploads\/2026\/04\/Teddyslot-Desktop.webp 1248w, https:\/\/theteddyslot.org\/wp-content\/uploads\/2026\/04\/Teddyslot-Desktop-300x129.webp 300w, https:\/\/theteddyslot.org\/wp-content\/uploads\/2026\/04\/Teddyslot-Desktop-1024x440.webp 1024w, https:\/\/theteddyslot.org\/wp-content\/uploads\/2026\/04\/Teddyslot-Desktop-768x330.webp 768w\" sizes=\"auto, (max-width: 1248px) 100vw, 1248px\" \/><\/p>\n<\/div><\/div><div style=\"clear: both\"><\/div><div class=\"d-flex justify-content-center\"><button data-item=\"decouvrez_link\" data-group=\"website_links\" class=\"goto fw-bold rounded-pill btn btn-orange\" aria-label=\"Descarga la aplicaci\u00f3n Teddyslot\" >Descarga la aplicaci\u00f3n Teddyslot<\/button><\/div><div class=\"scrollable-content-wrap my-5\"><div class=\"scrollable-content-inner\"><h2>Preguntas frecuentes<\/h2>\n<h3>\u00bfPuedo descargar la aplicaci\u00f3n de Teddyslot desde la App Store o Google Play?<\/h3>\n<p>No, Teddyslot Casino no se descarga desde una tienda de aplicaciones. Es una aplicaci\u00f3n web progresiva (PWA). Puedes a\u00f1adir el icono a tu pantalla de inicio accediendo a la p\u00e1gina web de Teddyslot desde tu tel\u00e9fono e instal\u00e1ndolo directamente desde all\u00ed. La instalaci\u00f3n apenas lleva un minuto. Si utilizas Safari o Chrome, ve a la p\u00e1gina y pulsa \u00abA\u00f1adir a la pantalla de inicio\u00bb. El icono de la aplicaci\u00f3n estar\u00e1 listo para usar.<\/p>\n<h3>\u00bfHay alguna categor\u00eda de juegos exclusiva para m\u00f3viles en la aplicaci\u00f3n de Teddy Slot?<\/h3>\n<p>No, la aplicaci\u00f3n m\u00f3vil y la versi\u00f3n de escritorio tienen la misma biblioteca de juegos. No hay categor\u00edas especiales para ninguna plataforma. Los m\u00e1s de 6.000 juegos que funcionan en PC tambi\u00e9n funcionan en el m\u00f3vil. Algunos juegos pueden funcionar mejor con los controles t\u00e1ctiles del m\u00f3vil, como algunos juegos instant\u00e1neos o tragaperras con reglas sencillas. Pero puedes jugar a cualquier juego en cualquier dispositivo sin ning\u00fan problema.<\/p>\n<h3>\u00bfPueden los bloqueadores de anuncios o la configuraci\u00f3n de VPN impedir la carga de los juegos en el m\u00f3vil?<\/h3>\n<p>Algunos filtros de anuncios agresivos impiden que los juegos se carguen al bloquear scripts leg\u00edtimos que consideran rastreadores de anuncios. Las VPN tambi\u00e9n pueden causar problemas si env\u00edan el tr\u00e1fico a trav\u00e9s de lugares donde Teddyslot Casino no tiene permiso para operar. El sitio proh\u00edbe el acceso desde zonas restringidas. Si los juegos no se cargan, prueba a desactivar los bloqueadores de anuncios o a desconectar tu VPN durante un rato. Cuando la configuraci\u00f3n de privacidad del navegador est\u00e1 en el nivel m\u00e1s alto, tambi\u00e9n puede impedir el uso de las cookies necesarias, lo que puede causar dificultades para iniciar sesi\u00f3n.<\/p>\n<h3>\u00bfPuedo recibir notificaciones push en mi iPhone?<\/h3>\n<p>S\u00ed, una vez que tengas la PWA de Teddy Slot en tu iPhone, recibir\u00e1s notificaciones push sobre la actividad de tu cuenta, promociones, vencimientos de bonos y actualizaciones de torneos. Puedes cambiar la configuraci\u00f3n de notificaciones en cualquier momento.<\/p>\n<\/div><\/div><\/p>\n","protected":false},"excerpt":{"rendered":"<p>Teddyslot App: aplicaci\u00f3n oficial Teddyslot App ofrece a los jugadores de casino una movilidad total con herramientas verdaderamente punteras. Ha sido desarrollada con la tecnolog\u00eda m\u00e1s avanzada. La aplicaci\u00f3n proporciona una experiencia de juego fluida y fiable que funciona en cualquier dispositivo que tengas. Teddyslot Casino ya est\u00e1 disponible para los jugadores espa\u00f1oles desde cualquier [&hellip;]<\/p>\n","protected":false},"author":1,"featured_media":0,"parent":0,"menu_order":0,"comment_status":"closed","ping_status":"closed","template":"template-builder.php","meta":{"_acf_changed":false,"inline_featured_image":false,"footnotes":""},"class_list":["post-1449","page","type-page","status-publish","hentry"],"acf":[],"yoast_head":"<!-- This site is optimized with the Yoast SEO plugin v27.3 - https:\/\/yoast.com\/product\/yoast-seo-wordpress\/ -->\n<title>Teddyslot App | Aplicaci\u00f3n de Casino M\u00f3vil<\/title>\n<meta name=\"description\" content=\"La aplicaci\u00f3n Teddy Slot funciona sin problemas en Android, iOS, Windows y macOS con cuentas sincronizadas, actualizaciones peri\u00f3dicas y soporte al cliente integrado.\" \/>\n<meta name=\"robots\" content=\"index, follow, max-snippet:-1, max-image-preview:large, max-video-preview:-1\" \/>\n<link rel=\"canonical\" href=\"https:\/\/theteddyslot.org\/es\/aplicacion\/\" \/>\n<meta property=\"og:locale\" content=\"es_ES\" \/>\n<meta property=\"og:type\" content=\"article\" \/>\n<meta property=\"og:title\" content=\"Teddyslot App | Aplicaci\u00f3n de Casino M\u00f3vil\" \/>\n<meta property=\"og:description\" content=\"La aplicaci\u00f3n Teddy Slot funciona sin problemas en Android, iOS, Windows y macOS con cuentas sincronizadas, actualizaciones peri\u00f3dicas y soporte al cliente integrado.\" \/>\n<meta property=\"og:url\" content=\"https:\/\/theteddyslot.org\/es\/aplicacion\/\" \/>\n<meta property=\"og:site_name\" content=\"teddyslot\" \/>\n<meta property=\"article:modified_time\" content=\"2026-04-14T06:24:56+00:00\" \/>\n<meta name=\"twitter:card\" content=\"summary_large_image\" \/>\n<meta name=\"twitter:label1\" content=\"Est. reading time\" \/>\n\t<meta name=\"twitter:data1\" content=\"2 minutes\" \/>\n<script type=\"application\/ld+json\" class=\"yoast-schema-graph\">{\"@context\":\"https:\\\/\\\/schema.org\",\"@graph\":[{\"@type\":\"WebPage\",\"@id\":\"https:\\\/\\\/theteddyslot.org\\\/es\\\/aplicacion\\\/\",\"url\":\"https:\\\/\\\/theteddyslot.org\\\/es\\\/aplicacion\\\/\",\"name\":\"Teddyslot App | Aplicaci\u00f3n de Casino M\u00f3vil\",\"isPartOf\":{\"@id\":\"https:\\\/\\\/theteddyslot.org\\\/es\\\/#website\"},\"datePublished\":\"2026-01-20T12:08:23+00:00\",\"dateModified\":\"2026-04-14T06:24:56+00:00\",\"description\":\"La aplicaci\u00f3n Teddy Slot funciona sin problemas en Android, iOS, Windows y macOS con cuentas sincronizadas, actualizaciones peri\u00f3dicas y soporte al cliente integrado.\",\"breadcrumb\":{\"@id\":\"https:\\\/\\\/theteddyslot.org\\\/es\\\/aplicacion\\\/#breadcrumb\"},\"inLanguage\":\"es-ES\",\"potentialAction\":[{\"@type\":\"ReadAction\",\"target\":[\"https:\\\/\\\/theteddyslot.org\\\/es\\\/aplicacion\\\/\"]}]},{\"@type\":\"BreadcrumbList\",\"@id\":\"https:\\\/\\\/theteddyslot.org\\\/es\\\/aplicacion\\\/#breadcrumb\",\"itemListElement\":[{\"@type\":\"ListItem\",\"position\":1,\"name\":\"Teddyslot\",\"item\":\"https:\\\/\\\/theteddyslot.org\\\/es\\\/\"},{\"@type\":\"ListItem\",\"position\":2,\"name\":\"Aplicaci\u00f3n\"}]},{\"@type\":\"WebSite\",\"@id\":\"https:\\\/\\\/theteddyslot.org\\\/es\\\/#website\",\"url\":\"https:\\\/\\\/theteddyslot.org\\\/es\\\/\",\"name\":\"Teddyslot\",\"description\":\"\",\"publisher\":{\"@id\":\"https:\\\/\\\/theteddyslot.org\\\/es\\\/#organization\"},\"potentialAction\":[{\"@type\":\"SearchAction\",\"target\":{\"@type\":\"EntryPoint\",\"urlTemplate\":\"https:\\\/\\\/theteddyslot.org\\\/es\\\/?s={search_term_string}\"},\"query-input\":{\"@type\":\"PropertyValueSpecification\",\"valueRequired\":true,\"valueName\":\"search_term_string\"}}],\"inLanguage\":\"es-ES\"},{\"@type\":\"Organization\",\"@id\":\"https:\\\/\\\/theteddyslot.org\\\/es\\\/#organization\",\"name\":\"Teddyslot\",\"url\":\"https:\\\/\\\/theteddyslot.org\\\/es\\\/\",\"logo\":{\"@type\":\"ImageObject\",\"inLanguage\":\"es-ES\",\"@id\":\"https:\\\/\\\/theteddyslot.org\\\/es\\\/#\\\/schema\\\/logo\\\/image\\\/\",\"url\":\"https:\\\/\\\/theteddyslot.org\\\/wp-content\\\/uploads\\\/2026\\\/04\\\/teddyslot-logo.png\",\"contentUrl\":\"https:\\\/\\\/theteddyslot.org\\\/wp-content\\\/uploads\\\/2026\\\/04\\\/teddyslot-logo.png\",\"width\":140,\"height\":32,\"caption\":\"Teddyslot\"},\"image\":{\"@id\":\"https:\\\/\\\/theteddyslot.org\\\/es\\\/#\\\/schema\\\/logo\\\/image\\\/\"}}]}<\/script>\n<!-- \/ Yoast SEO plugin. -->","yoast_head_json":{"title":"Teddyslot App | Aplicaci\u00f3n de Casino M\u00f3vil","description":"La aplicaci\u00f3n Teddy Slot funciona sin problemas en Android, iOS, Windows y macOS con cuentas sincronizadas, actualizaciones peri\u00f3dicas y soporte al cliente integrado.","robots":{"index":"index","follow":"follow","max-snippet":"max-snippet:-1","max-image-preview":"max-image-preview:large","max-video-preview":"max-video-preview:-1"},"canonical":"https:\/\/theteddyslot.org\/es\/aplicacion\/","og_locale":"es_ES","og_type":"article","og_title":"Teddyslot App | Aplicaci\u00f3n de Casino M\u00f3vil","og_description":"La aplicaci\u00f3n Teddy Slot funciona sin problemas en Android, iOS, Windows y macOS con cuentas sincronizadas, actualizaciones peri\u00f3dicas y soporte al cliente integrado.","og_url":"https:\/\/theteddyslot.org\/es\/aplicacion\/","og_site_name":"teddyslot","article_modified_time":"2026-04-14T06:24:56+00:00","twitter_card":"summary_large_image","twitter_misc":{"Est. reading time":"2 minutes"},"schema":{"@context":"https:\/\/schema.org","@graph":[{"@type":"WebPage","@id":"https:\/\/theteddyslot.org\/es\/aplicacion\/","url":"https:\/\/theteddyslot.org\/es\/aplicacion\/","name":"Teddyslot App | Aplicaci\u00f3n de Casino M\u00f3vil","isPartOf":{"@id":"https:\/\/theteddyslot.org\/es\/#website"},"datePublished":"2026-01-20T12:08:23+00:00","dateModified":"2026-04-14T06:24:56+00:00","description":"La aplicaci\u00f3n Teddy Slot funciona sin problemas en Android, iOS, Windows y macOS con cuentas sincronizadas, actualizaciones peri\u00f3dicas y soporte al cliente integrado.","breadcrumb":{"@id":"https:\/\/theteddyslot.org\/es\/aplicacion\/#breadcrumb"},"inLanguage":"es-ES","potentialAction":[{"@type":"ReadAction","target":["https:\/\/theteddyslot.org\/es\/aplicacion\/"]}]},{"@type":"BreadcrumbList","@id":"https:\/\/theteddyslot.org\/es\/aplicacion\/#breadcrumb","itemListElement":[{"@type":"ListItem","position":1,"name":"Teddyslot","item":"https:\/\/theteddyslot.org\/es\/"},{"@type":"ListItem","position":2,"name":"Aplicaci\u00f3n"}]},{"@type":"WebSite","@id":"https:\/\/theteddyslot.org\/es\/#website","url":"https:\/\/theteddyslot.org\/es\/","name":"Teddyslot","description":"","publisher":{"@id":"https:\/\/theteddyslot.org\/es\/#organization"},"potentialAction":[{"@type":"SearchAction","target":{"@type":"EntryPoint","urlTemplate":"https:\/\/theteddyslot.org\/es\/?s={search_term_string}"},"query-input":{"@type":"PropertyValueSpecification","valueRequired":true,"valueName":"search_term_string"}}],"inLanguage":"es-ES"},{"@type":"Organization","@id":"https:\/\/theteddyslot.org\/es\/#organization","name":"Teddyslot","url":"https:\/\/theteddyslot.org\/es\/","logo":{"@type":"ImageObject","inLanguage":"es-ES","@id":"https:\/\/theteddyslot.org\/es\/#\/schema\/logo\/image\/","url":"https:\/\/theteddyslot.org\/wp-content\/uploads\/2026\/04\/teddyslot-logo.png","contentUrl":"https:\/\/theteddyslot.org\/wp-content\/uploads\/2026\/04\/teddyslot-logo.png","width":140,"height":32,"caption":"Teddyslot"},"image":{"@id":"https:\/\/theteddyslot.org\/es\/#\/schema\/logo\/image\/"}}]}},"_links":{"self":[{"href":"https:\/\/theteddyslot.org\/es\/wp-json\/wp\/v2\/pages\/1449","targetHints":{"allow":["GET"]}}],"collection":[{"href":"https:\/\/theteddyslot.org\/es\/wp-json\/wp\/v2\/pages"}],"about":[{"href":"https:\/\/theteddyslot.org\/es\/wp-json\/wp\/v2\/types\/page"}],"author":[{"embeddable":true,"href":"https:\/\/theteddyslot.org\/es\/wp-json\/wp\/v2\/users\/1"}],"replies":[{"embeddable":true,"href":"https:\/\/theteddyslot.org\/es\/wp-json\/wp\/v2\/comments?post=1449"}],"version-history":[{"count":4,"href":"https:\/\/theteddyslot.org\/es\/wp-json\/wp\/v2\/pages\/1449\/revisions"}],"predecessor-version":[{"id":2113,"href":"https:\/\/theteddyslot.org\/es\/wp-json\/wp\/v2\/pages\/1449\/revisions\/2113"}],"wp:attachment":[{"href":"https:\/\/theteddyslot.org\/es\/wp-json\/wp\/v2\/media?parent=1449"}],"curies":[{"name":"wp","href":"https:\/\/api.w.org\/{rel}","templated":true}]}}