{"id":1487,"date":"2026-01-20T12:11:11","date_gmt":"2026-01-20T12:11:11","guid":{"rendered":"https:\/\/bonuskongcasino.com\/login-and-registration\/"},"modified":"2026-04-14T07:33:53","modified_gmt":"2026-04-14T06:33:53","slug":"inicio-de-sesion-y-registro","status":"publish","type":"page","link":"https:\/\/theteddyslot.org\/es\/inicio-de-sesion-y-registro\/","title":{"rendered":"Inicio de sesi\u00f3n y Registro"},"content":{"rendered":"<h1>Inicio de sesi\u00f3n y registro de cuenta en Teddyslot<\/h1>\n<p>Todos los jugadores espa\u00f1oles pueden disfrutar de una amplia selecci\u00f3n de juegos, bonos exclusivos y funciones personalizadas en el casino tras el Teddyslot login. Nuestra plataforma es un lugar ideal para encontrar herramientas seguras, f\u00e1ciles de usar y actualizadas para jugar online.<\/p>\n<p>Todos los usuarios mayores de 18 a\u00f1os pueden completar el r\u00e1pido proceso de inicio de sesi\u00f3n. Se te aplicar\u00e1 autom\u00e1ticamente el paquete de bienvenida si abres una cuenta y realizas tu primer dep\u00f3sito.<\/p>\n<p><div class=\"banner-wrap\" aria-label=\"Banner\"><img src=\"https:\/\/theteddyslot.org\/wp-content\/uploads\/2026\/04\/teddyslot-bonus-desktop.webp\" class=\"w-100 d-none d-lg-block img-pc main-banner-img\" alt=\"teddyslot bonus desktop\" fetchpriority=\"high\" decoding=\"async\"><img src=\"https:\/\/theteddyslot.org\/wp-content\/uploads\/2026\/04\/teddyslot-bnr-mobile.webp\" class=\"w-100 d-none d-md-block d-lg-none main-banner-img\" alt=\"teddyslot bonus mobile\" fetchpriority=\"high\" decoding=\"async\"><img src=\"https:\/\/theteddyslot.org\/wp-content\/uploads\/2026\/04\/teddyslot-bnr-mobile.webp\" class=\"w-100 d-md-none\" alt=\"teddyslot bonus mobile\" fetchpriority=\"high\" decoding=\"async\"><div class=\"banner-description\">\n<div class=\"banner-title\">Bonos de bienvenida<\/div>\n<p class=\"banner-header-title\">1500 \u20ac<\/p>\n<div class=\"banner-header-AdditionalText\">+ 250 Tiradas gratis<\/div>\n<button data-item=\"homepage_banner_link\" class=\"goto m-button m-gradient-border m-button--primary m-button--large banner-button btn-orange\">\n            <div class=\"m-button-content\">\n                <span>Reg\u00edstrate ahora<\/span>\n                <span><\/span>\n            <\/div>\n        <\/button>\n<\/div>\n<div class=\"WelcomePack\">\n<p><img loading=\"lazy\" decoding=\"async\" class=\"alignnone size-full wp-image-1843\" src=\"https:\/\/theteddyslot.org\/wp-content\/uploads\/2026\/04\/welcome-crown.png\" alt=\"crown\" width=\"25\" height=\"26\" \/><\/p>\n<div class=\"WelcomePack-Info\">Reembolso semanal de hasta el 25 %<\/div>\n<p><img loading=\"lazy\" decoding=\"async\" class=\"alignnone size-full wp-image-1843\" src=\"https:\/\/theteddyslot.org\/wp-content\/uploads\/2026\/04\/welcome-crown.png\" alt=\"crown\" width=\"25\" height=\"26\" \/><\/p>\n<\/div>\n<\/div><div class=\"scrollable-content-wrap my-5\"><div class=\"scrollable-content-inner\"><h2>Registro en Teddyslot Casino<\/h2>\n<p>Registrarse en el casino Teddyslot solo lleva unos minutos. Cada jugador solo puede tener una cuenta en nuestra p\u00e1gina web. Aunque a\u00fan no est\u00e9s seguro, nuestro objetivo es convencerte de que compartir tu informaci\u00f3n personal con nosotros es seguro. Supervisamos cada inicio de sesi\u00f3n en Teddyslot para prevenir el fraude.<\/p>\n<table>\n<tbody>\n<tr>\n<td>Pasos para registrarse<\/td>\n<td>Proceso<\/td>\n<\/tr>\n<tr>\n<td>1<\/td>\n<td>Los usuarios deben hacer clic en el bot\u00f3n situado en la esquina superior derecha de la p\u00e1gina principal para acceder al formulario de registro.<\/td>\n<\/tr>\n<tr>\n<td>2<\/td>\n<td>Al rellenar el formulario, debe proporcionar una direcci\u00f3n de correo electr\u00f3nico v\u00e1lida y una contrase\u00f1a segura.<\/td>\n<\/tr>\n<tr>\n<td>3<\/td>\n<td>Todos los nuevos jugadores deben marcar las casillas para confirmar que tienen la edad m\u00ednima requerida y que aceptan las normas de Teddyslot.<\/td>\n<\/tr>\n<tr>\n<td>4<\/td>\n<td>Debes hacer clic en el bot\u00f3n al final del formulario para finalizar el registro despu\u00e9s de comprobarlo todo de nuevo.<\/td>\n<\/tr>\n<\/tbody>\n<\/table>\n<p><img loading=\"lazy\" decoding=\"async\" class=\"alignnone size-full wp-image-1955\" src=\"https:\/\/theteddyslot.org\/wp-content\/uploads\/2026\/04\/Teddyslot-Login.webp\" alt=\"Teddyslot Login\" width=\"1248\" height=\"536\" srcset=\"https:\/\/theteddyslot.org\/wp-content\/uploads\/2026\/04\/Teddyslot-Login.webp 1248w, https:\/\/theteddyslot.org\/wp-content\/uploads\/2026\/04\/Teddyslot-Login-300x129.webp 300w, https:\/\/theteddyslot.org\/wp-content\/uploads\/2026\/04\/Teddyslot-Login-1024x440.webp 1024w, https:\/\/theteddyslot.org\/wp-content\/uploads\/2026\/04\/Teddyslot-Login-768x330.webp 768w\" sizes=\"auto, (max-width: 1248px) 100vw, 1248px\" \/><\/p>\n<h2>Inicia sesi\u00f3n y gestiona tu cuenta de Teddyslot<\/h2>\n<p>Una vez que hayas iniciado sesi\u00f3n, podr\u00e1s hacer todo lo que quieras en la p\u00e1gina web de Teddyslot Casino. Podr\u00e1s jugar a cualquier juego de la biblioteca sin restricciones, ingresar dinero cuando tu saldo se est\u00e9 agotando, retirar las ganancias de tus sesiones exitosas y ajustar la configuraci\u00f3n de tu cuenta para controlarlo todo.<\/p>\n<p>Hay un modo de demostraci\u00f3n, pero las cosas se ponen mucho m\u00e1s emocionantes una vez que inicias sesi\u00f3n, porque jugar por ganancias reales es muy motivador.<\/p>\n<h3>C\u00f3mo iniciar sesi\u00f3n en tu cuenta<\/h3>\n<p>Puedes estar seguro de que el inicio de sesi\u00f3n en Teddyslot es r\u00e1pido y seguro. Solo tienes que ir a la p\u00e1gina de inicio y buscar la secci\u00f3n donde puedes iniciar sesi\u00f3n. Puedes acceder r\u00e1pidamente al panel de control de tu cuenta introduciendo tu direcci\u00f3n de correo electr\u00f3nico y contrase\u00f1a.<\/p>\n<p>Tambi\u00e9n te ofrecemos la posibilidad de iniciar sesi\u00f3n con otras opciones, como Google, para facilitarte las cosas. De esta manera, los clientes pueden unirse a Teddyslot Casino de inmediato sin tener que recordar muchas contrase\u00f1as. Es m\u00e1s f\u00e1cil, pero la seguridad sigue siendo excelente.<\/p>\n<h3>\u00bfHas olvidado tu contrase\u00f1a?<\/h3>\n<p>En caso de que olvides tu contrase\u00f1a, Teddy Slot te ofrece una forma sencilla de recuperarla.<\/p>\n<ol>\n<li>Selecciona la opci\u00f3n \u00ab\u00bfHas olvidado tu contrase\u00f1a?\u00bb en la p\u00e1gina de inicio de sesi\u00f3n de Teddyslot. A continuaci\u00f3n, se te pedir\u00e1 que introduzcas tu direcci\u00f3n de correo electr\u00f3nico registrada.<\/li>\n<li>Recibir\u00e1s un correo electr\u00f3nico con instrucciones sobre c\u00f3mo volver a acceder si pierdes tu direcci\u00f3n de correo electr\u00f3nico o contrase\u00f1a de Teddyslot Casino. Eso no puede suceder si no recibes un correo electr\u00f3nico nuestro. Puede que est\u00e9 en tu carpeta de spam.<\/li>\n<li>Lee el correo electr\u00f3nico y haz clic en el enlace para crear una nueva contrase\u00f1a para tu cuenta. As\u00ed estar\u00e1 segura y ser\u00e1 f\u00e1cil de usar.<\/li>\n<\/ol>\n<h2>Proceso de verificaci\u00f3n de Teddy Slot Casino<\/h2>\n<p>En Teddyslot, existe un requisito riguroso de que se verifique a todos los jugadores que se registran. Por eso es fundamental conocer a tu cliente (KYC).<\/p>\n<p>La verificaci\u00f3n de los documentos no lleva mucho tiempo; se puede realizar en uno o dos d\u00edas, o incluso antes. Depende de cada persona. Si te preocupa algo, puedes escribir a nuestro servicio de atenci\u00f3n al cliente multiling\u00fce. Los documentos que necesita Teddyslot Casino son:<\/p>\n<ul>\n<li>Una copia de tu pasaporte que incluya toda la informaci\u00f3n esencial sobre ti.<\/li>\n<li>Facturas de servicios p\u00fablicos que demuestren d\u00f3nde vives y la prueba de tu m\u00e9todo de pago.<\/li>\n<\/ul>\n<h2>Problemas comunes y soluciones r\u00e1pidas<\/h2>\n<p>Es posible que en ocasiones tengamos que bloquear o suspender tu cuenta. Pero no te preocupes; siempre hay una soluci\u00f3n. La tabla siguiente contiene m\u00e1s informaci\u00f3n sobre qu\u00e9 hacer cuando surgen problemas en Teddy Slot.<\/p>\n<table>\n<tbody>\n<tr>\n<td>Desencadenante<\/td>\n<td>Qu\u00e9 ocurre<\/td>\n<td>Qu\u00e9 tienes que hacer<\/td>\n<\/tr>\n<tr>\n<td>Largos periodos de inactividad<\/td>\n<td>Tu cuenta se cerrar\u00e1 autom\u00e1ticamente<\/td>\n<td>Solo tienes que volver a iniciar sesi\u00f3n para seguir jugando<\/td>\n<\/tr>\n<tr>\n<td>M\u00e1s de un inicio de sesi\u00f3n en Teddyslot al mismo tiempo<\/td>\n<td>Se cerrar\u00e1 una de las sesiones<\/td>\n<td>Inicia sesi\u00f3n desde un solo dispositivo a la vez<\/td>\n<\/tr>\n<tr>\n<td>Apuestas r\u00e1pidas o comportamiento extra\u00f1o<\/td>\n<td>Tu cuenta se bloquear\u00e1 durante un breve periodo de tiempo<\/td>\n<td>Los usuarios deben ponerse en contacto con el equipo de atenci\u00f3n al cliente a trav\u00e9s del chat en vivo si creen que se trata de un error<\/td>\n<\/tr>\n<tr>\n<td>Cambio de contrase\u00f1a<\/td>\n<td>Se cierran todas las sesiones activas<\/td>\n<td>Vuelve a iniciar sesi\u00f3n con tu nueva contrase\u00f1a<\/td>\n<\/tr>\n<\/tbody>\n<\/table>\n<h2>Preguntas frecuentes<\/h2>\n<h3>\u00bfPuedo registrarme desde mi tel\u00e9fono o necesito un ordenador?<\/h3>\n<p>El proceso de registro en TeddySlot es el mismo tanto en tel\u00e9fonos como en ordenadores de sobremesa. La interfaz m\u00f3vil funciona en pantallas m\u00e1s peque\u00f1as sin saltarse pasos ni obligarte a cambiar a un PC en mitad del procedimiento. La mayor\u00eda de los jugadores se registran en menos de cinco minutos directamente desde sus tel\u00e9fonos.<\/p>\n<h3>\u00bfC\u00f3mo puedo crear una contrase\u00f1a segura para mi cuenta de Teddyslot?<\/h3>\n<p>Crea una contrase\u00f1a de al menos 10-12 caracteres que incluya una combinaci\u00f3n de letras may\u00fasculas y min\u00fasculas, n\u00fameros y s\u00edmbolos. Evita patrones obvios o informaci\u00f3n personal que pueda encontrarse en tus redes sociales.<\/p>\n<h3>\u00bfEs seguro guardar mi contrase\u00f1a de Teddy Slot en el navegador?<\/h3>\n<p>Los gestores de contrase\u00f1as para Chrome, Firefox y Safari cifran tus contrase\u00f1as guardadas y las mantienen sincronizadas en todos tus dispositivos. El riesgo es mayor cuando utilizas un ordenador que tambi\u00e9n pueden usar otras personas, ya que podr\u00edan ver tus credenciales guardadas. El almacenamiento del navegador es bastante seguro si eres el \u00fanico que utiliza tu dispositivo y este tiene un c\u00f3digo de desbloqueo seguro.<\/p>\n<\/div><\/div><\/p>\n","protected":false},"excerpt":{"rendered":"<p>Inicio de sesi\u00f3n y registro de cuenta en Teddyslot Todos los jugadores espa\u00f1oles pueden disfrutar de una amplia selecci\u00f3n de juegos, bonos exclusivos y funciones personalizadas en el casino tras el Teddyslot login. Nuestra plataforma es un lugar ideal para encontrar herramientas seguras, f\u00e1ciles de usar y actualizadas para jugar online. Todos los usuarios mayores [&hellip;]<\/p>\n","protected":false},"author":1,"featured_media":0,"parent":0,"menu_order":0,"comment_status":"closed","ping_status":"closed","template":"template-builder.php","meta":{"_acf_changed":false,"inline_featured_image":false,"footnotes":""},"class_list":["post-1487","page","type-page","status-publish","hentry"],"acf":[],"yoast_head":"<!-- This site is optimized with the Yoast SEO plugin v27.3 - https:\/\/yoast.com\/product\/yoast-seo-wordpress\/ -->\n<title>Teddyslot Login | Iniciar Sesi\u00f3n o Crear Cuenta<\/title>\n<meta name=\"description\" content=\"Inicia sesi\u00f3n en Teddy Slot o reg\u00edstrate en minutos. Accede a tu saldo, bonos activos, m\u00e9todos de pago e historial de juego desde un panel personal seguro.\" \/>\n<meta name=\"robots\" content=\"index, follow, max-snippet:-1, max-image-preview:large, max-video-preview:-1\" \/>\n<link rel=\"canonical\" href=\"https:\/\/theteddyslot.org\/es\/inicio-de-sesion-y-registro\/\" \/>\n<meta property=\"og:locale\" content=\"es_ES\" \/>\n<meta property=\"og:type\" content=\"article\" \/>\n<meta property=\"og:title\" content=\"Teddyslot Login | Iniciar Sesi\u00f3n o Crear Cuenta\" \/>\n<meta property=\"og:description\" content=\"Inicia sesi\u00f3n en Teddy Slot o reg\u00edstrate en minutos. Accede a tu saldo, bonos activos, m\u00e9todos de pago e historial de juego desde un panel personal seguro.\" \/>\n<meta property=\"og:url\" content=\"https:\/\/theteddyslot.org\/es\/inicio-de-sesion-y-registro\/\" \/>\n<meta property=\"og:site_name\" content=\"teddyslot\" \/>\n<meta property=\"article:modified_time\" content=\"2026-04-14T06:33:53+00:00\" \/>\n<meta name=\"twitter:card\" content=\"summary_large_image\" \/>\n<meta name=\"twitter:label1\" content=\"Est. reading time\" \/>\n\t<meta name=\"twitter:data1\" content=\"1 minute\" \/>\n<script type=\"application\/ld+json\" class=\"yoast-schema-graph\">{\"@context\":\"https:\\\/\\\/schema.org\",\"@graph\":[{\"@type\":\"WebPage\",\"@id\":\"https:\\\/\\\/theteddyslot.org\\\/es\\\/inicio-de-sesion-y-registro\\\/\",\"url\":\"https:\\\/\\\/theteddyslot.org\\\/es\\\/inicio-de-sesion-y-registro\\\/\",\"name\":\"Teddyslot Login | Iniciar Sesi\u00f3n o Crear Cuenta\",\"isPartOf\":{\"@id\":\"https:\\\/\\\/theteddyslot.org\\\/es\\\/#website\"},\"datePublished\":\"2026-01-20T12:11:11+00:00\",\"dateModified\":\"2026-04-14T06:33:53+00:00\",\"description\":\"Inicia sesi\u00f3n en Teddy Slot o reg\u00edstrate en minutos. Accede a tu saldo, bonos activos, m\u00e9todos de pago e historial de juego desde un panel personal seguro.\",\"breadcrumb\":{\"@id\":\"https:\\\/\\\/theteddyslot.org\\\/es\\\/inicio-de-sesion-y-registro\\\/#breadcrumb\"},\"inLanguage\":\"es-ES\",\"potentialAction\":[{\"@type\":\"ReadAction\",\"target\":[\"https:\\\/\\\/theteddyslot.org\\\/es\\\/inicio-de-sesion-y-registro\\\/\"]}]},{\"@type\":\"BreadcrumbList\",\"@id\":\"https:\\\/\\\/theteddyslot.org\\\/es\\\/inicio-de-sesion-y-registro\\\/#breadcrumb\",\"itemListElement\":[{\"@type\":\"ListItem\",\"position\":1,\"name\":\"Teddyslot\",\"item\":\"https:\\\/\\\/theteddyslot.org\\\/es\\\/\"},{\"@type\":\"ListItem\",\"position\":2,\"name\":\"Inicio de sesi\u00f3n y Registro\"}]},{\"@type\":\"WebSite\",\"@id\":\"https:\\\/\\\/theteddyslot.org\\\/es\\\/#website\",\"url\":\"https:\\\/\\\/theteddyslot.org\\\/es\\\/\",\"name\":\"Teddyslot\",\"description\":\"\",\"publisher\":{\"@id\":\"https:\\\/\\\/theteddyslot.org\\\/es\\\/#organization\"},\"potentialAction\":[{\"@type\":\"SearchAction\",\"target\":{\"@type\":\"EntryPoint\",\"urlTemplate\":\"https:\\\/\\\/theteddyslot.org\\\/es\\\/?s={search_term_string}\"},\"query-input\":{\"@type\":\"PropertyValueSpecification\",\"valueRequired\":true,\"valueName\":\"search_term_string\"}}],\"inLanguage\":\"es-ES\"},{\"@type\":\"Organization\",\"@id\":\"https:\\\/\\\/theteddyslot.org\\\/es\\\/#organization\",\"name\":\"Teddyslot\",\"url\":\"https:\\\/\\\/theteddyslot.org\\\/es\\\/\",\"logo\":{\"@type\":\"ImageObject\",\"inLanguage\":\"es-ES\",\"@id\":\"https:\\\/\\\/theteddyslot.org\\\/es\\\/#\\\/schema\\\/logo\\\/image\\\/\",\"url\":\"https:\\\/\\\/theteddyslot.org\\\/wp-content\\\/uploads\\\/2026\\\/04\\\/teddyslot-logo.png\",\"contentUrl\":\"https:\\\/\\\/theteddyslot.org\\\/wp-content\\\/uploads\\\/2026\\\/04\\\/teddyslot-logo.png\",\"width\":140,\"height\":32,\"caption\":\"Teddyslot\"},\"image\":{\"@id\":\"https:\\\/\\\/theteddyslot.org\\\/es\\\/#\\\/schema\\\/logo\\\/image\\\/\"}}]}<\/script>\n<!-- \/ Yoast SEO plugin. -->","yoast_head_json":{"title":"Teddyslot Login | Iniciar Sesi\u00f3n o Crear Cuenta","description":"Inicia sesi\u00f3n en Teddy Slot o reg\u00edstrate en minutos. Accede a tu saldo, bonos activos, m\u00e9todos de pago e historial de juego desde un panel personal seguro.","robots":{"index":"index","follow":"follow","max-snippet":"max-snippet:-1","max-image-preview":"max-image-preview:large","max-video-preview":"max-video-preview:-1"},"canonical":"https:\/\/theteddyslot.org\/es\/inicio-de-sesion-y-registro\/","og_locale":"es_ES","og_type":"article","og_title":"Teddyslot Login | Iniciar Sesi\u00f3n o Crear Cuenta","og_description":"Inicia sesi\u00f3n en Teddy Slot o reg\u00edstrate en minutos. Accede a tu saldo, bonos activos, m\u00e9todos de pago e historial de juego desde un panel personal seguro.","og_url":"https:\/\/theteddyslot.org\/es\/inicio-de-sesion-y-registro\/","og_site_name":"teddyslot","article_modified_time":"2026-04-14T06:33:53+00:00","twitter_card":"summary_large_image","twitter_misc":{"Est. reading time":"1 minute"},"schema":{"@context":"https:\/\/schema.org","@graph":[{"@type":"WebPage","@id":"https:\/\/theteddyslot.org\/es\/inicio-de-sesion-y-registro\/","url":"https:\/\/theteddyslot.org\/es\/inicio-de-sesion-y-registro\/","name":"Teddyslot Login | Iniciar Sesi\u00f3n o Crear Cuenta","isPartOf":{"@id":"https:\/\/theteddyslot.org\/es\/#website"},"datePublished":"2026-01-20T12:11:11+00:00","dateModified":"2026-04-14T06:33:53+00:00","description":"Inicia sesi\u00f3n en Teddy Slot o reg\u00edstrate en minutos. Accede a tu saldo, bonos activos, m\u00e9todos de pago e historial de juego desde un panel personal seguro.","breadcrumb":{"@id":"https:\/\/theteddyslot.org\/es\/inicio-de-sesion-y-registro\/#breadcrumb"},"inLanguage":"es-ES","potentialAction":[{"@type":"ReadAction","target":["https:\/\/theteddyslot.org\/es\/inicio-de-sesion-y-registro\/"]}]},{"@type":"BreadcrumbList","@id":"https:\/\/theteddyslot.org\/es\/inicio-de-sesion-y-registro\/#breadcrumb","itemListElement":[{"@type":"ListItem","position":1,"name":"Teddyslot","item":"https:\/\/theteddyslot.org\/es\/"},{"@type":"ListItem","position":2,"name":"Inicio de sesi\u00f3n y Registro"}]},{"@type":"WebSite","@id":"https:\/\/theteddyslot.org\/es\/#website","url":"https:\/\/theteddyslot.org\/es\/","name":"Teddyslot","description":"","publisher":{"@id":"https:\/\/theteddyslot.org\/es\/#organization"},"potentialAction":[{"@type":"SearchAction","target":{"@type":"EntryPoint","urlTemplate":"https:\/\/theteddyslot.org\/es\/?s={search_term_string}"},"query-input":{"@type":"PropertyValueSpecification","valueRequired":true,"valueName":"search_term_string"}}],"inLanguage":"es-ES"},{"@type":"Organization","@id":"https:\/\/theteddyslot.org\/es\/#organization","name":"Teddyslot","url":"https:\/\/theteddyslot.org\/es\/","logo":{"@type":"ImageObject","inLanguage":"es-ES","@id":"https:\/\/theteddyslot.org\/es\/#\/schema\/logo\/image\/","url":"https:\/\/theteddyslot.org\/wp-content\/uploads\/2026\/04\/teddyslot-logo.png","contentUrl":"https:\/\/theteddyslot.org\/wp-content\/uploads\/2026\/04\/teddyslot-logo.png","width":140,"height":32,"caption":"Teddyslot"},"image":{"@id":"https:\/\/theteddyslot.org\/es\/#\/schema\/logo\/image\/"}}]}},"_links":{"self":[{"href":"https:\/\/theteddyslot.org\/es\/wp-json\/wp\/v2\/pages\/1487","targetHints":{"allow":["GET"]}}],"collection":[{"href":"https:\/\/theteddyslot.org\/es\/wp-json\/wp\/v2\/pages"}],"about":[{"href":"https:\/\/theteddyslot.org\/es\/wp-json\/wp\/v2\/types\/page"}],"author":[{"embeddable":true,"href":"https:\/\/theteddyslot.org\/es\/wp-json\/wp\/v2\/users\/1"}],"replies":[{"embeddable":true,"href":"https:\/\/theteddyslot.org\/es\/wp-json\/wp\/v2\/comments?post=1487"}],"version-history":[{"count":3,"href":"https:\/\/theteddyslot.org\/es\/wp-json\/wp\/v2\/pages\/1487\/revisions"}],"predecessor-version":[{"id":2115,"href":"https:\/\/theteddyslot.org\/es\/wp-json\/wp\/v2\/pages\/1487\/revisions\/2115"}],"wp:attachment":[{"href":"https:\/\/theteddyslot.org\/es\/wp-json\/wp\/v2\/media?parent=1487"}],"curies":[{"name":"wp","href":"https:\/\/api.w.org\/{rel}","templated":true}]}}