{"id":1440,"date":"2026-01-20T12:08:23","date_gmt":"2026-01-20T12:08:23","guid":{"rendered":"https:\/\/bonuskongcasino.com\/app\/"},"modified":"2026-04-13T14:42:09","modified_gmt":"2026-04-13T13:42:09","slug":"app","status":"publish","type":"page","link":"https:\/\/theteddyslot.org\/fr\/app\/","title":{"rendered":"App"},"content":{"rendered":"<h1>Teddyslot App : application officielle<\/h1>\n<p>Teddyslot App offre aux joueurs de casino une mobilit\u00e9 totale gr\u00e2ce \u00e0 des outils v\u00e9ritablement \u00e0 la pointe de la technologie. Elle a \u00e9t\u00e9 con\u00e7ue avec les technologies les plus r\u00e9centes. L&rsquo;application offre une exp\u00e9rience de jeu fluide et fiable qui fonctionne sur tous vos appareils. Le casino Teddyslot est d\u00e9sormais accessible o\u00f9 que vous soyez.<\/p>\n<div class=\"banner-wrap\" aria-label=\"Banner\"><img src=\"https:\/\/theteddyslot.org\/wp-content\/uploads\/2026\/04\/teddyslot-bonus-desktop.webp\" class=\"w-100 d-none d-lg-block img-pc main-banner-img\" alt=\"teddyslot bonus desktop\" fetchpriority=\"high\" decoding=\"async\"><img src=\"https:\/\/theteddyslot.org\/wp-content\/uploads\/2026\/04\/teddyslot-bnr-mobile.webp\" class=\"w-100 d-none d-md-block d-lg-none main-banner-img\" alt=\"teddyslot bonus mobile\" fetchpriority=\"high\" decoding=\"async\"><img src=\"https:\/\/theteddyslot.org\/wp-content\/uploads\/2026\/04\/teddyslot-bnr-mobile.webp\" class=\"w-100 d-md-none\" alt=\"teddyslot bonus mobile\" fetchpriority=\"high\" decoding=\"async\"><div class=\"banner-description\">\n<div class=\"banner-title\">Bonus de bienvenue<\/div>\n<p class=\"banner-header-title\">1500 \u20ac<\/p>\n<div class=\"banner-header-AdditionalText\">+ 250 Tours gratuits<\/div>\n<button data-item=\"homepage_banner_link\" class=\"goto m-button m-gradient-border m-button--primary m-button--large banner-button btn-orange\">\n            <div class=\"m-button-content\">\n                <span>Inscrivez-vous d\u00e8s maintenant<\/span>\n                <span><\/span>\n            <\/div>\n        <\/button>\n<\/div>\n<div class=\"WelcomePack\">\n<p><img loading=\"lazy\" decoding=\"async\" class=\"alignnone size-full wp-image-1838\" src=\"https:\/\/theteddyslot.org\/wp-content\/uploads\/2026\/04\/welcome-crown.png\" alt=\"crown\" width=\"25\" height=\"26\" \/><\/p>\n<div class=\"WelcomePack-Info\">Cashback hebdomadaire jusqu&rsquo;\u00e0 25 %<\/div>\n<p><img loading=\"lazy\" decoding=\"async\" class=\"alignnone size-full wp-image-1838\" src=\"https:\/\/theteddyslot.org\/wp-content\/uploads\/2026\/04\/welcome-crown.png\" alt=\"crown\" width=\"25\" height=\"26\" \/><\/p>\n<\/div>\n<\/div>\n<h2>Avantages et fonctionnalit\u00e9s de l&rsquo;application Teddyslot<\/h2>\n<p>Jouer au casino Teddyslot sur un appareil mobile offre des avantages que le jeu sur ordinateur ne peut \u00e9galer. La conception de l&rsquo;application place la r\u00e9activit\u00e9 au premier plan. Les pages se chargent rapidement et les commandes r\u00e9agissent instantan\u00e9ment. Vous pouvez jouer \u00e0 tout moment d\u00e8s que vous disposez de 10 minutes.<\/p>\n<p>Tous les jeux du catalogue Teddyslot sont accessibles aux utilisateurs mobiles. Cela inclut les machines \u00e0 sous en ligne, les tables avec croupiers en direct, les jeux instantan\u00e9s et bien plus encore. Vous pouvez facilement naviguer et acc\u00e9der \u00e0 plus de 6 000 jeux, offres et outils pour g\u00e9rer votre compte.<\/p>\n<table>\n<tbody>\n<tr>\n<td>Ce que vous faites<\/td>\n<td>Probl\u00e8me sur ordinateur<\/td>\n<td>Solution Teddyslot Mobile<\/td>\n<\/tr>\n<tr>\n<td>Jouer sur le chemin du travail<\/td>\n<td>Vous devez trouver un ordinateur, ouvrir un navigateur et naviguer.<\/td>\n<td>Il vous suffit de toucher l&rsquo;ic\u00f4ne, d&rsquo;utiliser Face ID, et vous jouez en 3 secondes.<\/td>\n<\/tr>\n<tr>\n<td>V\u00e9rifier l&rsquo;\u00e9tat des bonus en milieu de journ\u00e9e<\/td>\n<td>Vous ne pouvez pas acc\u00e9der \u00e0 votre ordinateur de bureau o\u00f9 que vous soyez, donc vous ne connaissez pas le statut avant d&rsquo;\u00eatre rentr\u00e9 chez vous.<\/td>\n<td>Vous pouvez facilement emporter votre t\u00e9l\u00e9phone partout, v\u00e9rifier votre progression instantan\u00e9ment et planifier une session en soir\u00e9e en cons\u00e9quence.<\/td>\n<\/tr>\n<tr>\n<td>Profiter d&rsquo;une promotion \u00e0 dur\u00e9e limit\u00e9e<\/td>\n<td>Un bonus flash est disponible \u00e0 14 h \u2013 vous n\u2019\u00eates pas pr\u00e8s d\u2019un ordinateur.<\/td>\n<td>Une notification push vous alerte sur votre t\u00e9l\u00e9phone, vous pouvez en profiter imm\u00e9diatement o\u00f9 que vous soyez.<\/td>\n<\/tr>\n<\/tbody>\n<\/table>\n<h3>Qu&rsquo;est-ce que l&rsquo;application Teddyslot ?<\/h3>\n<p>L&rsquo;application Teddyslot est une PWA. Vous pouvez utiliser n&rsquo;importe quel navigateur mobile, tel que Chrome, Firefox ou Safari, pour acc\u00e9der \u00e0 notre application web progressive. Elle est rapide, s\u00fbre et ne n\u00e9cessite aucun t\u00e9l\u00e9chargement susceptible de ralentir votre t\u00e9l\u00e9phone.<\/p>\n<p>Le logiciel Teddy Slot fonctionne sur n&rsquo;importe quel appareil, se charge rapidement et se met \u00e0 jour automatiquement sans vous interrompre. Comme il est l\u00e9ger, il n&rsquo;encombre pas la m\u00e9moire de votre t\u00e9l\u00e9phone et vous pouvez toujours utiliser le chat en direct, contacter le service client et terminer le processus de v\u00e9rification.<\/p>\n<p>Nous avons \u00e9limin\u00e9 tous les probl\u00e8mes de s\u00e9curit\u00e9 et la n\u00e9cessit\u00e9 de mettre \u00e0 jour manuellement l&rsquo;application Teddyslot.<\/p>\n<p><div class=\"scrollable-content-wrap my-5\"><div class=\"scrollable-content-inner\"><h2>Application Teddy Slot pour Android<\/h2>\n<p>L&rsquo;installation de l&rsquo;application Teddyslot pour Android est facile pour tous les utilisateurs, et vous pouvez profiter de toutes les meilleures fonctionnalit\u00e9s de notre casino en ligne. Suivez les \u00e9tapes ci-dessous pour installer notre plateforme afin de gagner en flexibilit\u00e9 et d&rsquo;y acc\u00e9der en un seul clic :<\/p>\n<ol>\n<li>Sur le site web de Teddyslot Casino, vous devez cliquer sur le bouton \u00ab Plus \u00bb. Il comporte trois points et se trouve dans le coin de la barre d&rsquo;adresse.<\/li>\n<li>Les utilisateurs doivent appuyer sur \u00ab Ajouter \u00e0 l&rsquo;\u00e9cran d&rsquo;accueil \u00bb dans la liste, puis sur \u00ab Ajouter \u00bb pour confirmer.<\/li>\n<li>Pour d\u00e9placer l&rsquo;ic\u00f4ne de l&rsquo;application, appuyez dessus et maintenez-la enfonc\u00e9e, puis faites-la glisser \u00e0 l&rsquo;endroit souhait\u00e9 sur votre \u00e9cran.<\/li>\n<\/ol>\n<p><img loading=\"lazy\" decoding=\"async\" class=\"alignnone size-full wp-image-1926\" src=\"https:\/\/theteddyslot.org\/wp-content\/uploads\/2026\/04\/Teddyslot-Android.webp\" alt=\"Teddyslot Android\" width=\"1248\" height=\"536\" srcset=\"https:\/\/theteddyslot.org\/wp-content\/uploads\/2026\/04\/Teddyslot-Android.webp 1248w, https:\/\/theteddyslot.org\/wp-content\/uploads\/2026\/04\/Teddyslot-Android-300x129.webp 300w, https:\/\/theteddyslot.org\/wp-content\/uploads\/2026\/04\/Teddyslot-Android-1024x440.webp 1024w, https:\/\/theteddyslot.org\/wp-content\/uploads\/2026\/04\/Teddyslot-Android-768x330.webp 768w\" sizes=\"auto, (max-width: 1248px) 100vw, 1248px\" \/><\/p>\n<\/div><\/div><div style=\"clear: both\"><\/div><div class=\"d-flex justify-content-center\"><button data-item=\"decouvrez_link\" data-group=\"website_links\" class=\"goto fw-bold rounded-pill btn btn-orange\" aria-label=\"T\u00e9l\u00e9chargez l&#039;application Teddyslot\" >T\u00e9l\u00e9chargez l&#039;application Teddyslot<\/button><\/div><div class=\"scrollable-content-wrap my-5\"><div class=\"scrollable-content-inner\"><h2>Application mobile pour iOS<\/h2>\n<p>Si vous poss\u00e9dez un iPhone ou un iPad, vous pouvez acc\u00e9der rapidement au site web de Teddyslot depuis n&rsquo;importe quel navigateur de votre choix. Vous y trouverez tous les jeux, les bonus, les options de paiement et l&rsquo;assistance de notre \u00e9quipe. Si vous avez d\u00e9j\u00e0 utilis\u00e9 notre version PC, vous vous sentirez imm\u00e9diatement \u00e0 l&rsquo;aise avec le design et la navigation.<\/p>\n<p>Nous proposons \u00e9galement une application iOS pour Teddyslot Casino. Son installation ne prend que quelques minutes. Nous vous garantissons que notre casino mobile est enti\u00e8rement s\u00e9curis\u00e9. Le cryptage TLS, une technologie nouvelle et de pointe, prot\u00e8ge vos informations personnelles et financi\u00e8res contre toute personne non autoris\u00e9e. Tous les membres de Teddyslot Casino peuvent activer l&rsquo;authentification \u00e0 deux facteurs sur leurs appareils pour une s\u00e9curit\u00e9 renforc\u00e9e.<\/p>\n<p><img loading=\"lazy\" decoding=\"async\" class=\"alignnone size-full wp-image-1934\" src=\"https:\/\/theteddyslot.org\/wp-content\/uploads\/2026\/04\/Teddyslot-iOS.webp\" alt=\"Teddyslot iOS\" width=\"1248\" height=\"536\" srcset=\"https:\/\/theteddyslot.org\/wp-content\/uploads\/2026\/04\/Teddyslot-iOS.webp 1248w, https:\/\/theteddyslot.org\/wp-content\/uploads\/2026\/04\/Teddyslot-iOS-300x129.webp 300w, https:\/\/theteddyslot.org\/wp-content\/uploads\/2026\/04\/Teddyslot-iOS-1024x440.webp 1024w, https:\/\/theteddyslot.org\/wp-content\/uploads\/2026\/04\/Teddyslot-iOS-768x330.webp 768w\" sizes=\"auto, (max-width: 1248px) 100vw, 1248px\" \/><\/p>\n<\/div><\/div><div style=\"clear: both\"><\/div><div class=\"d-flex justify-content-center\"><button data-item=\"decouvrez_link\" data-group=\"website_links\" class=\"goto fw-bold rounded-pill btn btn-orange\" aria-label=\"T\u00e9l\u00e9charger Teddyslot\" >T\u00e9l\u00e9charger Teddyslot<\/button><\/div><div class=\"scrollable-content-wrap my-5\"><div class=\"scrollable-content-inner\"><h2>Application Teddy Slot Casino sur Mac ou Windows<\/h2>\n<p>Tout le monde peut toujours utiliser Teddy Slot sur son ordinateur de bureau, ce qui reste l&rsquo;option classique. Vous pouvez utiliser notre site web sur n&rsquo;importe quel appareil Mac ou Windows. L&rsquo;interface s&rsquo;adaptera imm\u00e9diatement \u00e0 la taille et \u00e0 la r\u00e9solution de l&rsquo;\u00e9cran. Vous pouvez ajouter une ic\u00f4ne de raccourci si vous souhaitez y acc\u00e9der plus rapidement et ne pas avoir \u00e0 le rechercher dans le navigateur. Lorsque vous vous rendez sur la page du casino Teddyslot depuis un PC, il vous suffit de cliquer sur le bouton \u00ab Ajouter \u00e0 l&rsquo;\u00e9cran d&rsquo;accueil \u00bb.<\/p>\n<p>Nous n&rsquo;imposons aucune restriction \u00e0 nos clients quant au type d&rsquo;appareil ou de plateforme. C&rsquo;est pourquoi vous pouvez choisir la meilleure option dans chaque cas.<\/p>\n<p><img loading=\"lazy\" decoding=\"async\" class=\"alignnone size-full wp-image-1942\" src=\"https:\/\/theteddyslot.org\/wp-content\/uploads\/2026\/04\/Teddyslot-Desktop.webp\" alt=\"Teddyslot Desktop\" width=\"1248\" height=\"536\" srcset=\"https:\/\/theteddyslot.org\/wp-content\/uploads\/2026\/04\/Teddyslot-Desktop.webp 1248w, https:\/\/theteddyslot.org\/wp-content\/uploads\/2026\/04\/Teddyslot-Desktop-300x129.webp 300w, https:\/\/theteddyslot.org\/wp-content\/uploads\/2026\/04\/Teddyslot-Desktop-1024x440.webp 1024w, https:\/\/theteddyslot.org\/wp-content\/uploads\/2026\/04\/Teddyslot-Desktop-768x330.webp 768w\" sizes=\"auto, (max-width: 1248px) 100vw, 1248px\" \/><\/p>\n<\/div><\/div><div style=\"clear: both\"><\/div><div class=\"d-flex justify-content-center\"><button data-item=\"decouvrez_link\" data-group=\"website_links\" class=\"goto fw-bold rounded-pill btn btn-orange\" aria-label=\"T\u00e9l\u00e9chargez l&#039;application Teddyslot\" >T\u00e9l\u00e9chargez l&#039;application Teddyslot<\/button><\/div><div class=\"scrollable-content-wrap my-5\"><div class=\"scrollable-content-inner\"><h2>FAQ<\/h2>\n<h3>Puis-je t\u00e9l\u00e9charger l&rsquo;application Teddyslot depuis l&rsquo;App Store ou Google Play ?<\/h3>\n<p>Non, Teddyslot Casino n&rsquo;est pas disponible en t\u00e9l\u00e9chargement sur les boutiques d&rsquo;applications. Il s&rsquo;agit d&rsquo;une application web progressive (PWA). Vous pouvez ajouter l&rsquo;ic\u00f4ne \u00e0 votre \u00e9cran d&rsquo;accueil en vous rendant sur le site web de Teddyslot depuis votre t\u00e9l\u00e9phone et en l&rsquo;installant directement \u00e0 partir de l\u00e0. L&rsquo;installation ne prend qu&rsquo;une minute. Si vous utilisez Safari ou Chrome, rendez-vous sur le site et appuyez sur \u00ab Ajouter \u00e0 l&rsquo;\u00e9cran d&rsquo;accueil \u00bb. L&rsquo;ic\u00f4ne de l&rsquo;application sera alors pr\u00eate \u00e0 l&#8217;emploi.<\/p>\n<h3>Y a-t-il des cat\u00e9gories de jeux r\u00e9serv\u00e9es aux mobiles dans l&rsquo;application Teddy Slot ?<\/h3>\n<p>Non, l&rsquo;application mobile et la version pour ordinateur disposent de la m\u00eame biblioth\u00e8que de jeux. Il n&rsquo;y a pas de cat\u00e9gories sp\u00e9cifiques \u00e0 une plateforme. Les plus de 6 000 jeux disponibles sur PC fonctionnent \u00e9galement sur mobile. Certains jeux peuvent \u00eatre plus adapt\u00e9s aux commandes tactiles des mobiles, comme certains jeux instantan\u00e9s ou machines \u00e0 sous aux r\u00e8gles simples. Mais vous pouvez jouer \u00e0 n&rsquo;importe quel jeu sur n&rsquo;importe quel appareil sans aucun probl\u00e8me.<\/p>\n<h3>Les bloqueurs de publicit\u00e9s ou les param\u00e8tres VPN peuvent-ils emp\u00eacher le chargement des jeux sur mobile ?<\/h3>\n<p>Certains filtres publicitaires agressifs emp\u00eachent le chargement des jeux en bloquant des scripts l\u00e9gitimes qu&rsquo;ils prennent pour des traceurs publicitaires. Les VPN peuvent \u00e9galement poser des probl\u00e8mes s&rsquo;ils acheminent le trafic via des zones o\u00f9 Teddyslot Casino n&rsquo;est pas autoris\u00e9 \u00e0 fonctionner. Le site interdit l&rsquo;acc\u00e8s depuis les zones restreintes. Si les jeux ne se chargent pas, essayez de d\u00e9sactiver les bloqueurs de publicit\u00e9s ou de d\u00e9connecter votre VPN pendant un court instant. Lorsque les param\u00e8tres de confidentialit\u00e9 du navigateur sont r\u00e9gl\u00e9s au niveau le plus \u00e9lev\u00e9, ils peuvent \u00e9galement emp\u00eacher l&rsquo;utilisation des cookies n\u00e9cessaires, ce qui peut entra\u00eener des difficult\u00e9s de connexion.<\/p>\n<h3>Puis-je recevoir des notifications push sur mon iPhone ?<\/h3>\n<p>Oui, une fois que vous avez install\u00e9 l&rsquo;application PWA Teddy Slot sur votre iPhone, vous recevrez des notifications push concernant l&rsquo;activit\u00e9 de votre compte, les promotions, l&rsquo;expiration des bonus et les mises \u00e0 jour des tournois. Vous pouvez modifier vos param\u00e8tres de notification \u00e0 tout moment.<\/p>\n<\/div><\/div><\/p>\n","protected":false},"excerpt":{"rendered":"<p>Teddyslot App : application officielle Teddyslot App offre aux joueurs de casino une mobilit\u00e9 totale gr\u00e2ce \u00e0 des outils v\u00e9ritablement \u00e0 la pointe de la technologie. Elle a \u00e9t\u00e9 con\u00e7ue avec les technologies les plus r\u00e9centes. L&rsquo;application offre une exp\u00e9rience de jeu fluide et fiable qui fonctionne sur tous vos appareils. Le casino Teddyslot est [&hellip;]<\/p>\n","protected":false},"author":1,"featured_media":0,"parent":0,"menu_order":0,"comment_status":"closed","ping_status":"closed","template":"template-builder.php","meta":{"_acf_changed":false,"inline_featured_image":false,"footnotes":""},"class_list":["post-1440","page","type-page","status-publish","hentry"],"acf":[],"yoast_head":"<!-- This site is optimized with the Yoast SEO plugin v27.3 - https:\/\/yoast.com\/product\/yoast-seo-wordpress\/ -->\n<title>Teddyslot App | Application Casino Mobile<\/title>\n<meta name=\"description\" content=\"L&#039;application Teddy Slot fonctionne parfaitement sur Android, iOS, Windows et macOS avec des comptes synchronis\u00e9s, des mises \u00e0 jour r\u00e9guli\u00e8res et un support client int\u00e9gr\u00e9.\" \/>\n<meta name=\"robots\" content=\"index, follow, max-snippet:-1, max-image-preview:large, max-video-preview:-1\" \/>\n<link rel=\"canonical\" href=\"https:\/\/theteddyslot.org\/fr\/app\/\" \/>\n<meta property=\"og:locale\" content=\"fr_FR\" \/>\n<meta property=\"og:type\" content=\"article\" \/>\n<meta property=\"og:title\" content=\"Teddyslot App | Application Casino Mobile\" \/>\n<meta property=\"og:description\" content=\"L&#039;application Teddy Slot fonctionne parfaitement sur Android, iOS, Windows et macOS avec des comptes synchronis\u00e9s, des mises \u00e0 jour r\u00e9guli\u00e8res et un support client int\u00e9gr\u00e9.\" \/>\n<meta property=\"og:url\" content=\"https:\/\/theteddyslot.org\/fr\/app\/\" \/>\n<meta property=\"og:site_name\" content=\"teddyslot\" \/>\n<meta property=\"article:modified_time\" content=\"2026-04-13T13:42:09+00:00\" \/>\n<meta name=\"twitter:card\" content=\"summary_large_image\" \/>\n<meta name=\"twitter:label1\" content=\"Dur\u00e9e de lecture estim\u00e9e\" \/>\n\t<meta name=\"twitter:data1\" content=\"2 minutes\" \/>\n<script type=\"application\/ld+json\" class=\"yoast-schema-graph\">{\"@context\":\"https:\\\/\\\/schema.org\",\"@graph\":[{\"@type\":\"WebPage\",\"@id\":\"https:\\\/\\\/theteddyslot.org\\\/fr\\\/app\\\/\",\"url\":\"https:\\\/\\\/theteddyslot.org\\\/fr\\\/app\\\/\",\"name\":\"Teddyslot App | Application Casino Mobile\",\"isPartOf\":{\"@id\":\"https:\\\/\\\/theteddyslot.org\\\/fr\\\/#website\"},\"datePublished\":\"2026-01-20T12:08:23+00:00\",\"dateModified\":\"2026-04-13T13:42:09+00:00\",\"description\":\"L'application Teddy Slot fonctionne parfaitement sur Android, iOS, Windows et macOS avec des comptes synchronis\u00e9s, des mises \u00e0 jour r\u00e9guli\u00e8res et un support client int\u00e9gr\u00e9.\",\"breadcrumb\":{\"@id\":\"https:\\\/\\\/theteddyslot.org\\\/fr\\\/app\\\/#breadcrumb\"},\"inLanguage\":\"fr-FR\",\"potentialAction\":[{\"@type\":\"ReadAction\",\"target\":[\"https:\\\/\\\/theteddyslot.org\\\/fr\\\/app\\\/\"]}]},{\"@type\":\"BreadcrumbList\",\"@id\":\"https:\\\/\\\/theteddyslot.org\\\/fr\\\/app\\\/#breadcrumb\",\"itemListElement\":[{\"@type\":\"ListItem\",\"position\":1,\"name\":\"Teddyslot\",\"item\":\"https:\\\/\\\/theteddyslot.org\\\/fr\\\/\"},{\"@type\":\"ListItem\",\"position\":2,\"name\":\"App\"}]},{\"@type\":\"WebSite\",\"@id\":\"https:\\\/\\\/theteddyslot.org\\\/fr\\\/#website\",\"url\":\"https:\\\/\\\/theteddyslot.org\\\/fr\\\/\",\"name\":\"Teddyslot\",\"description\":\"\",\"publisher\":{\"@id\":\"https:\\\/\\\/theteddyslot.org\\\/fr\\\/#organization\"},\"potentialAction\":[{\"@type\":\"SearchAction\",\"target\":{\"@type\":\"EntryPoint\",\"urlTemplate\":\"https:\\\/\\\/theteddyslot.org\\\/fr\\\/?s={search_term_string}\"},\"query-input\":{\"@type\":\"PropertyValueSpecification\",\"valueRequired\":true,\"valueName\":\"search_term_string\"}}],\"inLanguage\":\"fr-FR\"},{\"@type\":\"Organization\",\"@id\":\"https:\\\/\\\/theteddyslot.org\\\/fr\\\/#organization\",\"name\":\"Teddyslot\",\"url\":\"https:\\\/\\\/theteddyslot.org\\\/fr\\\/\",\"logo\":{\"@type\":\"ImageObject\",\"inLanguage\":\"fr-FR\",\"@id\":\"https:\\\/\\\/theteddyslot.org\\\/fr\\\/#\\\/schema\\\/logo\\\/image\\\/\",\"url\":\"https:\\\/\\\/theteddyslot.org\\\/wp-content\\\/uploads\\\/2026\\\/04\\\/teddyslot-logo.png\",\"contentUrl\":\"https:\\\/\\\/theteddyslot.org\\\/wp-content\\\/uploads\\\/2026\\\/04\\\/teddyslot-logo.png\",\"width\":140,\"height\":32,\"caption\":\"Teddyslot\"},\"image\":{\"@id\":\"https:\\\/\\\/theteddyslot.org\\\/fr\\\/#\\\/schema\\\/logo\\\/image\\\/\"}}]}<\/script>\n<!-- \/ Yoast SEO plugin. -->","yoast_head_json":{"title":"Teddyslot App | Application Casino Mobile","description":"L'application Teddy Slot fonctionne parfaitement sur Android, iOS, Windows et macOS avec des comptes synchronis\u00e9s, des mises \u00e0 jour r\u00e9guli\u00e8res et un support client int\u00e9gr\u00e9.","robots":{"index":"index","follow":"follow","max-snippet":"max-snippet:-1","max-image-preview":"max-image-preview:large","max-video-preview":"max-video-preview:-1"},"canonical":"https:\/\/theteddyslot.org\/fr\/app\/","og_locale":"fr_FR","og_type":"article","og_title":"Teddyslot App | Application Casino Mobile","og_description":"L'application Teddy Slot fonctionne parfaitement sur Android, iOS, Windows et macOS avec des comptes synchronis\u00e9s, des mises \u00e0 jour r\u00e9guli\u00e8res et un support client int\u00e9gr\u00e9.","og_url":"https:\/\/theteddyslot.org\/fr\/app\/","og_site_name":"teddyslot","article_modified_time":"2026-04-13T13:42:09+00:00","twitter_card":"summary_large_image","twitter_misc":{"Dur\u00e9e de lecture estim\u00e9e":"2 minutes"},"schema":{"@context":"https:\/\/schema.org","@graph":[{"@type":"WebPage","@id":"https:\/\/theteddyslot.org\/fr\/app\/","url":"https:\/\/theteddyslot.org\/fr\/app\/","name":"Teddyslot App | Application Casino Mobile","isPartOf":{"@id":"https:\/\/theteddyslot.org\/fr\/#website"},"datePublished":"2026-01-20T12:08:23+00:00","dateModified":"2026-04-13T13:42:09+00:00","description":"L'application Teddy Slot fonctionne parfaitement sur Android, iOS, Windows et macOS avec des comptes synchronis\u00e9s, des mises \u00e0 jour r\u00e9guli\u00e8res et un support client int\u00e9gr\u00e9.","breadcrumb":{"@id":"https:\/\/theteddyslot.org\/fr\/app\/#breadcrumb"},"inLanguage":"fr-FR","potentialAction":[{"@type":"ReadAction","target":["https:\/\/theteddyslot.org\/fr\/app\/"]}]},{"@type":"BreadcrumbList","@id":"https:\/\/theteddyslot.org\/fr\/app\/#breadcrumb","itemListElement":[{"@type":"ListItem","position":1,"name":"Teddyslot","item":"https:\/\/theteddyslot.org\/fr\/"},{"@type":"ListItem","position":2,"name":"App"}]},{"@type":"WebSite","@id":"https:\/\/theteddyslot.org\/fr\/#website","url":"https:\/\/theteddyslot.org\/fr\/","name":"Teddyslot","description":"","publisher":{"@id":"https:\/\/theteddyslot.org\/fr\/#organization"},"potentialAction":[{"@type":"SearchAction","target":{"@type":"EntryPoint","urlTemplate":"https:\/\/theteddyslot.org\/fr\/?s={search_term_string}"},"query-input":{"@type":"PropertyValueSpecification","valueRequired":true,"valueName":"search_term_string"}}],"inLanguage":"fr-FR"},{"@type":"Organization","@id":"https:\/\/theteddyslot.org\/fr\/#organization","name":"Teddyslot","url":"https:\/\/theteddyslot.org\/fr\/","logo":{"@type":"ImageObject","inLanguage":"fr-FR","@id":"https:\/\/theteddyslot.org\/fr\/#\/schema\/logo\/image\/","url":"https:\/\/theteddyslot.org\/wp-content\/uploads\/2026\/04\/teddyslot-logo.png","contentUrl":"https:\/\/theteddyslot.org\/wp-content\/uploads\/2026\/04\/teddyslot-logo.png","width":140,"height":32,"caption":"Teddyslot"},"image":{"@id":"https:\/\/theteddyslot.org\/fr\/#\/schema\/logo\/image\/"}}]}},"_links":{"self":[{"href":"https:\/\/theteddyslot.org\/fr\/wp-json\/wp\/v2\/pages\/1440","targetHints":{"allow":["GET"]}}],"collection":[{"href":"https:\/\/theteddyslot.org\/fr\/wp-json\/wp\/v2\/pages"}],"about":[{"href":"https:\/\/theteddyslot.org\/fr\/wp-json\/wp\/v2\/types\/page"}],"author":[{"embeddable":true,"href":"https:\/\/theteddyslot.org\/fr\/wp-json\/wp\/v2\/users\/1"}],"replies":[{"embeddable":true,"href":"https:\/\/theteddyslot.org\/fr\/wp-json\/wp\/v2\/comments?post=1440"}],"version-history":[{"count":4,"href":"https:\/\/theteddyslot.org\/fr\/wp-json\/wp\/v2\/pages\/1440\/revisions"}],"predecessor-version":[{"id":2058,"href":"https:\/\/theteddyslot.org\/fr\/wp-json\/wp\/v2\/pages\/1440\/revisions\/2058"}],"wp:attachment":[{"href":"https:\/\/theteddyslot.org\/fr\/wp-json\/wp\/v2\/media?parent=1440"}],"curies":[{"name":"wp","href":"https:\/\/api.w.org\/{rel}","templated":true}]}}