{"id":1482,"date":"2026-01-20T12:11:11","date_gmt":"2026-01-20T12:11:11","guid":{"rendered":"https:\/\/bonuskongcasino.com\/login-and-registration\/"},"modified":"2026-04-13T14:44:35","modified_gmt":"2026-04-13T13:44:35","slug":"connexion-et-inscription","status":"publish","type":"page","link":"https:\/\/theteddyslot.org\/fr\/connexion-et-inscription\/","title":{"rendered":"Connexion et inscription"},"content":{"rendered":"<h1>Connexion et inscription sur Teddyslot<\/h1>\n<p>Chaque joueur peut profiter d\u2019une vaste s\u00e9lection de jeux, de bonus exclusifs et de fonctionnalit\u00e9s personnalis\u00e9es dans le casino apr\u00e8s s\u2019\u00eatre connect\u00e9 via le Teddyslot login. Notre plateforme est l&rsquo;endroit id\u00e9al pour trouver des outils s\u00fbrs, faciles \u00e0 utiliser et \u00e0 la pointe de la technologie pour jouer en ligne.<\/p>\n<p>Tous les utilisateurs \u00e2g\u00e9s de 18 ans ou plus peuvent suivre la proc\u00e9dure de connexion rapide. Le pack de bienvenue vous sera automatiquement cr\u00e9dit\u00e9 si vous ouvrez un compte et effectuez votre premier d\u00e9p\u00f4t.<\/p>\n<p><div class=\"banner-wrap\" aria-label=\"Banner\"><img src=\"https:\/\/theteddyslot.org\/wp-content\/uploads\/2026\/04\/teddyslot-bonus-desktop.webp\" class=\"w-100 d-none d-lg-block img-pc main-banner-img\" alt=\"teddyslot bonus desktop\" fetchpriority=\"high\" decoding=\"async\"><img src=\"https:\/\/theteddyslot.org\/wp-content\/uploads\/2026\/04\/teddyslot-bnr-mobile.webp\" class=\"w-100 d-none d-md-block d-lg-none main-banner-img\" alt=\"teddyslot bonus mobile\" fetchpriority=\"high\" decoding=\"async\"><img src=\"https:\/\/theteddyslot.org\/wp-content\/uploads\/2026\/04\/teddyslot-bnr-mobile.webp\" class=\"w-100 d-md-none\" alt=\"teddyslot bonus mobile\" fetchpriority=\"high\" decoding=\"async\"><div class=\"banner-description\">\n<div class=\"banner-title\">Bonus de bienvenue<\/div>\n<p class=\"banner-header-title\">1500 \u20ac<\/p>\n<div class=\"banner-header-AdditionalText\">+ 250 Tours gratuits<\/div>\n<button data-item=\"homepage_banner_link\" class=\"goto m-button m-gradient-border m-button--primary m-button--large banner-button btn-orange\">\n            <div class=\"m-button-content\">\n                <span>Inscrivez-vous d\u00e8s maintenant<\/span>\n                <span><\/span>\n            <\/div>\n        <\/button>\n<\/div>\n<div class=\"WelcomePack\">\n<p><img loading=\"lazy\" decoding=\"async\" class=\"alignnone size-full wp-image-1838\" src=\"https:\/\/theteddyslot.org\/wp-content\/uploads\/2026\/04\/welcome-crown.png\" alt=\"crown\" width=\"25\" height=\"26\" \/><\/p>\n<div class=\"WelcomePack-Info\">Cashback hebdomadaire jusqu&rsquo;\u00e0 25 %<\/div>\n<p><img loading=\"lazy\" decoding=\"async\" class=\"alignnone size-full wp-image-1838\" src=\"https:\/\/theteddyslot.org\/wp-content\/uploads\/2026\/04\/welcome-crown.png\" alt=\"crown\" width=\"25\" height=\"26\" \/><\/p>\n<\/div>\n<\/div><div class=\"scrollable-content-wrap my-5\"><div class=\"scrollable-content-inner\"><h2>Inscription au casino Teddyslot<\/h2>\n<p>L&rsquo;inscription au casino Teddyslot ne prend que quelques minutes. Chaque joueur n&rsquo;est autoris\u00e9 \u00e0 cr\u00e9er qu&rsquo;un seul compte sur notre site. M\u00eame si vous h\u00e9sitez encore, nous tenons \u00e0 vous convaincre que le partage de vos informations personnelles avec nous est s\u00e9curis\u00e9. Nous surveillons chaque connexion \u00e0 Teddyslot afin de pr\u00e9venir toute fraude.<\/p>\n<table>\n<tbody>\n<tr>\n<td>\u00c9tapes d&rsquo;inscription<\/td>\n<td>Processus<\/td>\n<\/tr>\n<tr>\n<td>1<\/td>\n<td>Les utilisateurs doivent cliquer sur le bouton situ\u00e9 dans le coin sup\u00e9rieur droit de la page d&rsquo;accueil pour acc\u00e9der au formulaire d&rsquo;inscription.<\/td>\n<\/tr>\n<tr>\n<td>2<\/td>\n<td>Vous devez fournir une adresse e-mail valide et un mot de passe s\u00e9curis\u00e9 lorsque vous remplissez le formulaire.<\/td>\n<\/tr>\n<tr>\n<td>3<\/td>\n<td>Chaque nouveau joueur doit cocher les cases pour confirmer qu&rsquo;il a l&rsquo;\u00e2ge requis et qu&rsquo;il accepte le r\u00e8glement de Teddyslot.<\/td>\n<\/tr>\n<tr>\n<td>4<\/td>\n<td>Apr\u00e8s avoir tout v\u00e9rifi\u00e9 une nouvelle fois, cliquez sur le bouton situ\u00e9 \u00e0 la fin du formulaire pour terminer votre inscription.<\/td>\n<\/tr>\n<\/tbody>\n<\/table>\n<p><img loading=\"lazy\" decoding=\"async\" class=\"alignnone size-full wp-image-1950\" src=\"https:\/\/theteddyslot.org\/wp-content\/uploads\/2026\/04\/Teddyslot-Login.webp\" alt=\"Teddyslot Login\" width=\"1248\" height=\"536\" srcset=\"https:\/\/theteddyslot.org\/wp-content\/uploads\/2026\/04\/Teddyslot-Login.webp 1248w, https:\/\/theteddyslot.org\/wp-content\/uploads\/2026\/04\/Teddyslot-Login-300x129.webp 300w, https:\/\/theteddyslot.org\/wp-content\/uploads\/2026\/04\/Teddyslot-Login-1024x440.webp 1024w, https:\/\/theteddyslot.org\/wp-content\/uploads\/2026\/04\/Teddyslot-Login-768x330.webp 768w\" sizes=\"auto, (max-width: 1248px) 100vw, 1248px\" \/><\/p>\n<h2>Connectez-vous et g\u00e9rez votre compte Teddyslot<\/h2>\n<p>Une fois connect\u00e9, vous pouvez tout faire sur le site du casino Teddyslot. Vous pouvez jouer \u00e0 n&rsquo;importe quel jeu de la biblioth\u00e8que sans restriction, d\u00e9poser de l&rsquo;argent lorsque votre solde est bas, retirer vos gains apr\u00e8s des sessions fructueuses et ajuster les param\u00e8tres de votre compte pour tout contr\u00f4ler.<\/p>\n<p>Il existe un mode d\u00e9mo, mais les choses deviennent bien plus passionnantes une fois que vous vous connectez, car jouer pour gagner de l&rsquo;argent r\u00e9el est tr\u00e8s motivant.<\/p>\n<h3>Comment vous connecter \u00e0 votre compte<\/h3>\n<p>Vous pouvez \u00eatre s\u00fbr que la connexion \u00e0 Teddyslot est rapide et s\u00e9curis\u00e9e. Rendez-vous simplement sur la page d&rsquo;accueil et rep\u00e9rez la section o\u00f9 vous pouvez vous connecter. Vous pouvez acc\u00e9der rapidement au tableau de bord de votre compte en saisissant votre adresse e-mail et votre mot de passe.<\/p>\n<p>Nous vous permettons \u00e9galement de vous connecter via d&rsquo;autres options, comme Google, pour vous faciliter la t\u00e2che. De cette mani\u00e8re, les clients peuvent rejoindre Teddyslot Casino imm\u00e9diatement sans avoir \u00e0 m\u00e9moriser de nombreux mots de passe. C&rsquo;est plus simple, mais la s\u00e9curit\u00e9 reste excellente.<\/p>\n<h3>Mot de passe oubli\u00e9 ?<\/h3>\n<p>Si vous avez oubli\u00e9 votre mot de passe, Teddy Slot vous propose un moyen simple de le r\u00e9cup\u00e9rer.<\/p>\n<ol>\n<li>S\u00e9lectionnez l&rsquo;option \u00ab Mot de passe oubli\u00e9 ? \u00bb sur la page de connexion de Teddyslot. Vous serez ensuite invit\u00e9 \u00e0 saisir votre adresse e-mail enregistr\u00e9e.<\/li>\n<li>Vous recevrez un e-mail contenant des instructions pour vous reconnecter si vous avez perdu votre adresse e-mail ou votre mot de passe pour Teddyslot Casino. Cela ne peut pas arriver si vous ne recevez pas d&rsquo;e-mail de notre part. Il se peut qu&rsquo;il se trouve dans votre dossier de courrier ind\u00e9sirable.<\/li>\n<li>Lisez l&rsquo;e-mail et cliquez sur le lien pour cr\u00e9er un nouveau mot de passe pour votre compte. Cela garantira sa s\u00e9curit\u00e9 et facilitera son utilisation.<\/li>\n<\/ol>\n<h2>Processus de v\u00e9rification de Teddy Slot Casino<\/h2>\n<p>Chez Teddyslot, nous avons pour exigence stricte de v\u00e9rifier l&rsquo;identit\u00e9 de chaque joueur qui s&rsquo;inscrit. C&rsquo;est pourquoi il est essentiel de conna\u00eetre notre client (KYC).<\/p>\n<p>La v\u00e9rification des documents ne prend pas beaucoup de temps ; elle peut \u00eatre effectu\u00e9e en un ou deux jours, voire plus rapidement. Cela varie d&rsquo;une personne \u00e0 l&rsquo;autre. Si vous avez des inqui\u00e9tudes, vous pouvez \u00e9crire \u00e0 notre service d&rsquo;assistance multilingue. Les documents requis par Teddyslot Casino sont les suivants :<\/p>\n<ul>\n<li>Une copie de votre passeport contenant toutes les informations essentielles vous concernant.<\/li>\n<li>Des factures de services publics indiquant votre lieu de r\u00e9sidence et la preuve de votre moyen de paiement.<\/li>\n<\/ul>\n<h2>Probl\u00e8mes courants et solutions rapides<\/h2>\n<p>Il peut arriver que nous devions bloquer ou suspendre votre compte. Mais ne vous inqui\u00e9tez pas, il y a toujours une solution. Le tableau ci-dessous vous donne plus d&rsquo;informations sur ce qu&rsquo;il faut faire en cas de probl\u00e8me sur Teddy Slot.<\/p>\n<table>\n<tbody>\n<tr>\n<td>D\u00e9clencheur<\/td>\n<td>Que se passe-t-il ?<\/td>\n<td>Ce que vous devez faire<\/td>\n<\/tr>\n<tr>\n<td>Longues p\u00e9riodes d&rsquo;inactivit\u00e9<\/td>\n<td>Votre compte sera automatiquement d\u00e9connect\u00e9<\/td>\n<td>Il suffit de vous reconnecter pour recommencer \u00e0 jouer<\/td>\n<\/tr>\n<tr>\n<td>Plus d&rsquo;une connexion Teddyslot en m\u00eame temps<\/td>\n<td>Une session sera d\u00e9connect\u00e9e<\/td>\n<td>Connectez-vous \u00e0 partir d&rsquo;un seul appareil \u00e0 la fois<\/td>\n<\/tr>\n<tr>\n<td>Paris rapides ou comportement inhabituel<\/td>\n<td>Votre compte sera bloqu\u00e9 pendant un court moment<\/td>\n<td>Les utilisateurs doivent contacter l&rsquo;\u00e9quipe d&rsquo;assistance via le chat en direct s&rsquo;ils pensent qu&rsquo;il s&rsquo;agit d&rsquo;une erreur<\/td>\n<\/tr>\n<tr>\n<td>Modification de votre mot de passe<\/td>\n<td>Toutes les sessions actives sont ferm\u00e9es<\/td>\n<td>Reconnectez-vous avec votre nouveau mot de passe<\/td>\n<\/tr>\n<\/tbody>\n<\/table>\n<h2>FAQ<\/h2>\n<h3>Puis-je m&rsquo;inscrire depuis mon t\u00e9l\u00e9phone, ou ai-je besoin d&rsquo;un ordinateur ?<\/h3>\n<p>La proc\u00e9dure d&rsquo;inscription sur TeddySlot est la m\u00eame sur les t\u00e9l\u00e9phones et les ordinateurs de bureau. L&rsquo;interface mobile s&rsquo;adapte aux petits \u00e9crans sans sauter d&rsquo;\u00e9tapes ni vous obliger \u00e0 passer sur un PC en cours de proc\u00e9dure. La plupart des joueurs s&rsquo;inscrivent en moins de cinq minutes directement depuis leur t\u00e9l\u00e9phone.<\/p>\n<h3>Comment cr\u00e9er un mot de passe fort pour mon compte Teddyslot ?<\/h3>\n<p>Cr\u00e9ez un mot de passe d&rsquo;au moins 10 \u00e0 12 caract\u00e8res, comprenant une combinaison de lettres majuscules et minuscules, de chiffres et de symboles. \u00c9vitez les combinaisons \u00e9videntes ou les informations personnelles que l&rsquo;on pourrait trouver sur vos r\u00e9seaux sociaux.<\/p>\n<h3>Est-il s\u00fbr d&rsquo;enregistrer mon mot de passe Teddy Slot dans le navigateur ?<\/h3>\n<p>Les gestionnaires de mots de passe pour Chrome, Firefox et Safari chiffrent vos mots de passe enregistr\u00e9s et les synchronisent sur tous vos appareils. Le risque est plus \u00e9lev\u00e9 lorsque vous utilisez un ordinateur auquel d&rsquo;autres personnes ont \u00e9galement acc\u00e8s, car elles pourraient voir vos identifiants enregistr\u00e9s. Le stockage dans le navigateur est assez s\u00fbr si vous \u00eates le seul \u00e0 utiliser votre appareil et qu&rsquo;il est prot\u00e9g\u00e9 par un code de d\u00e9verrouillage fort.<\/p>\n<\/div><\/div><\/p>\n","protected":false},"excerpt":{"rendered":"<p>Connexion et inscription sur Teddyslot Chaque joueur peut profiter d\u2019une vaste s\u00e9lection de jeux, de bonus exclusifs et de fonctionnalit\u00e9s personnalis\u00e9es dans le casino apr\u00e8s s\u2019\u00eatre connect\u00e9 via le Teddyslot login. Notre plateforme est l&rsquo;endroit id\u00e9al pour trouver des outils s\u00fbrs, faciles \u00e0 utiliser et \u00e0 la pointe de la technologie pour jouer en ligne. [&hellip;]<\/p>\n","protected":false},"author":1,"featured_media":0,"parent":0,"menu_order":0,"comment_status":"closed","ping_status":"closed","template":"template-builder.php","meta":{"_acf_changed":false,"inline_featured_image":false,"footnotes":""},"class_list":["post-1482","page","type-page","status-publish","hentry"],"acf":[],"yoast_head":"<!-- This site is optimized with the Yoast SEO plugin v27.3 - https:\/\/yoast.com\/product\/yoast-seo-wordpress\/ -->\n<title>Teddyslot Login | Connexion ou Cr\u00e9ation de Compte<\/title>\n<meta name=\"description\" content=\"Connectez-vous \u00e0 Teddy Slot ou inscrivez-vous en quelques minutes. Acc\u00e9dez \u00e0 votre solde, bonus actifs, moyens de paiement et historique depuis un tableau de bord s\u00e9curis\u00e9.\" \/>\n<meta name=\"robots\" content=\"index, follow, max-snippet:-1, max-image-preview:large, max-video-preview:-1\" \/>\n<link rel=\"canonical\" href=\"https:\/\/theteddyslot.org\/fr\/connexion-et-inscription\/\" \/>\n<meta property=\"og:locale\" content=\"fr_FR\" \/>\n<meta property=\"og:type\" content=\"article\" \/>\n<meta property=\"og:title\" content=\"Teddyslot Login | Connexion ou Cr\u00e9ation de Compte\" \/>\n<meta property=\"og:description\" content=\"Connectez-vous \u00e0 Teddy Slot ou inscrivez-vous en quelques minutes. Acc\u00e9dez \u00e0 votre solde, bonus actifs, moyens de paiement et historique depuis un tableau de bord s\u00e9curis\u00e9.\" \/>\n<meta property=\"og:url\" content=\"https:\/\/theteddyslot.org\/fr\/connexion-et-inscription\/\" \/>\n<meta property=\"og:site_name\" content=\"teddyslot\" \/>\n<meta property=\"article:modified_time\" content=\"2026-04-13T13:44:35+00:00\" \/>\n<meta name=\"twitter:card\" content=\"summary_large_image\" \/>\n<meta name=\"twitter:label1\" content=\"Dur\u00e9e de lecture estim\u00e9e\" \/>\n\t<meta name=\"twitter:data1\" content=\"1 minute\" \/>\n<script type=\"application\/ld+json\" class=\"yoast-schema-graph\">{\"@context\":\"https:\\\/\\\/schema.org\",\"@graph\":[{\"@type\":\"WebPage\",\"@id\":\"https:\\\/\\\/theteddyslot.org\\\/fr\\\/connexion-et-inscription\\\/\",\"url\":\"https:\\\/\\\/theteddyslot.org\\\/fr\\\/connexion-et-inscription\\\/\",\"name\":\"Teddyslot Login | Connexion ou Cr\u00e9ation de Compte\",\"isPartOf\":{\"@id\":\"https:\\\/\\\/theteddyslot.org\\\/fr\\\/#website\"},\"datePublished\":\"2026-01-20T12:11:11+00:00\",\"dateModified\":\"2026-04-13T13:44:35+00:00\",\"description\":\"Connectez-vous \u00e0 Teddy Slot ou inscrivez-vous en quelques minutes. Acc\u00e9dez \u00e0 votre solde, bonus actifs, moyens de paiement et historique depuis un tableau de bord s\u00e9curis\u00e9.\",\"breadcrumb\":{\"@id\":\"https:\\\/\\\/theteddyslot.org\\\/fr\\\/connexion-et-inscription\\\/#breadcrumb\"},\"inLanguage\":\"fr-FR\",\"potentialAction\":[{\"@type\":\"ReadAction\",\"target\":[\"https:\\\/\\\/theteddyslot.org\\\/fr\\\/connexion-et-inscription\\\/\"]}]},{\"@type\":\"BreadcrumbList\",\"@id\":\"https:\\\/\\\/theteddyslot.org\\\/fr\\\/connexion-et-inscription\\\/#breadcrumb\",\"itemListElement\":[{\"@type\":\"ListItem\",\"position\":1,\"name\":\"Teddyslot\",\"item\":\"https:\\\/\\\/theteddyslot.org\\\/fr\\\/\"},{\"@type\":\"ListItem\",\"position\":2,\"name\":\"Connexion et inscription\"}]},{\"@type\":\"WebSite\",\"@id\":\"https:\\\/\\\/theteddyslot.org\\\/fr\\\/#website\",\"url\":\"https:\\\/\\\/theteddyslot.org\\\/fr\\\/\",\"name\":\"Teddyslot\",\"description\":\"\",\"publisher\":{\"@id\":\"https:\\\/\\\/theteddyslot.org\\\/fr\\\/#organization\"},\"potentialAction\":[{\"@type\":\"SearchAction\",\"target\":{\"@type\":\"EntryPoint\",\"urlTemplate\":\"https:\\\/\\\/theteddyslot.org\\\/fr\\\/?s={search_term_string}\"},\"query-input\":{\"@type\":\"PropertyValueSpecification\",\"valueRequired\":true,\"valueName\":\"search_term_string\"}}],\"inLanguage\":\"fr-FR\"},{\"@type\":\"Organization\",\"@id\":\"https:\\\/\\\/theteddyslot.org\\\/fr\\\/#organization\",\"name\":\"Teddyslot\",\"url\":\"https:\\\/\\\/theteddyslot.org\\\/fr\\\/\",\"logo\":{\"@type\":\"ImageObject\",\"inLanguage\":\"fr-FR\",\"@id\":\"https:\\\/\\\/theteddyslot.org\\\/fr\\\/#\\\/schema\\\/logo\\\/image\\\/\",\"url\":\"https:\\\/\\\/theteddyslot.org\\\/wp-content\\\/uploads\\\/2026\\\/04\\\/teddyslot-logo.png\",\"contentUrl\":\"https:\\\/\\\/theteddyslot.org\\\/wp-content\\\/uploads\\\/2026\\\/04\\\/teddyslot-logo.png\",\"width\":140,\"height\":32,\"caption\":\"Teddyslot\"},\"image\":{\"@id\":\"https:\\\/\\\/theteddyslot.org\\\/fr\\\/#\\\/schema\\\/logo\\\/image\\\/\"}}]}<\/script>\n<!-- \/ Yoast SEO plugin. -->","yoast_head_json":{"title":"Teddyslot Login | Connexion ou Cr\u00e9ation de Compte","description":"Connectez-vous \u00e0 Teddy Slot ou inscrivez-vous en quelques minutes. Acc\u00e9dez \u00e0 votre solde, bonus actifs, moyens de paiement et historique depuis un tableau de bord s\u00e9curis\u00e9.","robots":{"index":"index","follow":"follow","max-snippet":"max-snippet:-1","max-image-preview":"max-image-preview:large","max-video-preview":"max-video-preview:-1"},"canonical":"https:\/\/theteddyslot.org\/fr\/connexion-et-inscription\/","og_locale":"fr_FR","og_type":"article","og_title":"Teddyslot Login | Connexion ou Cr\u00e9ation de Compte","og_description":"Connectez-vous \u00e0 Teddy Slot ou inscrivez-vous en quelques minutes. Acc\u00e9dez \u00e0 votre solde, bonus actifs, moyens de paiement et historique depuis un tableau de bord s\u00e9curis\u00e9.","og_url":"https:\/\/theteddyslot.org\/fr\/connexion-et-inscription\/","og_site_name":"teddyslot","article_modified_time":"2026-04-13T13:44:35+00:00","twitter_card":"summary_large_image","twitter_misc":{"Dur\u00e9e de lecture estim\u00e9e":"1 minute"},"schema":{"@context":"https:\/\/schema.org","@graph":[{"@type":"WebPage","@id":"https:\/\/theteddyslot.org\/fr\/connexion-et-inscription\/","url":"https:\/\/theteddyslot.org\/fr\/connexion-et-inscription\/","name":"Teddyslot Login | Connexion ou Cr\u00e9ation de Compte","isPartOf":{"@id":"https:\/\/theteddyslot.org\/fr\/#website"},"datePublished":"2026-01-20T12:11:11+00:00","dateModified":"2026-04-13T13:44:35+00:00","description":"Connectez-vous \u00e0 Teddy Slot ou inscrivez-vous en quelques minutes. Acc\u00e9dez \u00e0 votre solde, bonus actifs, moyens de paiement et historique depuis un tableau de bord s\u00e9curis\u00e9.","breadcrumb":{"@id":"https:\/\/theteddyslot.org\/fr\/connexion-et-inscription\/#breadcrumb"},"inLanguage":"fr-FR","potentialAction":[{"@type":"ReadAction","target":["https:\/\/theteddyslot.org\/fr\/connexion-et-inscription\/"]}]},{"@type":"BreadcrumbList","@id":"https:\/\/theteddyslot.org\/fr\/connexion-et-inscription\/#breadcrumb","itemListElement":[{"@type":"ListItem","position":1,"name":"Teddyslot","item":"https:\/\/theteddyslot.org\/fr\/"},{"@type":"ListItem","position":2,"name":"Connexion et inscription"}]},{"@type":"WebSite","@id":"https:\/\/theteddyslot.org\/fr\/#website","url":"https:\/\/theteddyslot.org\/fr\/","name":"Teddyslot","description":"","publisher":{"@id":"https:\/\/theteddyslot.org\/fr\/#organization"},"potentialAction":[{"@type":"SearchAction","target":{"@type":"EntryPoint","urlTemplate":"https:\/\/theteddyslot.org\/fr\/?s={search_term_string}"},"query-input":{"@type":"PropertyValueSpecification","valueRequired":true,"valueName":"search_term_string"}}],"inLanguage":"fr-FR"},{"@type":"Organization","@id":"https:\/\/theteddyslot.org\/fr\/#organization","name":"Teddyslot","url":"https:\/\/theteddyslot.org\/fr\/","logo":{"@type":"ImageObject","inLanguage":"fr-FR","@id":"https:\/\/theteddyslot.org\/fr\/#\/schema\/logo\/image\/","url":"https:\/\/theteddyslot.org\/wp-content\/uploads\/2026\/04\/teddyslot-logo.png","contentUrl":"https:\/\/theteddyslot.org\/wp-content\/uploads\/2026\/04\/teddyslot-logo.png","width":140,"height":32,"caption":"Teddyslot"},"image":{"@id":"https:\/\/theteddyslot.org\/fr\/#\/schema\/logo\/image\/"}}]}},"_links":{"self":[{"href":"https:\/\/theteddyslot.org\/fr\/wp-json\/wp\/v2\/pages\/1482","targetHints":{"allow":["GET"]}}],"collection":[{"href":"https:\/\/theteddyslot.org\/fr\/wp-json\/wp\/v2\/pages"}],"about":[{"href":"https:\/\/theteddyslot.org\/fr\/wp-json\/wp\/v2\/types\/page"}],"author":[{"embeddable":true,"href":"https:\/\/theteddyslot.org\/fr\/wp-json\/wp\/v2\/users\/1"}],"replies":[{"embeddable":true,"href":"https:\/\/theteddyslot.org\/fr\/wp-json\/wp\/v2\/comments?post=1482"}],"version-history":[{"count":3,"href":"https:\/\/theteddyslot.org\/fr\/wp-json\/wp\/v2\/pages\/1482\/revisions"}],"predecessor-version":[{"id":2060,"href":"https:\/\/theteddyslot.org\/fr\/wp-json\/wp\/v2\/pages\/1482\/revisions\/2060"}],"wp:attachment":[{"href":"https:\/\/theteddyslot.org\/fr\/wp-json\/wp\/v2\/media?parent=1482"}],"curies":[{"name":"wp","href":"https:\/\/api.w.org\/{rel}","templated":true}]}}