{"id":1445,"date":"2026-01-20T12:08:23","date_gmt":"2026-01-20T12:08:23","guid":{"rendered":"https:\/\/bonuskongcasino.com\/app\/"},"modified":"2026-04-13T15:41:45","modified_gmt":"2026-04-13T14:41:45","slug":"applicazione","status":"publish","type":"page","link":"https:\/\/theteddyslot.org\/it\/applicazione\/","title":{"rendered":"Applicazione"},"content":{"rendered":"<h1>App Teddyslot: applicazione ufficiale<\/h1>\n<p>Teddyslot App offre ai giocatori del casin\u00f2 la massima mobilit\u00e0 con strumenti davvero all&#8217;avanguardia. \u00c8 stata realizzata con la tecnologia pi\u00f9 aggiornata. L&#8217;app garantisce un&#8217;esperienza di gioco fluida e affidabile che funziona su ogni dispositivo in tuo possesso. Teddyslot Casino \u00e8 ora disponibile per i giocatori italiani da qualsiasi luogo desiderino giocare.<\/p>\n<div class=\"banner-wrap\" aria-label=\"Banner\"><img src=\"https:\/\/theteddyslot.org\/wp-content\/uploads\/2026\/04\/teddyslot-bonus-desktop.webp\" class=\"w-100 d-none d-lg-block img-pc main-banner-img\" alt=\"teddyslot bonus desktop\" fetchpriority=\"high\" decoding=\"async\"><img src=\"https:\/\/theteddyslot.org\/wp-content\/uploads\/2026\/04\/teddyslot-bnr-mobile.webp\" class=\"w-100 d-none d-md-block d-lg-none main-banner-img\" alt=\"teddyslot bonus mobile\" fetchpriority=\"high\" decoding=\"async\"><img src=\"https:\/\/theteddyslot.org\/wp-content\/uploads\/2026\/04\/teddyslot-bnr-mobile.webp\" class=\"w-100 d-md-none\" alt=\"teddyslot bonus mobile\" fetchpriority=\"high\" decoding=\"async\"><div class=\"banner-description\">\n<div class=\"banner-title\">Bonus di benvenuto<\/div>\n<p class=\"banner-header-title\">1500 \u20ac<\/p>\n<div class=\"banner-header-AdditionalText\">+ 250 Giri gratuiti<\/div>\n<button data-item=\"homepage_banner_link\" class=\"goto m-button m-gradient-border m-button--primary m-button--large banner-button btn-orange\">\n            <div class=\"m-button-content\">\n                <span>Iscriviti ora<\/span>\n                <span><\/span>\n            <\/div>\n        <\/button>\n<\/div>\n<div class=\"WelcomePack\">\n<p><img loading=\"lazy\" decoding=\"async\" class=\"alignnone size-full wp-image-1841\" src=\"https:\/\/theteddyslot.org\/wp-content\/uploads\/2026\/04\/welcome-crown.png\" alt=\"crown\" width=\"25\" height=\"26\" \/><\/p>\n<div class=\"WelcomePack-Info\">Cashback settimanale fino al 25%<\/div>\n<p><img loading=\"lazy\" decoding=\"async\" class=\"alignnone size-full wp-image-1841\" src=\"https:\/\/theteddyslot.org\/wp-content\/uploads\/2026\/04\/welcome-crown.png\" alt=\"crown\" width=\"25\" height=\"26\" \/><\/p>\n<\/div>\n<\/div>\n<h2>Vantaggi e caratteristiche dell&#8217;app Teddyslot<\/h2>\n<p>Giocare su Teddy Slot Casino da un dispositivo mobile offre vantaggi che il gioco da desktop non pu\u00f2 eguagliare. Il design dell&#8217;app mette la reattivit\u00e0 al primo posto. Le pagine si caricano rapidamente e i comandi rispondono immediatamente. Le sessioni possono avvenire in qualsiasi momento quando si hanno 10 minuti a disposizione.<\/p>\n<p>Tutti i giochi del catalogo Teddyslot sono disponibili per gli utenti mobili. Questi includono slot online, tavoli con croupier dal vivo, giochi istantanei e altro ancora. Puoi navigare facilmente e accedere a oltre 6.000 giochi, offerte e strumenti per la gestione del tuo account.<\/p>\n<table>\n<tbody>\n<tr>\n<td>Cosa stai facendo<\/td>\n<td>Problema desktop<\/td>\n<td>Soluzione Teddyslot Mobile<\/td>\n<\/tr>\n<tr>\n<td>Giocare mentre si va al lavoro<\/td>\n<td>Devi trovare un computer, aprire un browser e navigare.<\/td>\n<td>Basta toccare l&#8217;icona, Face ID, e in 3 secondi stai gi\u00e0 giocando.<\/td>\n<\/tr>\n<tr>\n<td>Controllare lo stato dei bonus a met\u00e0 giornata<\/td>\n<td>Non puoi accedere al tuo computer da nessuna parte, quindi non sai a che punto sei finch\u00e9 non torni a casa.<\/td>\n<td>Puoi portare facilmente il tuo telefono ovunque, controllare i progressi all&#8217;istante e pianificare una sessione serale di conseguenza.<\/td>\n<\/tr>\n<tr>\n<td>Richiedere promozioni a tempo limitato<\/td>\n<td>Il bonus flash scade alle 14:00, ma non sei neanche vicino a un computer.<\/td>\n<td>Una notifica push ti avvisa sul telefono, puoi richiederlo immediatamente ovunque ti trovi.<\/td>\n<\/tr>\n<\/tbody>\n<\/table>\n<h3>Cos&#8217;\u00e8 l&#8217;app Teddyslot<\/h3>\n<p>L&#8217;app Teddyslot \u00e8 una PWA. Puoi utilizzare qualsiasi browser mobile, come Chrome, Firefox o Safari, per accedere alla nostra Progressive Web App. \u00c8 veloce, sicura e non richiede alcun download che rallenti il tuo telefono.<\/p>\n<p>Il software Teddy Slot funziona su qualsiasi dispositivo, si carica rapidamente e si aggiorna automaticamente senza interromperti. Poich\u00e9 \u00e8 leggero, la memoria del tuo telefono non ne risentir\u00e0 e potrai comunque utilizzare la chat live, contattare l&#8217;assistenza e completare il processo di verifica.<\/p>\n<p>Abbiamo eliminato tutti i problemi di sicurezza e la necessit\u00e0 di aggiornare manualmente l&#8217;app Teddyslot.<\/p>\n<p><div class=\"scrollable-content-wrap my-5\"><div class=\"scrollable-content-inner\"><h2>App Teddy Slot per Android<\/h2>\n<p>Installare l&#8217;app Teddyslot per Android \u00e8 facile per tutti gli utenti e ti permette di provare tutte le migliori funzionalit\u00e0 del nostro casin\u00f2 online. Segui i passaggi qui sotto per installare la nostra piattaforma, cos\u00ec potrai essere pi\u00f9 flessibile e accedervi con un solo clic:<\/p>\n<ol>\n<li>Sul sito web di Teddyslot Casino, devi cliccare sul pulsante &#8220;Altro&#8221;. Ha tre puntini e si trova nell&#8217;angolo della barra degli indirizzi.<\/li>\n<li>Gli utenti devono toccare &#8220;Aggiungi alla schermata Home&#8221; dall&#8217;elenco e poi toccare &#8220;Aggiungi&#8221; per confermare.<\/li>\n<li>Per spostare l&#8217;icona dell&#8217;app, toccala e tienila premuta, quindi trascinala nella posizione desiderata sullo schermo.<\/li>\n<\/ol>\n<p><img loading=\"lazy\" decoding=\"async\" class=\"alignnone size-full wp-image-1929\" src=\"https:\/\/theteddyslot.org\/wp-content\/uploads\/2026\/04\/Teddyslot-Android.webp\" alt=\"Teddyslot Android\" width=\"1248\" height=\"536\" srcset=\"https:\/\/theteddyslot.org\/wp-content\/uploads\/2026\/04\/Teddyslot-Android.webp 1248w, https:\/\/theteddyslot.org\/wp-content\/uploads\/2026\/04\/Teddyslot-Android-300x129.webp 300w, https:\/\/theteddyslot.org\/wp-content\/uploads\/2026\/04\/Teddyslot-Android-1024x440.webp 1024w, https:\/\/theteddyslot.org\/wp-content\/uploads\/2026\/04\/Teddyslot-Android-768x330.webp 768w\" sizes=\"auto, (max-width: 1248px) 100vw, 1248px\" \/><\/p>\n<\/div><\/div><div style=\"clear: both\"><\/div><div class=\"d-flex justify-content-center\"><button data-item=\"decouvrez_link\" data-group=\"website_links\" class=\"goto fw-bold rounded-pill btn btn-orange\" aria-label=\"Scarica l&#039;app Teddyslot\" >Scarica l&#039;app Teddyslot<\/button><\/div><div class=\"scrollable-content-wrap my-5\"><div class=\"scrollable-content-inner\"><h2>Applicazione mobile per iOS<\/h2>\n<p>Se hai un iPhone o un iPad, puoi accedere rapidamente al sito web di Teddyslot da qualsiasi browser tu preferisca. L\u00ec potrai usufruire di tutti i giochi, i bonus, le opzioni di pagamento e l&#8217;assistenza del team di supporto. Se hai gi\u00e0 utilizzato la nostra versione per PC, ti risulteranno familiari il design e la navigazione.<\/p>\n<p>Offriamo anche un&#8217;app iOS per Teddyslot Casino. Ci vogliono solo pochi minuti per configurarla. Ti garantiamo che il nostro casin\u00f2 mobile \u00e8 completamente sicuro. La crittografia TLS, nuova e all&#8217;avanguardia, protegge le tue informazioni personali e finanziarie da chiunque non debba avervi accesso. Tutti i membri di Teddyslot Casino possono attivare l&#8217;autenticazione a due fattori sui propri dispositivi per una maggiore sicurezza.<\/p>\n<p><img loading=\"lazy\" decoding=\"async\" class=\"alignnone size-full wp-image-1937\" src=\"https:\/\/theteddyslot.org\/wp-content\/uploads\/2026\/04\/Teddyslot-iOS.webp\" alt=\"Teddyslot iOS\" width=\"1248\" height=\"536\" srcset=\"https:\/\/theteddyslot.org\/wp-content\/uploads\/2026\/04\/Teddyslot-iOS.webp 1248w, https:\/\/theteddyslot.org\/wp-content\/uploads\/2026\/04\/Teddyslot-iOS-300x129.webp 300w, https:\/\/theteddyslot.org\/wp-content\/uploads\/2026\/04\/Teddyslot-iOS-1024x440.webp 1024w, https:\/\/theteddyslot.org\/wp-content\/uploads\/2026\/04\/Teddyslot-iOS-768x330.webp 768w\" sizes=\"auto, (max-width: 1248px) 100vw, 1248px\" \/><\/p>\n<\/div><\/div><div style=\"clear: both\"><\/div><div class=\"d-flex justify-content-center\"><button data-item=\"decouvrez_link\" data-group=\"website_links\" class=\"goto fw-bold rounded-pill btn btn-orange\" aria-label=\"Scarica Teddyslot\" >Scarica Teddyslot<\/button><\/div><div class=\"scrollable-content-wrap my-5\"><div class=\"scrollable-content-inner\"><h2>Applicazione Teddy Slot Casino su Mac o Windows<\/h2>\n<p>Tutti possono continuare a utilizzare Teddy Slot sul proprio computer, che rimane l&#8217;alternativa classica. Puoi utilizzare il nostro sito web su qualsiasi dispositivo Mac o Windows. L&#8217;interfaccia si adatter\u00e0 immediatamente alle dimensioni e alla risoluzione dello schermo. Puoi aggiungere un&#8217;icona di collegamento se desideri accedervi pi\u00f9 rapidamente e non vuoi doverlo cercare nel browser. Quando accedi alla pagina di Teddyslot Casino da un PC, tutto ci\u00f2 che devi fare \u00e8 cliccare sul pulsante &#8220;Aggiungi alla schermata Home&#8221;.<\/p>\n<p>Non limitiamo i nostri clienti a un determinato tipo di dispositivo o piattaforma. Ecco perch\u00e9 puoi scegliere l&#8217;alternativa migliore per ogni situazione.<\/p>\n<p><img loading=\"lazy\" decoding=\"async\" class=\"alignnone size-full wp-image-1945\" src=\"https:\/\/theteddyslot.org\/wp-content\/uploads\/2026\/04\/Teddyslot-Desktop.webp\" alt=\"Teddyslot Desktop\" width=\"1248\" height=\"536\" srcset=\"https:\/\/theteddyslot.org\/wp-content\/uploads\/2026\/04\/Teddyslot-Desktop.webp 1248w, https:\/\/theteddyslot.org\/wp-content\/uploads\/2026\/04\/Teddyslot-Desktop-300x129.webp 300w, https:\/\/theteddyslot.org\/wp-content\/uploads\/2026\/04\/Teddyslot-Desktop-1024x440.webp 1024w, https:\/\/theteddyslot.org\/wp-content\/uploads\/2026\/04\/Teddyslot-Desktop-768x330.webp 768w\" sizes=\"auto, (max-width: 1248px) 100vw, 1248px\" \/><\/p>\n<\/div><\/div><div style=\"clear: both\"><\/div><div class=\"d-flex justify-content-center\"><button data-item=\"decouvrez_link\" data-group=\"website_links\" class=\"goto fw-bold rounded-pill btn btn-orange\" aria-label=\"Scarica l&#039;app Teddyslot\" >Scarica l&#039;app Teddyslot<\/button><\/div><div class=\"scrollable-content-wrap my-5\"><div class=\"scrollable-content-inner\"><h2>Domande frequenti<\/h2>\n<h3>Posso scaricare l&#8217;app Teddyslot dall&#8217;App Store o da Google Play?<\/h3>\n<p>No, Teddyslot Casino non \u00e8 scaricabile dagli app store. Si tratta di una Progressive Web App (PWA). Puoi aggiungere l&#8217;icona alla tua schermata iniziale visitando il sito web di Teddyslot sul tuo telefono e installandola direttamente da l\u00ec. L&#8217;installazione richiede meno di un minuto. Se utilizzi Safari o Chrome, visita il sito e tocca &#8220;Aggiungi alla schermata iniziale&#8221;. L&#8217;icona dell&#8217;app sar\u00e0 pronta per l&#8217;uso.<\/p>\n<h3>Ci sono categorie di giochi solo per dispositivi mobili nell&#8217;app Teddy Slot?<\/h3>\n<p>No, l&#8217;app mobile e la versione desktop hanno la stessa libreria di giochi. Non ci sono categorie speciali per nessuna piattaforma. Tutti gli oltre 6.000 giochi che funzionano su PC funzionano anche su dispositivi mobili. Alcuni giochi potrebbero funzionare meglio con i comandi touchscreen dei dispositivi mobili, come alcuni giochi istantanei o slot con regole semplici. Ma puoi giocare a qualsiasi gioco su qualsiasi dispositivo senza alcun problema.<\/p>\n<h3>Gli ad blocker o le impostazioni VPN possono impedire il caricamento dei giochi su dispositivi mobili?<\/h3>\n<p>Alcuni filtri pubblicitari aggressivi impediscono il caricamento dei giochi bloccando script reali che ritengono essere tracker pubblicitari. Anche le VPN possono causare problemi se indirizzano il traffico attraverso luoghi in cui Teddyslot Casino non \u00e8 autorizzato a operare. Il sito vieta l&#8217;accesso dalle aree soggette a restrizioni. Se i giochi non si caricano, prova a disattivare gli ad blocker o a disconnettere la VPN per un breve periodo. Quando le impostazioni di privacy del browser sono impostate al livello pi\u00f9 alto, possono anche impedire l&#8217;uso dei cookie necessari, causando difficolt\u00e0 di accesso.<\/p>\n<h3>Posso ricevere notifiche push sul mio iPhone?<\/h3>\n<p>S\u00ec, una volta installata la PWA di Teddy Slot sul tuo iPhone, riceverai notifiche push relative all&#8217;attivit\u00e0 dell&#8217;account, alle promozioni, alla scadenza dei bonus e agli aggiornamenti sui tornei. Puoi modificare le impostazioni delle notifiche in qualsiasi momento.<\/p>\n<\/div><\/div><\/p>\n","protected":false},"excerpt":{"rendered":"<p>App Teddyslot: applicazione ufficiale Teddyslot App offre ai giocatori del casin\u00f2 la massima mobilit\u00e0 con strumenti davvero all&#8217;avanguardia. \u00c8 stata realizzata con la tecnologia pi\u00f9 aggiornata. L&#8217;app garantisce un&#8217;esperienza di gioco fluida e affidabile che funziona su ogni dispositivo in tuo possesso. Teddyslot Casino \u00e8 ora disponibile per i giocatori italiani da qualsiasi luogo desiderino [&hellip;]<\/p>\n","protected":false},"author":1,"featured_media":0,"parent":0,"menu_order":0,"comment_status":"closed","ping_status":"closed","template":"template-builder.php","meta":{"_acf_changed":false,"inline_featured_image":false,"footnotes":""},"class_list":["post-1445","page","type-page","status-publish","hentry"],"acf":[],"yoast_head":"<!-- This site is optimized with the Yoast SEO plugin v27.3 - https:\/\/yoast.com\/product\/yoast-seo-wordpress\/ -->\n<title>Teddyslot App | Applicazione Casin\u00f2 Mobile<\/title>\n<meta name=\"description\" content=\"L&#039;applicazione Teddy Slot funziona perfettamente su Android, iOS, Windows e macOS con account sincronizzati, aggiornamenti regolari e assistenza clienti integrata.\" \/>\n<meta name=\"robots\" content=\"index, follow, max-snippet:-1, max-image-preview:large, max-video-preview:-1\" \/>\n<link rel=\"canonical\" href=\"https:\/\/theteddyslot.org\/it\/applicazione\/\" \/>\n<meta property=\"og:locale\" content=\"it_IT\" \/>\n<meta property=\"og:type\" content=\"article\" \/>\n<meta property=\"og:title\" content=\"Teddyslot App | Applicazione Casin\u00f2 Mobile\" \/>\n<meta property=\"og:description\" content=\"L&#039;applicazione Teddy Slot funziona perfettamente su Android, iOS, Windows e macOS con account sincronizzati, aggiornamenti regolari e assistenza clienti integrata.\" \/>\n<meta property=\"og:url\" content=\"https:\/\/theteddyslot.org\/it\/applicazione\/\" \/>\n<meta property=\"og:site_name\" content=\"teddyslot\" \/>\n<meta property=\"article:modified_time\" content=\"2026-04-13T14:41:45+00:00\" \/>\n<meta name=\"twitter:card\" content=\"summary_large_image\" \/>\n<meta name=\"twitter:label1\" content=\"Est. reading time\" \/>\n\t<meta name=\"twitter:data1\" content=\"2 minutes\" \/>\n<script type=\"application\/ld+json\" class=\"yoast-schema-graph\">{\"@context\":\"https:\\\/\\\/schema.org\",\"@graph\":[{\"@type\":\"WebPage\",\"@id\":\"https:\\\/\\\/theteddyslot.org\\\/it\\\/applicazione\\\/\",\"url\":\"https:\\\/\\\/theteddyslot.org\\\/it\\\/applicazione\\\/\",\"name\":\"Teddyslot App | Applicazione Casin\u00f2 Mobile\",\"isPartOf\":{\"@id\":\"https:\\\/\\\/theteddyslot.org\\\/it\\\/#website\"},\"datePublished\":\"2026-01-20T12:08:23+00:00\",\"dateModified\":\"2026-04-13T14:41:45+00:00\",\"description\":\"L'applicazione Teddy Slot funziona perfettamente su Android, iOS, Windows e macOS con account sincronizzati, aggiornamenti regolari e assistenza clienti integrata.\",\"breadcrumb\":{\"@id\":\"https:\\\/\\\/theteddyslot.org\\\/it\\\/applicazione\\\/#breadcrumb\"},\"inLanguage\":\"it-IT\",\"potentialAction\":[{\"@type\":\"ReadAction\",\"target\":[\"https:\\\/\\\/theteddyslot.org\\\/it\\\/applicazione\\\/\"]}]},{\"@type\":\"BreadcrumbList\",\"@id\":\"https:\\\/\\\/theteddyslot.org\\\/it\\\/applicazione\\\/#breadcrumb\",\"itemListElement\":[{\"@type\":\"ListItem\",\"position\":1,\"name\":\"Teddyslot\",\"item\":\"https:\\\/\\\/theteddyslot.org\\\/it\\\/\"},{\"@type\":\"ListItem\",\"position\":2,\"name\":\"Applicazione\"}]},{\"@type\":\"WebSite\",\"@id\":\"https:\\\/\\\/theteddyslot.org\\\/it\\\/#website\",\"url\":\"https:\\\/\\\/theteddyslot.org\\\/it\\\/\",\"name\":\"Teddyslot\",\"description\":\"\",\"publisher\":{\"@id\":\"https:\\\/\\\/theteddyslot.org\\\/it\\\/#organization\"},\"potentialAction\":[{\"@type\":\"SearchAction\",\"target\":{\"@type\":\"EntryPoint\",\"urlTemplate\":\"https:\\\/\\\/theteddyslot.org\\\/it\\\/?s={search_term_string}\"},\"query-input\":{\"@type\":\"PropertyValueSpecification\",\"valueRequired\":true,\"valueName\":\"search_term_string\"}}],\"inLanguage\":\"it-IT\"},{\"@type\":\"Organization\",\"@id\":\"https:\\\/\\\/theteddyslot.org\\\/it\\\/#organization\",\"name\":\"Teddyslot\",\"url\":\"https:\\\/\\\/theteddyslot.org\\\/it\\\/\",\"logo\":{\"@type\":\"ImageObject\",\"inLanguage\":\"it-IT\",\"@id\":\"https:\\\/\\\/theteddyslot.org\\\/it\\\/#\\\/schema\\\/logo\\\/image\\\/\",\"url\":\"https:\\\/\\\/theteddyslot.org\\\/wp-content\\\/uploads\\\/2026\\\/04\\\/teddyslot-logo.png\",\"contentUrl\":\"https:\\\/\\\/theteddyslot.org\\\/wp-content\\\/uploads\\\/2026\\\/04\\\/teddyslot-logo.png\",\"width\":140,\"height\":32,\"caption\":\"Teddyslot\"},\"image\":{\"@id\":\"https:\\\/\\\/theteddyslot.org\\\/it\\\/#\\\/schema\\\/logo\\\/image\\\/\"}}]}<\/script>\n<!-- \/ Yoast SEO plugin. -->","yoast_head_json":{"title":"Teddyslot App | Applicazione Casin\u00f2 Mobile","description":"L'applicazione Teddy Slot funziona perfettamente su Android, iOS, Windows e macOS con account sincronizzati, aggiornamenti regolari e assistenza clienti integrata.","robots":{"index":"index","follow":"follow","max-snippet":"max-snippet:-1","max-image-preview":"max-image-preview:large","max-video-preview":"max-video-preview:-1"},"canonical":"https:\/\/theteddyslot.org\/it\/applicazione\/","og_locale":"it_IT","og_type":"article","og_title":"Teddyslot App | Applicazione Casin\u00f2 Mobile","og_description":"L'applicazione Teddy Slot funziona perfettamente su Android, iOS, Windows e macOS con account sincronizzati, aggiornamenti regolari e assistenza clienti integrata.","og_url":"https:\/\/theteddyslot.org\/it\/applicazione\/","og_site_name":"teddyslot","article_modified_time":"2026-04-13T14:41:45+00:00","twitter_card":"summary_large_image","twitter_misc":{"Est. reading time":"2 minutes"},"schema":{"@context":"https:\/\/schema.org","@graph":[{"@type":"WebPage","@id":"https:\/\/theteddyslot.org\/it\/applicazione\/","url":"https:\/\/theteddyslot.org\/it\/applicazione\/","name":"Teddyslot App | Applicazione Casin\u00f2 Mobile","isPartOf":{"@id":"https:\/\/theteddyslot.org\/it\/#website"},"datePublished":"2026-01-20T12:08:23+00:00","dateModified":"2026-04-13T14:41:45+00:00","description":"L'applicazione Teddy Slot funziona perfettamente su Android, iOS, Windows e macOS con account sincronizzati, aggiornamenti regolari e assistenza clienti integrata.","breadcrumb":{"@id":"https:\/\/theteddyslot.org\/it\/applicazione\/#breadcrumb"},"inLanguage":"it-IT","potentialAction":[{"@type":"ReadAction","target":["https:\/\/theteddyslot.org\/it\/applicazione\/"]}]},{"@type":"BreadcrumbList","@id":"https:\/\/theteddyslot.org\/it\/applicazione\/#breadcrumb","itemListElement":[{"@type":"ListItem","position":1,"name":"Teddyslot","item":"https:\/\/theteddyslot.org\/it\/"},{"@type":"ListItem","position":2,"name":"Applicazione"}]},{"@type":"WebSite","@id":"https:\/\/theteddyslot.org\/it\/#website","url":"https:\/\/theteddyslot.org\/it\/","name":"Teddyslot","description":"","publisher":{"@id":"https:\/\/theteddyslot.org\/it\/#organization"},"potentialAction":[{"@type":"SearchAction","target":{"@type":"EntryPoint","urlTemplate":"https:\/\/theteddyslot.org\/it\/?s={search_term_string}"},"query-input":{"@type":"PropertyValueSpecification","valueRequired":true,"valueName":"search_term_string"}}],"inLanguage":"it-IT"},{"@type":"Organization","@id":"https:\/\/theteddyslot.org\/it\/#organization","name":"Teddyslot","url":"https:\/\/theteddyslot.org\/it\/","logo":{"@type":"ImageObject","inLanguage":"it-IT","@id":"https:\/\/theteddyslot.org\/it\/#\/schema\/logo\/image\/","url":"https:\/\/theteddyslot.org\/wp-content\/uploads\/2026\/04\/teddyslot-logo.png","contentUrl":"https:\/\/theteddyslot.org\/wp-content\/uploads\/2026\/04\/teddyslot-logo.png","width":140,"height":32,"caption":"Teddyslot"},"image":{"@id":"https:\/\/theteddyslot.org\/it\/#\/schema\/logo\/image\/"}}]}},"_links":{"self":[{"href":"https:\/\/theteddyslot.org\/it\/wp-json\/wp\/v2\/pages\/1445","targetHints":{"allow":["GET"]}}],"collection":[{"href":"https:\/\/theteddyslot.org\/it\/wp-json\/wp\/v2\/pages"}],"about":[{"href":"https:\/\/theteddyslot.org\/it\/wp-json\/wp\/v2\/types\/page"}],"author":[{"embeddable":true,"href":"https:\/\/theteddyslot.org\/it\/wp-json\/wp\/v2\/users\/1"}],"replies":[{"embeddable":true,"href":"https:\/\/theteddyslot.org\/it\/wp-json\/wp\/v2\/comments?post=1445"}],"version-history":[{"count":4,"href":"https:\/\/theteddyslot.org\/it\/wp-json\/wp\/v2\/pages\/1445\/revisions"}],"predecessor-version":[{"id":2091,"href":"https:\/\/theteddyslot.org\/it\/wp-json\/wp\/v2\/pages\/1445\/revisions\/2091"}],"wp:attachment":[{"href":"https:\/\/theteddyslot.org\/it\/wp-json\/wp\/v2\/media?parent=1445"}],"curies":[{"name":"wp","href":"https:\/\/api.w.org\/{rel}","templated":true}]}}