{"id":1485,"date":"2026-01-20T12:11:11","date_gmt":"2026-01-20T12:11:11","guid":{"rendered":"https:\/\/bonuskongcasino.com\/login-and-registration\/"},"modified":"2026-04-13T15:44:11","modified_gmt":"2026-04-13T14:44:11","slug":"accesso-e-registrazione","status":"publish","type":"page","link":"https:\/\/theteddyslot.org\/it\/accesso-e-registrazione\/","title":{"rendered":"Accesso e registrazione"},"content":{"rendered":"<h1>Accesso a Teddyslot e registrazione dell&#8217;account<\/h1>\n<p>Ogni giocatore italiano pu\u00f2 godere di un\u2019ampia selezione di giochi, bonus esclusivi e funzionalit\u00e0 personalizzate nel casin\u00f2 dopo aver effettuato l\u2019accesso tramite il Teddyslot login. La nostra piattaforma \u00e8 il luogo ideale per trovare strumenti sicuri, facili e aggiornati per giocare online.<\/p>\n<p>Tutti gli utenti che hanno compiuto 18 anni possono completare la procedura di accesso rapido. Ti verr\u00e0 addebitato automaticamente il pacchetto di benvenuto se apri un account ed effettui il tuo primo deposito.<\/p>\n<p><div class=\"banner-wrap\" aria-label=\"Banner\"><img src=\"https:\/\/theteddyslot.org\/wp-content\/uploads\/2026\/04\/teddyslot-bonus-desktop.webp\" class=\"w-100 d-none d-lg-block img-pc main-banner-img\" alt=\"teddyslot bonus desktop\" fetchpriority=\"high\" decoding=\"async\"><img src=\"https:\/\/theteddyslot.org\/wp-content\/uploads\/2026\/04\/teddyslot-bnr-mobile.webp\" class=\"w-100 d-none d-md-block d-lg-none main-banner-img\" alt=\"teddyslot bonus mobile\" fetchpriority=\"high\" decoding=\"async\"><img src=\"https:\/\/theteddyslot.org\/wp-content\/uploads\/2026\/04\/teddyslot-bnr-mobile.webp\" class=\"w-100 d-md-none\" alt=\"teddyslot bonus mobile\" fetchpriority=\"high\" decoding=\"async\"><div class=\"banner-description\">\n<div class=\"banner-title\">Bonus di benvenuto<\/div>\n<p class=\"banner-header-title\">1500 \u20ac<\/p>\n<div class=\"banner-header-AdditionalText\">+ 250 Giri gratuiti<\/div>\n<button data-item=\"homepage_banner_link\" class=\"goto m-button m-gradient-border m-button--primary m-button--large banner-button btn-orange\">\n            <div class=\"m-button-content\">\n                <span>Iscriviti ora<\/span>\n                <span><\/span>\n            <\/div>\n        <\/button>\n<\/div>\n<div class=\"WelcomePack\">\n<p><img loading=\"lazy\" decoding=\"async\" class=\"alignnone size-full wp-image-1841\" src=\"https:\/\/theteddyslot.org\/wp-content\/uploads\/2026\/04\/welcome-crown.png\" alt=\"crown\" width=\"25\" height=\"26\" \/><\/p>\n<div class=\"WelcomePack-Info\">Cashback settimanale fino al 25%<\/div>\n<p><img loading=\"lazy\" decoding=\"async\" class=\"alignnone size-full wp-image-1841\" src=\"https:\/\/theteddyslot.org\/wp-content\/uploads\/2026\/04\/welcome-crown.png\" alt=\"crown\" width=\"25\" height=\"26\" \/><\/p>\n<\/div>\n<\/div><div class=\"scrollable-content-wrap my-5\"><div class=\"scrollable-content-inner\"><h2>Registrazione al casin\u00f2 Teddyslot<\/h2>\n<p>La registrazione al casin\u00f2 Teddy Slot richiede solo pochi minuti. A ogni giocatore \u00e8 consentito un solo account sul nostro sito. Anche se non sei ancora sicuro, il nostro obiettivo \u00e8 convincerti che condividere le tue informazioni personali con noi \u00e8 sicuro. Monitoriamo ogni accesso a Teddyslot per prevenire le frodi.<\/p>\n<table>\n<tbody>\n<tr>\n<td>Fasi di registrazione<\/td>\n<td>Procedura<\/td>\n<\/tr>\n<tr>\n<td>1<\/td>\n<td>Gli utenti devono cliccare sul pulsante nell&#8217;angolo in alto a destra della pagina principale per accedere al modulo di registrazione.<\/td>\n<\/tr>\n<tr>\n<td>2<\/td>\n<td>Quando si compila il modulo, \u00e8 necessario fornire un indirizzo e-mail valido e una password sicura.<\/td>\n<\/tr>\n<tr>\n<td>3<\/td>\n<td>Ogni nuovo giocatore deve spuntare le caselle per confermare di avere l&#8217;et\u00e0 richiesta e di accettare il regolamento di Teddyslot.<\/td>\n<\/tr>\n<tr>\n<td>4<\/td>\n<td>Dopo aver ricontrollato tutto, clicca sul pulsante alla fine del modulo per completare la registrazione.<\/td>\n<\/tr>\n<\/tbody>\n<\/table>\n<p><img loading=\"lazy\" decoding=\"async\" class=\"alignnone size-full wp-image-1953\" src=\"https:\/\/theteddyslot.org\/wp-content\/uploads\/2026\/04\/Teddyslot-Login.webp\" alt=\"Teddyslot Login\" width=\"1248\" height=\"536\" srcset=\"https:\/\/theteddyslot.org\/wp-content\/uploads\/2026\/04\/Teddyslot-Login.webp 1248w, https:\/\/theteddyslot.org\/wp-content\/uploads\/2026\/04\/Teddyslot-Login-300x129.webp 300w, https:\/\/theteddyslot.org\/wp-content\/uploads\/2026\/04\/Teddyslot-Login-1024x440.webp 1024w, https:\/\/theteddyslot.org\/wp-content\/uploads\/2026\/04\/Teddyslot-Login-768x330.webp 768w\" sizes=\"auto, (max-width: 1248px) 100vw, 1248px\" \/><\/p>\n<h2>Accedi e gestisci il tuo account Teddyslot<\/h2>\n<p>Una volta effettuato l&#8217;accesso, potrai fare tutto sul sito di Teddyslot Casino. Potrai giocare a qualsiasi gioco della libreria senza restrizioni, depositare denaro quando il tuo saldo si sta esaurendo, prelevare le vincite ottenute e modificare le impostazioni del tuo account per controllare ogni aspetto.<\/p>\n<p>C&#8217;\u00e8 una modalit\u00e0 demo, ma le cose diventano molto pi\u00f9 emozionanti una volta effettuato l&#8217;accesso, perch\u00e9 giocare per vincite reali \u00e8 molto motivante.<\/p>\n<h3>Come accedere al tuo account<\/h3>\n<p>Puoi stare tranquillo: l&#8217;accesso a Teddyslot \u00e8 veloce e sicuro. Basta andare sulla homepage e cercare la sezione in cui \u00e8 possibile effettuare l&#8217;accesso. Puoi accedere rapidamente alla dashboard del tuo account inserendo il tuo indirizzo e-mail e la password.<\/p>\n<p>Ti permettiamo anche di accedere con altre opzioni, come Google, per renderti le cose pi\u00f9 facili. In questo modo, i clienti possono unirsi a Teddyslot Casino immediatamente senza dover ricordare tante password. \u00c8 pi\u00f9 facile, ma la sicurezza rimane comunque eccellente.<\/p>\n<h3>Hai dimenticato la password?<\/h3>\n<p>Nel caso in cui dimentichi la tua password, Teddy Slot offre un modo semplice per recuperarla.<\/p>\n<ol>\n<li>Seleziona l&#8217;opzione &#8220;Hai dimenticato la password?&#8221; nella pagina di accesso di Teddyslot. Dopodich\u00e9, ti verr\u00e0 chiesto di inserire il tuo indirizzo e-mail registrato.<\/li>\n<li>Riceverai un&#8217;e-mail con le istruzioni su come accedere nuovamente se hai perso l&#8217;indirizzo e-mail o la password per Teddyslot Casino. Ci\u00f2 non pu\u00f2 accadere se non ricevi un&#8217;e-mail da parte nostra. Potrebbe essere finita nella cartella dello spam.<\/li>\n<li>Leggi l&#8217;e-mail e clicca sul link per creare una nuova password per il tuo account. In questo modo sar\u00e0 al sicuro e facile da usare.<\/li>\n<\/ol>\n<h2>Processo di verifica di Teddy Slot Casino<\/h2>\n<p>Su Teddyslot, c&#8217;\u00e8 un requisito rigoroso secondo cui ogni giocatore che si registra deve essere controllato. Ecco perch\u00e9 \u00e8 fondamentale conoscere il proprio cliente (KYC).<\/p>\n<p>La verifica dei documenti non richiede molto tempo; pu\u00f2 essere completata in uno o due giorni, o anche prima. Dipende da persona a persona. Se hai qualche dubbio, puoi scrivere al nostro servizio di assistenza multilingue. I documenti richiesti da Teddyslot Casino sono:<\/p>\n<ul>\n<li>La copia del passaporto contenente tutte le informazioni essenziali su di te.<\/li>\n<li>Bollette che dimostrino dove vivi e la prova del tuo metodo di pagamento.<\/li>\n<\/ul>\n<h2>Problemi comuni e soluzioni rapide<\/h2>\n<p>A volte potremmo dover bloccare o sospendere il tuo account. Ma non preoccuparti: c&#8217;\u00e8 sempre una soluzione. La tabella qui sotto contiene ulteriori informazioni su cosa fare quando qualcosa va storto su Teddy Slot.<\/p>\n<table>\n<tbody>\n<tr>\n<td>Trigger<\/td>\n<td>Cosa succede<\/td>\n<td>Cosa devi fare<\/td>\n<\/tr>\n<tr>\n<td>Lunghi periodi di inattivit\u00e0<\/td>\n<td>Il tuo account verr\u00e0 disconnesso automaticamente<\/td>\n<td>Basta effettuare nuovamente l&#8217;accesso per giocare<\/td>\n<\/tr>\n<tr>\n<td>Pi\u00f9 di un accesso a Teddyslot contemporaneamente<\/td>\n<td>Una sessione verr\u00e0 disconnessa<\/td>\n<td>Accedi da un dispositivo alla volta<\/td>\n<\/tr>\n<tr>\n<td>Scommesse rapide o comportamenti insoliti<\/td>\n<td>Il tuo account verr\u00e0 bloccato per un breve periodo<\/td>\n<td>Gli utenti devono contattare il team di assistenza tramite la chat live se ritengono che si tratti di un errore<\/td>\n<\/tr>\n<tr>\n<td>Modifica della password<\/td>\n<td>Tutte le sessioni attive sono state chiuse<\/td>\n<td>Accedi nuovamente con la tua nuova password<\/td>\n<\/tr>\n<\/tbody>\n<\/table>\n<h2>Domande frequenti<\/h2>\n<h3>Posso registrarmi dal mio telefono o ho bisogno di un computer?<\/h3>\n<p>La procedura di registrazione su TeddySlot \u00e8 la stessa sia su telefono che su computer. L&#8217;interfaccia mobile funziona su schermi pi\u00f9 piccoli senza saltare fasi o costringerti a passare a un PC nel bel mezzo della procedura. La maggior parte dei giocatori si registra in meno di cinque minuti direttamente dal proprio telefono.<\/p>\n<h3>Come posso creare una password sicura per il mio account Teddyslot?<\/h3>\n<p>Crea una password lunga almeno 10-12 caratteri che includa una combinazione di lettere maiuscole e minuscole, numeri e simboli. Evita schemi ovvi o informazioni personali che potrebbero essere trovate sui tuoi social network.<\/p>\n<h3>\u00c8 sicuro salvare la mia password di Teddy Slot nel browser?<\/h3>\n<p>I gestori di password per Chrome, Firefox e Safari crittografano le password salvate e le mantengono sincronizzate su tutti i tuoi dispositivi. Il rischio \u00e8 maggiore quando utilizzi un computer che pu\u00f2 essere utilizzato anche da altre persone, poich\u00e9 queste potrebbero vedere le tue credenziali salvate. L&#8217;archiviazione nel browser \u00e8 abbastanza sicura se sei l&#8217;unico a utilizzare il tuo dispositivo e se questo \u00e8 protetto da un codice di sblocco sicuro.<\/p>\n<\/div><\/div><\/p>\n","protected":false},"excerpt":{"rendered":"<p>Accesso a Teddyslot e registrazione dell&#8217;account Ogni giocatore italiano pu\u00f2 godere di un\u2019ampia selezione di giochi, bonus esclusivi e funzionalit\u00e0 personalizzate nel casin\u00f2 dopo aver effettuato l\u2019accesso tramite il Teddyslot login. La nostra piattaforma \u00e8 il luogo ideale per trovare strumenti sicuri, facili e aggiornati per giocare online. Tutti gli utenti che hanno compiuto 18 [&hellip;]<\/p>\n","protected":false},"author":1,"featured_media":0,"parent":0,"menu_order":0,"comment_status":"closed","ping_status":"closed","template":"template-builder.php","meta":{"_acf_changed":false,"inline_featured_image":false,"footnotes":""},"class_list":["post-1485","page","type-page","status-publish","hentry"],"acf":[],"yoast_head":"<!-- This site is optimized with the Yoast SEO plugin v27.3 - https:\/\/yoast.com\/product\/yoast-seo-wordpress\/ -->\n<title>Teddyslot Login | Accedi o Crea un Nuovo Account<\/title>\n<meta name=\"description\" content=\"Accedi a Teddy Slot o registrati in pochi minuti. Controlla il tuo saldo, i bonus attivi, i metodi di pagamento e la cronologia di gioco da un pannello sicuro.\" \/>\n<meta name=\"robots\" content=\"index, follow, max-snippet:-1, max-image-preview:large, max-video-preview:-1\" \/>\n<link rel=\"canonical\" href=\"https:\/\/theteddyslot.org\/it\/accesso-e-registrazione\/\" \/>\n<meta property=\"og:locale\" content=\"it_IT\" \/>\n<meta property=\"og:type\" content=\"article\" \/>\n<meta property=\"og:title\" content=\"Teddyslot Login | Accedi o Crea un Nuovo Account\" \/>\n<meta property=\"og:description\" content=\"Accedi a Teddy Slot o registrati in pochi minuti. Controlla il tuo saldo, i bonus attivi, i metodi di pagamento e la cronologia di gioco da un pannello sicuro.\" \/>\n<meta property=\"og:url\" content=\"https:\/\/theteddyslot.org\/it\/accesso-e-registrazione\/\" \/>\n<meta property=\"og:site_name\" content=\"teddyslot\" \/>\n<meta property=\"article:modified_time\" content=\"2026-04-13T14:44:11+00:00\" \/>\n<meta name=\"twitter:card\" content=\"summary_large_image\" \/>\n<meta name=\"twitter:label1\" content=\"Est. reading time\" \/>\n\t<meta name=\"twitter:data1\" content=\"1 minute\" \/>\n<script type=\"application\/ld+json\" class=\"yoast-schema-graph\">{\"@context\":\"https:\\\/\\\/schema.org\",\"@graph\":[{\"@type\":\"WebPage\",\"@id\":\"https:\\\/\\\/theteddyslot.org\\\/it\\\/accesso-e-registrazione\\\/\",\"url\":\"https:\\\/\\\/theteddyslot.org\\\/it\\\/accesso-e-registrazione\\\/\",\"name\":\"Teddyslot Login | Accedi o Crea un Nuovo Account\",\"isPartOf\":{\"@id\":\"https:\\\/\\\/theteddyslot.org\\\/it\\\/#website\"},\"datePublished\":\"2026-01-20T12:11:11+00:00\",\"dateModified\":\"2026-04-13T14:44:11+00:00\",\"description\":\"Accedi a Teddy Slot o registrati in pochi minuti. Controlla il tuo saldo, i bonus attivi, i metodi di pagamento e la cronologia di gioco da un pannello sicuro.\",\"breadcrumb\":{\"@id\":\"https:\\\/\\\/theteddyslot.org\\\/it\\\/accesso-e-registrazione\\\/#breadcrumb\"},\"inLanguage\":\"it-IT\",\"potentialAction\":[{\"@type\":\"ReadAction\",\"target\":[\"https:\\\/\\\/theteddyslot.org\\\/it\\\/accesso-e-registrazione\\\/\"]}]},{\"@type\":\"BreadcrumbList\",\"@id\":\"https:\\\/\\\/theteddyslot.org\\\/it\\\/accesso-e-registrazione\\\/#breadcrumb\",\"itemListElement\":[{\"@type\":\"ListItem\",\"position\":1,\"name\":\"Teddyslot\",\"item\":\"https:\\\/\\\/theteddyslot.org\\\/it\\\/\"},{\"@type\":\"ListItem\",\"position\":2,\"name\":\"Accesso e registrazione\"}]},{\"@type\":\"WebSite\",\"@id\":\"https:\\\/\\\/theteddyslot.org\\\/it\\\/#website\",\"url\":\"https:\\\/\\\/theteddyslot.org\\\/it\\\/\",\"name\":\"Teddyslot\",\"description\":\"\",\"publisher\":{\"@id\":\"https:\\\/\\\/theteddyslot.org\\\/it\\\/#organization\"},\"potentialAction\":[{\"@type\":\"SearchAction\",\"target\":{\"@type\":\"EntryPoint\",\"urlTemplate\":\"https:\\\/\\\/theteddyslot.org\\\/it\\\/?s={search_term_string}\"},\"query-input\":{\"@type\":\"PropertyValueSpecification\",\"valueRequired\":true,\"valueName\":\"search_term_string\"}}],\"inLanguage\":\"it-IT\"},{\"@type\":\"Organization\",\"@id\":\"https:\\\/\\\/theteddyslot.org\\\/it\\\/#organization\",\"name\":\"Teddyslot\",\"url\":\"https:\\\/\\\/theteddyslot.org\\\/it\\\/\",\"logo\":{\"@type\":\"ImageObject\",\"inLanguage\":\"it-IT\",\"@id\":\"https:\\\/\\\/theteddyslot.org\\\/it\\\/#\\\/schema\\\/logo\\\/image\\\/\",\"url\":\"https:\\\/\\\/theteddyslot.org\\\/wp-content\\\/uploads\\\/2026\\\/04\\\/teddyslot-logo.png\",\"contentUrl\":\"https:\\\/\\\/theteddyslot.org\\\/wp-content\\\/uploads\\\/2026\\\/04\\\/teddyslot-logo.png\",\"width\":140,\"height\":32,\"caption\":\"Teddyslot\"},\"image\":{\"@id\":\"https:\\\/\\\/theteddyslot.org\\\/it\\\/#\\\/schema\\\/logo\\\/image\\\/\"}}]}<\/script>\n<!-- \/ Yoast SEO plugin. -->","yoast_head_json":{"title":"Teddyslot Login | Accedi o Crea un Nuovo Account","description":"Accedi a Teddy Slot o registrati in pochi minuti. Controlla il tuo saldo, i bonus attivi, i metodi di pagamento e la cronologia di gioco da un pannello sicuro.","robots":{"index":"index","follow":"follow","max-snippet":"max-snippet:-1","max-image-preview":"max-image-preview:large","max-video-preview":"max-video-preview:-1"},"canonical":"https:\/\/theteddyslot.org\/it\/accesso-e-registrazione\/","og_locale":"it_IT","og_type":"article","og_title":"Teddyslot Login | Accedi o Crea un Nuovo Account","og_description":"Accedi a Teddy Slot o registrati in pochi minuti. Controlla il tuo saldo, i bonus attivi, i metodi di pagamento e la cronologia di gioco da un pannello sicuro.","og_url":"https:\/\/theteddyslot.org\/it\/accesso-e-registrazione\/","og_site_name":"teddyslot","article_modified_time":"2026-04-13T14:44:11+00:00","twitter_card":"summary_large_image","twitter_misc":{"Est. reading time":"1 minute"},"schema":{"@context":"https:\/\/schema.org","@graph":[{"@type":"WebPage","@id":"https:\/\/theteddyslot.org\/it\/accesso-e-registrazione\/","url":"https:\/\/theteddyslot.org\/it\/accesso-e-registrazione\/","name":"Teddyslot Login | Accedi o Crea un Nuovo Account","isPartOf":{"@id":"https:\/\/theteddyslot.org\/it\/#website"},"datePublished":"2026-01-20T12:11:11+00:00","dateModified":"2026-04-13T14:44:11+00:00","description":"Accedi a Teddy Slot o registrati in pochi minuti. Controlla il tuo saldo, i bonus attivi, i metodi di pagamento e la cronologia di gioco da un pannello sicuro.","breadcrumb":{"@id":"https:\/\/theteddyslot.org\/it\/accesso-e-registrazione\/#breadcrumb"},"inLanguage":"it-IT","potentialAction":[{"@type":"ReadAction","target":["https:\/\/theteddyslot.org\/it\/accesso-e-registrazione\/"]}]},{"@type":"BreadcrumbList","@id":"https:\/\/theteddyslot.org\/it\/accesso-e-registrazione\/#breadcrumb","itemListElement":[{"@type":"ListItem","position":1,"name":"Teddyslot","item":"https:\/\/theteddyslot.org\/it\/"},{"@type":"ListItem","position":2,"name":"Accesso e registrazione"}]},{"@type":"WebSite","@id":"https:\/\/theteddyslot.org\/it\/#website","url":"https:\/\/theteddyslot.org\/it\/","name":"Teddyslot","description":"","publisher":{"@id":"https:\/\/theteddyslot.org\/it\/#organization"},"potentialAction":[{"@type":"SearchAction","target":{"@type":"EntryPoint","urlTemplate":"https:\/\/theteddyslot.org\/it\/?s={search_term_string}"},"query-input":{"@type":"PropertyValueSpecification","valueRequired":true,"valueName":"search_term_string"}}],"inLanguage":"it-IT"},{"@type":"Organization","@id":"https:\/\/theteddyslot.org\/it\/#organization","name":"Teddyslot","url":"https:\/\/theteddyslot.org\/it\/","logo":{"@type":"ImageObject","inLanguage":"it-IT","@id":"https:\/\/theteddyslot.org\/it\/#\/schema\/logo\/image\/","url":"https:\/\/theteddyslot.org\/wp-content\/uploads\/2026\/04\/teddyslot-logo.png","contentUrl":"https:\/\/theteddyslot.org\/wp-content\/uploads\/2026\/04\/teddyslot-logo.png","width":140,"height":32,"caption":"Teddyslot"},"image":{"@id":"https:\/\/theteddyslot.org\/it\/#\/schema\/logo\/image\/"}}]}},"_links":{"self":[{"href":"https:\/\/theteddyslot.org\/it\/wp-json\/wp\/v2\/pages\/1485","targetHints":{"allow":["GET"]}}],"collection":[{"href":"https:\/\/theteddyslot.org\/it\/wp-json\/wp\/v2\/pages"}],"about":[{"href":"https:\/\/theteddyslot.org\/it\/wp-json\/wp\/v2\/types\/page"}],"author":[{"embeddable":true,"href":"https:\/\/theteddyslot.org\/it\/wp-json\/wp\/v2\/users\/1"}],"replies":[{"embeddable":true,"href":"https:\/\/theteddyslot.org\/it\/wp-json\/wp\/v2\/comments?post=1485"}],"version-history":[{"count":3,"href":"https:\/\/theteddyslot.org\/it\/wp-json\/wp\/v2\/pages\/1485\/revisions"}],"predecessor-version":[{"id":2093,"href":"https:\/\/theteddyslot.org\/it\/wp-json\/wp\/v2\/pages\/1485\/revisions\/2093"}],"wp:attachment":[{"href":"https:\/\/theteddyslot.org\/it\/wp-json\/wp\/v2\/media?parent=1485"}],"curies":[{"name":"wp","href":"https:\/\/api.w.org\/{rel}","templated":true}]}}