{"id":1447,"date":"2026-01-20T12:08:23","date_gmt":"2026-01-20T12:08:23","guid":{"rendered":"https:\/\/bonuskongcasino.com\/app\/"},"modified":"2026-04-13T15:57:05","modified_gmt":"2026-04-13T14:57:05","slug":"aplikacja","status":"publish","type":"page","link":"https:\/\/theteddyslot.org\/pl\/aplikacja\/","title":{"rendered":"Aplikacja"},"content":{"rendered":"<h1>Teddyslot App: oficjalna aplikacja<\/h1>\n<p>Teddyslot App zapewnia graczom kasynowym pe\u0142n\u0105 mobilno\u015b\u0107 dzi\u0119ki naprawd\u0119 nowatorskim narz\u0119dziom. Zosta\u0142a stworzona przy u\u017cyciu najnowszych technologii. Aplikacja zapewnia p\u0142ynn\u0105 i niezawodn\u0105 rozgrywk\u0119, kt\u00f3ra dzia\u0142a na ka\u017cdym urz\u0105dzeniu, kt\u00f3re posiadasz. Kasyno Teddyslot jest teraz dost\u0119pne dla polskich graczy z dowolnego miejsca, w kt\u00f3rym chc\u0105 gra\u0107.<\/p>\n<div class=\"banner-wrap\" aria-label=\"Banner\"><img src=\"https:\/\/theteddyslot.org\/wp-content\/uploads\/2026\/04\/teddyslot-bonus-desktop.webp\" class=\"w-100 d-none d-lg-block img-pc main-banner-img\" alt=\"teddyslot bonus desktop\" fetchpriority=\"high\" decoding=\"async\"><img src=\"https:\/\/theteddyslot.org\/wp-content\/uploads\/2026\/04\/teddyslot-bnr-mobile.webp\" class=\"w-100 d-none d-md-block d-lg-none main-banner-img\" alt=\"teddyslot bonus mobile\" fetchpriority=\"high\" decoding=\"async\"><img src=\"https:\/\/theteddyslot.org\/wp-content\/uploads\/2026\/04\/teddyslot-bnr-mobile.webp\" class=\"w-100 d-md-none\" alt=\"teddyslot bonus mobile\" fetchpriority=\"high\" decoding=\"async\"><div class=\"banner-description\">\n<div class=\"banner-title\">Bonusy powitalne<\/div>\n<p class=\"banner-header-title\">1500 \u20ac<\/p>\n<div class=\"banner-header-AdditionalText\">+ 250 Darmowe spiny<\/div>\n<button data-item=\"homepage_banner_link\" class=\"goto m-button m-gradient-border m-button--primary m-button--large banner-button btn-orange\">\n            <div class=\"m-button-content\">\n                <span>Zarejestruj si\u0119 teraz<\/span>\n                <span><\/span>\n            <\/div>\n        <\/button>\n<\/div>\n<div class=\"WelcomePack\">\n<p><img loading=\"lazy\" decoding=\"async\" class=\"alignnone size-full wp-image-1842\" src=\"https:\/\/theteddyslot.org\/wp-content\/uploads\/2026\/04\/welcome-crown.png\" alt=\"crown\" width=\"25\" height=\"26\" \/><\/p>\n<div class=\"WelcomePack-Info\">Cotygodniowy zwrot got\u00f3wki do 25%<\/div>\n<p><img loading=\"lazy\" decoding=\"async\" class=\"alignnone size-full wp-image-1842\" src=\"https:\/\/theteddyslot.org\/wp-content\/uploads\/2026\/04\/welcome-crown.png\" alt=\"crown\" width=\"25\" height=\"26\" \/><\/p>\n<\/div>\n<\/div>\n<h2>Zalety i funkcje aplikacji Teddyslot<\/h2>\n<p>Gra w kasynie Teddy Slot na urz\u0105dzeniu mobilnym oferuje zalety, kt\u00f3rych nie mo\u017ce zapewni\u0107 gra na komputerze stacjonarnym. Projekt aplikacji stawia responsywno\u015b\u0107 na pierwszym miejscu. Strony \u0142aduj\u0105 si\u0119 szybko, a elementy steruj\u0105ce reaguj\u0105 natychmiast. Sesje mog\u0105 odbywa\u0107 si\u0119 w dowolnym momencie, gdy masz 10 minut wolnego czasu.<\/p>\n<p>Wszystkie gry z katalogu Teddyslot s\u0105 dost\u0119pne dla u\u017cytkownik\u00f3w mobilnych. Obejmuj\u0105 one automaty online, sto\u0142y z krupierem na \u017cywo, gry b\u0142yskawiczne i wiele innych. Mo\u017cesz z \u0142atwo\u015bci\u0105 porusza\u0107 si\u0119 po serwisie i uzyska\u0107 dost\u0119p do ponad 6 000 gier, ofert oraz narz\u0119dzi do zarz\u0105dzania kontem.<\/p>\n<table>\n<tbody>\n<tr>\n<td>Co robisz<\/td>\n<td>Problem z komputerem stacjonarnym<\/td>\n<td>Rozwi\u0105zanie Teddyslot Mobile<\/td>\n<\/tr>\n<tr>\n<td>Gra w drodze do pracy<\/td>\n<td>Musisz znale\u017a\u0107 komputer, otworzy\u0107 przegl\u0105dark\u0119 i porusza\u0107 si\u0119 po stronie.<\/td>\n<td>Wystarczy dotkn\u0105\u0107 ikony, Face ID i ju\u017c po 3 sekundach grasz.<\/td>\n<\/tr>\n<tr>\n<td>Sprawdzanie statusu bonusu w ci\u0105gu dnia<\/td>\n<td>Nie masz dost\u0119pu do komputera stacjonarnego, wi\u0119c status pozostaje nieznany, dop\u00f3ki nie wr\u00f3cisz do domu.<\/td>\n<td>Telefon mo\u017cesz z \u0142atwo\u015bci\u0105 zabra\u0107 wsz\u0119dzie, natychmiast sprawdzi\u0107 post\u0119py i odpowiednio zaplanowa\u0107 wieczorn\u0105 sesj\u0119.<\/td>\n<\/tr>\n<tr>\n<td>Korzystanie z ograniczonych czasowo promocji<\/td>\n<td>O 14:00 pojawia si\u0119 bonus b\u0142yskawiczny \u2013 a ty nie masz nawet dost\u0119pu do komputera.<\/td>\n<td>Powiadomienie push pojawia si\u0119 na telefonie, mo\u017cesz odebra\u0107 bonus natychmiast, gdziekolwiek jeste\u015b.<\/td>\n<\/tr>\n<\/tbody>\n<\/table>\n<h3>Czym jest aplikacja Teddyslot<\/h3>\n<p>Aplikacja Teddyslot to PWA. Mo\u017cesz u\u017cywa\u0107 dowolnej przegl\u0105darki mobilnej, takiej jak Chrome, Firefox lub Safari, aby uzyska\u0107 dost\u0119p do naszej aplikacji Progressive Web App. Jest szybka, bezpieczna i nie wymaga \u017cadnych pobra\u0144, kt\u00f3re spowalniaj\u0105 telefon.<\/p>\n<p>Oprogramowanie Teddy Slot dzia\u0142a na ka\u017cdym urz\u0105dzeniu, szybko si\u0119 \u0142aduje i aktualizuje automatycznie, nie przeszkadzaj\u0105c Ci w pracy. Poniewa\u017c jest lekkie, nie zajmie du\u017co miejsca w pami\u0119ci telefonu, a Ty nadal mo\u017cesz korzysta\u0107 z czatu na \u017cywo, kontaktowa\u0107 si\u0119 z obs\u0142ug\u0105 klienta i zako\u0144czy\u0107 proces weryfikacji.<\/p>\n<p>Pozbyli\u015bmy si\u0119 wszystkich problem\u00f3w zwi\u0105zanych z bezpiecze\u0144stwem oraz konieczno\u015bci r\u0119cznej aktualizacji aplikacji Teddyslot.<\/p>\n<p><div class=\"scrollable-content-wrap my-5\"><div class=\"scrollable-content-inner\"><h2>Aplikacja Teddy Slot na Androida<\/h2>\n<p>Instalacja aplikacji Teddyslot na Androida jest \u0142atwa dla wszystkich u\u017cytkownik\u00f3w i pozwala korzysta\u0107 ze wszystkich najlepszych funkcji naszego kasyna online. Wykonaj poni\u017csze kroki, aby zainstalowa\u0107 nasz\u0105 platform\u0119, dzi\u0119ki czemu zyskasz wi\u0119ksz\u0105 elastyczno\u015b\u0107 i dost\u0119p do niej za pomoc\u0105 jednego klikni\u0119cia:<\/p>\n<ol>\n<li>Na stronie kasyna Teddyslot musisz klikn\u0105\u0107 przycisk \u201eWi\u0119cej\u201d. Ma on trzy kropki i znajduje si\u0119 w rogu paska adresu.<\/li>\n<li>U\u017cytkownicy musz\u0105 wybra\u0107 opcj\u0119 \u201eDodaj do ekranu g\u0142\u00f3wnego\u201d z listy, a nast\u0119pnie klikn\u0105\u0107 \u201eDodaj\u201d, aby potwierdzi\u0107.<\/li>\n<li>Aby przenie\u015b\u0107 ikon\u0119 aplikacji, naci\u015bnij j\u0105 i przytrzymaj, a nast\u0119pnie przeci\u0105gnij w wybrane miejsce na ekranie.<\/li>\n<\/ol>\n<p><img loading=\"lazy\" decoding=\"async\" class=\"alignnone size-full wp-image-1930\" src=\"https:\/\/theteddyslot.org\/wp-content\/uploads\/2026\/04\/Teddyslot-Android.webp\" alt=\"Teddyslot Android\" width=\"1248\" height=\"536\" srcset=\"https:\/\/theteddyslot.org\/wp-content\/uploads\/2026\/04\/Teddyslot-Android.webp 1248w, https:\/\/theteddyslot.org\/wp-content\/uploads\/2026\/04\/Teddyslot-Android-300x129.webp 300w, https:\/\/theteddyslot.org\/wp-content\/uploads\/2026\/04\/Teddyslot-Android-1024x440.webp 1024w, https:\/\/theteddyslot.org\/wp-content\/uploads\/2026\/04\/Teddyslot-Android-768x330.webp 768w\" sizes=\"auto, (max-width: 1248px) 100vw, 1248px\" \/><\/p>\n<\/div><\/div><div style=\"clear: both\"><\/div><div class=\"d-flex justify-content-center\"><button data-item=\"decouvrez_link\" data-group=\"website_links\" class=\"goto fw-bold rounded-pill btn btn-orange\" aria-label=\"Pobierz aplikacj\u0119 Teddyslot\" >Pobierz aplikacj\u0119 Teddyslot<\/button><\/div><div class=\"scrollable-content-wrap my-5\"><div class=\"scrollable-content-inner\"><h2>Aplikacja mobilna na iOS<\/h2>\n<p>Je\u015bli masz iPhone&#8217;a lub iPada, mo\u017cesz szybko przej\u015b\u0107 do strony Teddyslot z dowolnej przegl\u0105darki. Tam mo\u017cesz korzysta\u0107 ze wszystkich gier, bonus\u00f3w, opcji p\u0142atno\u015bci i pomocy od zespo\u0142u wsparcia. Je\u015bli korzysta\u0142e\u015b ju\u017c wcze\u015bniej z naszej wersji na PC, interfejs i nawigacja b\u0119d\u0105 Ci znane.<\/p>\n<p>Oferujemy r\u00f3wnie\u017c aplikacj\u0119 na iOS dla kasyna Teddyslot. Jej konfiguracja zajmuje tylko kilka minut. Gwarantujemy, \u017ce nasze mobilne kasyno jest ca\u0142kowicie bezpieczne. Nowoczesne szyfrowanie TLS chroni Twoje dane osobowe i finansowe przed osobami, kt\u00f3re nie powinny mie\u0107 do nich dost\u0119pu. Wszyscy cz\u0142onkowie kasyna Teddyslot mog\u0105 w\u0142\u0105czy\u0107 uwierzytelnianie dwusk\u0142adnikowe na swoich urz\u0105dzeniach, aby zapewni\u0107 sobie dodatkowe bezpiecze\u0144stwo.<\/p>\n<p><img loading=\"lazy\" decoding=\"async\" class=\"alignnone size-full wp-image-1938\" src=\"https:\/\/theteddyslot.org\/wp-content\/uploads\/2026\/04\/Teddyslot-iOS.webp\" alt=\"Teddyslot iOS\" width=\"1248\" height=\"536\" srcset=\"https:\/\/theteddyslot.org\/wp-content\/uploads\/2026\/04\/Teddyslot-iOS.webp 1248w, https:\/\/theteddyslot.org\/wp-content\/uploads\/2026\/04\/Teddyslot-iOS-300x129.webp 300w, https:\/\/theteddyslot.org\/wp-content\/uploads\/2026\/04\/Teddyslot-iOS-1024x440.webp 1024w, https:\/\/theteddyslot.org\/wp-content\/uploads\/2026\/04\/Teddyslot-iOS-768x330.webp 768w\" sizes=\"auto, (max-width: 1248px) 100vw, 1248px\" \/><\/p>\n<\/div><\/div><div style=\"clear: both\"><\/div><div class=\"d-flex justify-content-center\"><button data-item=\"decouvrez_link\" data-group=\"website_links\" class=\"goto fw-bold rounded-pill btn btn-orange\" aria-label=\"Pobierz Teddyslot\" >Pobierz Teddyslot<\/button><\/div><div class=\"scrollable-content-wrap my-5\"><div class=\"scrollable-content-inner\"><h2>Aplikacja Teddy Slot Casino na komputery Mac lub Windows<\/h2>\n<p>Ka\u017cdy mo\u017ce nadal korzysta\u0107 z Teddy Slot na komputerze stacjonarnym \u2013 to klasyczna opcja. Mo\u017cesz korzysta\u0107 z naszej strony na dowolnym urz\u0105dzeniu z systemem Mac lub Windows. Interfejs natychmiast dostosuje si\u0119 do rozmiaru i rozdzielczo\u015bci ekranu. Mo\u017cesz doda\u0107 ikon\u0119 skr\u00f3tu, je\u015bli chcesz szybciej do niej dotrze\u0107 i nie chcesz szuka\u0107 jej w przegl\u0105darce. Kiedy wchodzisz na stron\u0119 Teddyslot Casino z komputera, wystarczy klikn\u0105\u0107 przycisk \u201eDodaj do ekranu g\u0142\u00f3wnego\u201d.<\/p>\n<p>Nie ograniczamy naszych klient\u00f3w do okre\u015blonego typu urz\u0105dzenia lub platformy. Dlatego mo\u017cesz wybra\u0107 najlepsz\u0105 opcj\u0119 w ka\u017cdym przypadku.<\/p>\n<p><img loading=\"lazy\" decoding=\"async\" class=\"alignnone size-full wp-image-1946\" src=\"https:\/\/theteddyslot.org\/wp-content\/uploads\/2026\/04\/Teddyslot-Desktop.webp\" alt=\"Teddyslot Desktop\" width=\"1248\" height=\"536\" srcset=\"https:\/\/theteddyslot.org\/wp-content\/uploads\/2026\/04\/Teddyslot-Desktop.webp 1248w, https:\/\/theteddyslot.org\/wp-content\/uploads\/2026\/04\/Teddyslot-Desktop-300x129.webp 300w, https:\/\/theteddyslot.org\/wp-content\/uploads\/2026\/04\/Teddyslot-Desktop-1024x440.webp 1024w, https:\/\/theteddyslot.org\/wp-content\/uploads\/2026\/04\/Teddyslot-Desktop-768x330.webp 768w\" sizes=\"auto, (max-width: 1248px) 100vw, 1248px\" \/><\/p>\n<\/div><\/div><div style=\"clear: both\"><\/div><div class=\"d-flex justify-content-center\"><button data-item=\"decouvrez_link\" data-group=\"website_links\" class=\"goto fw-bold rounded-pill btn btn-orange\" aria-label=\"Pobierz aplikacj\u0119 Teddyslot\" >Pobierz aplikacj\u0119 Teddyslot<\/button><\/div><div class=\"scrollable-content-wrap my-5\"><div class=\"scrollable-content-inner\"><h2>FAQ<\/h2>\n<h3>Czy mog\u0119 pobra\u0107 aplikacj\u0119 Teddyslot z App Store lub Google Play?<\/h3>\n<p>Nie, kasyno Teddyslot nie jest dost\u0119pne do pobrania w sklepach z aplikacjami. Jest to progresywna aplikacja internetowa (PWA). Mo\u017cesz doda\u0107 ikon\u0119 do ekranu g\u0142\u00f3wnego, wchodz\u0105c na stron\u0119 Teddyslot na telefonie i instaluj\u0105c j\u0105 bezpo\u015brednio stamt\u0105d. Instalacja zajmuje zaledwie minut\u0119. Je\u015bli korzystasz z przegl\u0105darki Safari lub Chrome, wejd\u017a na stron\u0119 i kliknij \u201eDodaj do ekranu g\u0142\u00f3wnego\u201d. Ikona aplikacji b\u0119dzie gotowa do u\u017cycia.<\/p>\n<h3>Czy w aplikacji Teddy Slot s\u0105 jakie\u015b kategorie gier dost\u0119pne wy\u0142\u0105cznie na urz\u0105dzenia mobilne?<\/h3>\n<p>Nie, aplikacja mobilna i wersja na komputery stacjonarne maj\u0105 t\u0119 sam\u0105 bibliotek\u0119 gier. Nie ma specjalnych kategorii dla \u017cadnej platformy. Wszystkie ponad 6 000 gier, kt\u00f3re dzia\u0142aj\u0105 na komputerach PC, dzia\u0142aj\u0105 r\u00f3wnie\u017c na urz\u0105dzeniach mobilnych. Niekt\u00f3re gry mog\u0105 dzia\u0142a\u0107 lepiej z mobilnymi kontrolkami dotykowymi, na przyk\u0142ad niekt\u00f3re gry b\u0142yskawiczne lub automaty z prostymi zasadami. Jednak na ka\u017cdym urz\u0105dzeniu mo\u017cna bez problemu gra\u0107 w dowoln\u0105 gr\u0119.<\/p>\n<h3>Czy programy blokuj\u0105ce reklamy lub ustawienia VPN mog\u0105 zak\u0142\u00f3ca\u0107 \u0142adowanie gier na urz\u0105dzeniach mobilnych?<\/h3>\n<p>Niekt\u00f3re agresywne filtry reklamowe uniemo\u017cliwiaj\u0105 \u0142adowanie gier, blokuj\u0105c prawdziwe skrypty, kt\u00f3re uznaj\u0105 za narz\u0119dzia \u015bledz\u0105ce reklamy. Sieci VPN r\u00f3wnie\u017c mog\u0105 powodowa\u0107 problemy, je\u015bli kieruj\u0105 ruch przez miejsca, w kt\u00f3rych kasyno Teddyslot nie ma pozwolenia na dzia\u0142anie. Witryna blokuje dost\u0119p z obszar\u00f3w obj\u0119tych ograniczeniami. Je\u015bli gry si\u0119 nie \u0142aduj\u0105, spr\u00f3buj wy\u0142\u0105czy\u0107 blokady reklam lub na kr\u00f3tko od\u0142\u0105czy\u0107 VPN. Gdy ustawienia prywatno\u015bci przegl\u0105darki s\u0105 ustawione na najwy\u017cszy poziom, mog\u0105 one r\u00f3wnie\u017c blokowa\u0107 potrzebne pliki cookie, co mo\u017ce powodowa\u0107 trudno\u015bci z logowaniem.<\/p>\n<h3>Czy mog\u0119 otrzymywa\u0107 powiadomienia push na moim iPhonie?<\/h3>\n<p>Tak, po zainstalowaniu aplikacji PWA Teddy Slot na swoim iPhonie b\u0119dziesz otrzymywa\u0107 powiadomienia push dotycz\u0105ce aktywno\u015bci na koncie, promocji, wyga\u015bni\u0119cia bonus\u00f3w i aktualizacji turniej\u00f3w. Ustawienia powiadomie\u0144 mo\u017cesz zmieni\u0107 w dowolnym momencie.<\/p>\n<\/div><\/div><\/p>\n","protected":false},"excerpt":{"rendered":"<p>Teddyslot App: oficjalna aplikacja Teddyslot App zapewnia graczom kasynowym pe\u0142n\u0105 mobilno\u015b\u0107 dzi\u0119ki naprawd\u0119 nowatorskim narz\u0119dziom. Zosta\u0142a stworzona przy u\u017cyciu najnowszych technologii. Aplikacja zapewnia p\u0142ynn\u0105 i niezawodn\u0105 rozgrywk\u0119, kt\u00f3ra dzia\u0142a na ka\u017cdym urz\u0105dzeniu, kt\u00f3re posiadasz. Kasyno Teddyslot jest teraz dost\u0119pne dla polskich graczy z dowolnego miejsca, w kt\u00f3rym chc\u0105 gra\u0107. Zalety i funkcje aplikacji Teddyslot Gra [&hellip;]<\/p>\n","protected":false},"author":1,"featured_media":0,"parent":0,"menu_order":0,"comment_status":"closed","ping_status":"closed","template":"template-builder.php","meta":{"_acf_changed":false,"inline_featured_image":false,"footnotes":""},"class_list":["post-1447","page","type-page","status-publish","hentry"],"acf":[],"yoast_head":"<!-- This site is optimized with the Yoast SEO plugin v27.3 - https:\/\/yoast.com\/product\/yoast-seo-wordpress\/ -->\n<title>Teddyslot App | Mobilna Aplikacja Kasynowa<\/title>\n<meta name=\"description\" content=\"Aplikacja Teddy Slot dzia\u0142a p\u0142ynnie na Androidzie, iOS, Windowsie i macOS z synchronizacj\u0105 kont, regularnymi aktualizacjami i wbudowan\u0105 obs\u0142ug\u0105 klienta.\" \/>\n<meta name=\"robots\" content=\"index, follow, max-snippet:-1, max-image-preview:large, max-video-preview:-1\" \/>\n<link rel=\"canonical\" href=\"https:\/\/theteddyslot.org\/pl\/aplikacja\/\" \/>\n<meta property=\"og:locale\" content=\"pl_PL\" \/>\n<meta property=\"og:type\" content=\"article\" \/>\n<meta property=\"og:title\" content=\"Teddyslot App | Mobilna Aplikacja Kasynowa\" \/>\n<meta property=\"og:description\" content=\"Aplikacja Teddy Slot dzia\u0142a p\u0142ynnie na Androidzie, iOS, Windowsie i macOS z synchronizacj\u0105 kont, regularnymi aktualizacjami i wbudowan\u0105 obs\u0142ug\u0105 klienta.\" \/>\n<meta property=\"og:url\" content=\"https:\/\/theteddyslot.org\/pl\/aplikacja\/\" \/>\n<meta property=\"og:site_name\" content=\"teddyslot\" \/>\n<meta property=\"article:modified_time\" content=\"2026-04-13T14:57:05+00:00\" \/>\n<meta name=\"twitter:card\" content=\"summary_large_image\" \/>\n<meta name=\"twitter:label1\" content=\"Est. reading time\" \/>\n\t<meta name=\"twitter:data1\" content=\"2 minutes\" \/>\n<script type=\"application\/ld+json\" class=\"yoast-schema-graph\">{\"@context\":\"https:\\\/\\\/schema.org\",\"@graph\":[{\"@type\":\"WebPage\",\"@id\":\"https:\\\/\\\/theteddyslot.org\\\/pl\\\/aplikacja\\\/\",\"url\":\"https:\\\/\\\/theteddyslot.org\\\/pl\\\/aplikacja\\\/\",\"name\":\"Teddyslot App | Mobilna Aplikacja Kasynowa\",\"isPartOf\":{\"@id\":\"https:\\\/\\\/theteddyslot.org\\\/pl\\\/#website\"},\"datePublished\":\"2026-01-20T12:08:23+00:00\",\"dateModified\":\"2026-04-13T14:57:05+00:00\",\"description\":\"Aplikacja Teddy Slot dzia\u0142a p\u0142ynnie na Androidzie, iOS, Windowsie i macOS z synchronizacj\u0105 kont, regularnymi aktualizacjami i wbudowan\u0105 obs\u0142ug\u0105 klienta.\",\"breadcrumb\":{\"@id\":\"https:\\\/\\\/theteddyslot.org\\\/pl\\\/aplikacja\\\/#breadcrumb\"},\"inLanguage\":\"pl-PL\",\"potentialAction\":[{\"@type\":\"ReadAction\",\"target\":[\"https:\\\/\\\/theteddyslot.org\\\/pl\\\/aplikacja\\\/\"]}]},{\"@type\":\"BreadcrumbList\",\"@id\":\"https:\\\/\\\/theteddyslot.org\\\/pl\\\/aplikacja\\\/#breadcrumb\",\"itemListElement\":[{\"@type\":\"ListItem\",\"position\":1,\"name\":\"Teddyslot\",\"item\":\"https:\\\/\\\/theteddyslot.org\\\/pl\\\/\"},{\"@type\":\"ListItem\",\"position\":2,\"name\":\"Aplikacja\"}]},{\"@type\":\"WebSite\",\"@id\":\"https:\\\/\\\/theteddyslot.org\\\/pl\\\/#website\",\"url\":\"https:\\\/\\\/theteddyslot.org\\\/pl\\\/\",\"name\":\"Teddyslot\",\"description\":\"\",\"publisher\":{\"@id\":\"https:\\\/\\\/theteddyslot.org\\\/pl\\\/#organization\"},\"potentialAction\":[{\"@type\":\"SearchAction\",\"target\":{\"@type\":\"EntryPoint\",\"urlTemplate\":\"https:\\\/\\\/theteddyslot.org\\\/pl\\\/?s={search_term_string}\"},\"query-input\":{\"@type\":\"PropertyValueSpecification\",\"valueRequired\":true,\"valueName\":\"search_term_string\"}}],\"inLanguage\":\"pl-PL\"},{\"@type\":\"Organization\",\"@id\":\"https:\\\/\\\/theteddyslot.org\\\/pl\\\/#organization\",\"name\":\"Teddyslot\",\"url\":\"https:\\\/\\\/theteddyslot.org\\\/pl\\\/\",\"logo\":{\"@type\":\"ImageObject\",\"inLanguage\":\"pl-PL\",\"@id\":\"https:\\\/\\\/theteddyslot.org\\\/pl\\\/#\\\/schema\\\/logo\\\/image\\\/\",\"url\":\"https:\\\/\\\/theteddyslot.org\\\/wp-content\\\/uploads\\\/2026\\\/04\\\/teddyslot-logo.png\",\"contentUrl\":\"https:\\\/\\\/theteddyslot.org\\\/wp-content\\\/uploads\\\/2026\\\/04\\\/teddyslot-logo.png\",\"width\":140,\"height\":32,\"caption\":\"Teddyslot\"},\"image\":{\"@id\":\"https:\\\/\\\/theteddyslot.org\\\/pl\\\/#\\\/schema\\\/logo\\\/image\\\/\"}}]}<\/script>\n<!-- \/ Yoast SEO plugin. -->","yoast_head_json":{"title":"Teddyslot App | Mobilna Aplikacja Kasynowa","description":"Aplikacja Teddy Slot dzia\u0142a p\u0142ynnie na Androidzie, iOS, Windowsie i macOS z synchronizacj\u0105 kont, regularnymi aktualizacjami i wbudowan\u0105 obs\u0142ug\u0105 klienta.","robots":{"index":"index","follow":"follow","max-snippet":"max-snippet:-1","max-image-preview":"max-image-preview:large","max-video-preview":"max-video-preview:-1"},"canonical":"https:\/\/theteddyslot.org\/pl\/aplikacja\/","og_locale":"pl_PL","og_type":"article","og_title":"Teddyslot App | Mobilna Aplikacja Kasynowa","og_description":"Aplikacja Teddy Slot dzia\u0142a p\u0142ynnie na Androidzie, iOS, Windowsie i macOS z synchronizacj\u0105 kont, regularnymi aktualizacjami i wbudowan\u0105 obs\u0142ug\u0105 klienta.","og_url":"https:\/\/theteddyslot.org\/pl\/aplikacja\/","og_site_name":"teddyslot","article_modified_time":"2026-04-13T14:57:05+00:00","twitter_card":"summary_large_image","twitter_misc":{"Est. reading time":"2 minutes"},"schema":{"@context":"https:\/\/schema.org","@graph":[{"@type":"WebPage","@id":"https:\/\/theteddyslot.org\/pl\/aplikacja\/","url":"https:\/\/theteddyslot.org\/pl\/aplikacja\/","name":"Teddyslot App | Mobilna Aplikacja Kasynowa","isPartOf":{"@id":"https:\/\/theteddyslot.org\/pl\/#website"},"datePublished":"2026-01-20T12:08:23+00:00","dateModified":"2026-04-13T14:57:05+00:00","description":"Aplikacja Teddy Slot dzia\u0142a p\u0142ynnie na Androidzie, iOS, Windowsie i macOS z synchronizacj\u0105 kont, regularnymi aktualizacjami i wbudowan\u0105 obs\u0142ug\u0105 klienta.","breadcrumb":{"@id":"https:\/\/theteddyslot.org\/pl\/aplikacja\/#breadcrumb"},"inLanguage":"pl-PL","potentialAction":[{"@type":"ReadAction","target":["https:\/\/theteddyslot.org\/pl\/aplikacja\/"]}]},{"@type":"BreadcrumbList","@id":"https:\/\/theteddyslot.org\/pl\/aplikacja\/#breadcrumb","itemListElement":[{"@type":"ListItem","position":1,"name":"Teddyslot","item":"https:\/\/theteddyslot.org\/pl\/"},{"@type":"ListItem","position":2,"name":"Aplikacja"}]},{"@type":"WebSite","@id":"https:\/\/theteddyslot.org\/pl\/#website","url":"https:\/\/theteddyslot.org\/pl\/","name":"Teddyslot","description":"","publisher":{"@id":"https:\/\/theteddyslot.org\/pl\/#organization"},"potentialAction":[{"@type":"SearchAction","target":{"@type":"EntryPoint","urlTemplate":"https:\/\/theteddyslot.org\/pl\/?s={search_term_string}"},"query-input":{"@type":"PropertyValueSpecification","valueRequired":true,"valueName":"search_term_string"}}],"inLanguage":"pl-PL"},{"@type":"Organization","@id":"https:\/\/theteddyslot.org\/pl\/#organization","name":"Teddyslot","url":"https:\/\/theteddyslot.org\/pl\/","logo":{"@type":"ImageObject","inLanguage":"pl-PL","@id":"https:\/\/theteddyslot.org\/pl\/#\/schema\/logo\/image\/","url":"https:\/\/theteddyslot.org\/wp-content\/uploads\/2026\/04\/teddyslot-logo.png","contentUrl":"https:\/\/theteddyslot.org\/wp-content\/uploads\/2026\/04\/teddyslot-logo.png","width":140,"height":32,"caption":"Teddyslot"},"image":{"@id":"https:\/\/theteddyslot.org\/pl\/#\/schema\/logo\/image\/"}}]}},"_links":{"self":[{"href":"https:\/\/theteddyslot.org\/pl\/wp-json\/wp\/v2\/pages\/1447","targetHints":{"allow":["GET"]}}],"collection":[{"href":"https:\/\/theteddyslot.org\/pl\/wp-json\/wp\/v2\/pages"}],"about":[{"href":"https:\/\/theteddyslot.org\/pl\/wp-json\/wp\/v2\/types\/page"}],"author":[{"embeddable":true,"href":"https:\/\/theteddyslot.org\/pl\/wp-json\/wp\/v2\/users\/1"}],"replies":[{"embeddable":true,"href":"https:\/\/theteddyslot.org\/pl\/wp-json\/wp\/v2\/comments?post=1447"}],"version-history":[{"count":4,"href":"https:\/\/theteddyslot.org\/pl\/wp-json\/wp\/v2\/pages\/1447\/revisions"}],"predecessor-version":[{"id":2102,"href":"https:\/\/theteddyslot.org\/pl\/wp-json\/wp\/v2\/pages\/1447\/revisions\/2102"}],"wp:attachment":[{"href":"https:\/\/theteddyslot.org\/pl\/wp-json\/wp\/v2\/media?parent=1447"}],"curies":[{"name":"wp","href":"https:\/\/api.w.org\/{rel}","templated":true}]}}