{"id":1486,"date":"2026-01-20T12:11:11","date_gmt":"2026-01-20T12:11:11","guid":{"rendered":"https:\/\/bonuskongcasino.com\/login-and-registration\/"},"modified":"2026-04-13T15:58:45","modified_gmt":"2026-04-13T14:58:45","slug":"logowanie-i-rejestracja","status":"publish","type":"page","link":"https:\/\/theteddyslot.org\/pl\/logowanie-i-rejestracja\/","title":{"rendered":"Logowanie i rejestracja"},"content":{"rendered":"<h1>Logowanie do Teddyslot i rejestracja konta<\/h1>\n<p>Ka\u017cdy gracz z Polski mo\u017ce cieszy\u0107 si\u0119 szerokim wyborem gier, ekskluzywnymi bonusami i spersonalizowanymi funkcjami w kasynie po zalogowaniu si\u0119 przez Teddyslot login. Nasza platforma to \u015bwietne miejsce, gdzie znajdziesz bezpieczne, \u0142atwe w obs\u0142udze i nowoczesne narz\u0119dzia do grania w gry online.<\/p>\n<p>Wszyscy u\u017cytkownicy, kt\u00f3rzy uko\u0144czyli 18 lat, mog\u0105 przej\u015b\u0107 szybki proces logowania. Je\u015bli otworzysz konto i dokonasz pierwszej wp\u0142aty, automatycznie otrzymasz pakiet powitalny.<\/p>\n<p><div class=\"banner-wrap\" aria-label=\"Banner\"><img src=\"https:\/\/theteddyslot.org\/wp-content\/uploads\/2026\/04\/teddyslot-bonus-desktop.webp\" class=\"w-100 d-none d-lg-block img-pc main-banner-img\" alt=\"teddyslot bonus desktop\" fetchpriority=\"high\" decoding=\"async\"><img src=\"https:\/\/theteddyslot.org\/wp-content\/uploads\/2026\/04\/teddyslot-bnr-mobile.webp\" class=\"w-100 d-none d-md-block d-lg-none main-banner-img\" alt=\"teddyslot bonus mobile\" fetchpriority=\"high\" decoding=\"async\"><img src=\"https:\/\/theteddyslot.org\/wp-content\/uploads\/2026\/04\/teddyslot-bnr-mobile.webp\" class=\"w-100 d-md-none\" alt=\"teddyslot bonus mobile\" fetchpriority=\"high\" decoding=\"async\"><div class=\"banner-description\">\n<div class=\"banner-title\">Bonusy powitalne<\/div>\n<p class=\"banner-header-title\">1500 \u20ac<\/p>\n<div class=\"banner-header-AdditionalText\">+ 250 Darmowe spiny<\/div>\n<button data-item=\"homepage_banner_link\" class=\"goto m-button m-gradient-border m-button--primary m-button--large banner-button btn-orange\">\n            <div class=\"m-button-content\">\n                <span>Zarejestruj si\u0119 teraz<\/span>\n                <span><\/span>\n            <\/div>\n        <\/button>\n<\/div>\n<div class=\"WelcomePack\">\n<p><img loading=\"lazy\" decoding=\"async\" class=\"alignnone size-full wp-image-1842\" src=\"https:\/\/theteddyslot.org\/wp-content\/uploads\/2026\/04\/welcome-crown.png\" alt=\"crown\" width=\"25\" height=\"26\" \/><\/p>\n<div class=\"WelcomePack-Info\">Cotygodniowy zwrot got\u00f3wki do 25%<\/div>\n<p><img loading=\"lazy\" decoding=\"async\" class=\"alignnone size-full wp-image-1842\" src=\"https:\/\/theteddyslot.org\/wp-content\/uploads\/2026\/04\/welcome-crown.png\" alt=\"crown\" width=\"25\" height=\"26\" \/><\/p>\n<\/div>\n<\/div><div class=\"scrollable-content-wrap my-5\"><div class=\"scrollable-content-inner\"><h2>Rejestracja w kasynie Teddyslot<\/h2>\n<p>Rejestracja w kasynie Teddy Slot zajmuje tylko kilka minut. Ka\u017cdy gracz mo\u017ce posiada\u0107 tylko jedno konto na naszej stronie. Nawet je\u015bli nadal nie jeste\u015b pewien, chcemy Ci\u0119 przekona\u0107, \u017ce udost\u0119pnienie nam swoich danych osobowych jest bezpieczne. Monitorujemy ka\u017cde logowanie do Teddyslot, aby zapobiega\u0107 oszustwom.<\/p>\n<table>\n<tbody>\n<tr>\n<td>Kroki rejestracji<\/td>\n<td>Proces<\/td>\n<\/tr>\n<tr>\n<td>1<\/td>\n<td>Aby przej\u015b\u0107 do formularza rejestracyjnego, nale\u017cy klikn\u0105\u0107 przycisk w prawym g\u00f3rnym rogu strony g\u0142\u00f3wnej.<\/td>\n<\/tr>\n<tr>\n<td>2<\/td>\n<td>Podczas wype\u0142niania formularza nale\u017cy poda\u0107 dzia\u0142aj\u0105cy adres e-mail oraz bezpieczne has\u0142o.<\/td>\n<\/tr>\n<tr>\n<td>3<\/td>\n<td>Ka\u017cdy nowy gracz musi zaznaczy\u0107 pola, aby potwierdzi\u0107, \u017ce osi\u0105gn\u0105\u0142 wymagany wiek i zgadza si\u0119 z regulaminem Teddyslot.<\/td>\n<\/tr>\n<tr>\n<td>4<\/td>\n<td>Po ponownym sprawdzeniu wszystkich danych nale\u017cy klikn\u0105\u0107 przycisk na ko\u0144cu formularza, aby zako\u0144czy\u0107 rejestracj\u0119.<\/td>\n<\/tr>\n<\/tbody>\n<\/table>\n<p><img loading=\"lazy\" decoding=\"async\" class=\"alignnone size-full wp-image-1954\" src=\"https:\/\/theteddyslot.org\/wp-content\/uploads\/2026\/04\/Teddyslot-Login.webp\" alt=\"Teddyslot Login\" width=\"1248\" height=\"536\" srcset=\"https:\/\/theteddyslot.org\/wp-content\/uploads\/2026\/04\/Teddyslot-Login.webp 1248w, https:\/\/theteddyslot.org\/wp-content\/uploads\/2026\/04\/Teddyslot-Login-300x129.webp 300w, https:\/\/theteddyslot.org\/wp-content\/uploads\/2026\/04\/Teddyslot-Login-1024x440.webp 1024w, https:\/\/theteddyslot.org\/wp-content\/uploads\/2026\/04\/Teddyslot-Login-768x330.webp 768w\" sizes=\"auto, (max-width: 1248px) 100vw, 1248px\" \/><\/p>\n<h2>Zaloguj si\u0119 i zarz\u0105dzaj swoim kontem w Teddyslot<\/h2>\n<p>Po zalogowaniu si\u0119 mo\u017cesz robi\u0107 wszystko na stronie kasyna Teddyslot. Mo\u017cesz gra\u0107 w dowoln\u0105 gr\u0119 z biblioteki bez ogranicze\u0144, wp\u0142aca\u0107 pieni\u0105dze, gdy saldo si\u0119 wyczerpie, wyp\u0142aca\u0107 wygrane z udanych sesji oraz dostosowywa\u0107 ustawienia konta, aby kontrolowa\u0107 wszystko.<\/p>\n<p>Dost\u0119pny jest tryb demo, ale po zalogowaniu si\u0119 gra staje si\u0119 znacznie bardziej ekscytuj\u0105ca, poniewa\u017c gra o prawdziwe wygrane jest bardzo motywuj\u0105ca.<\/p>\n<h3>Jak zalogowa\u0107 si\u0119 na swoje konto<\/h3>\n<p>Mo\u017cesz mie\u0107 pewno\u015b\u0107, \u017ce logowanie do Teddyslot jest szybkie i bezpieczne. Wystarczy przej\u015b\u0107 do strony g\u0142\u00f3wnej i znale\u017a\u0107 sekcj\u0119, w kt\u00f3rej mo\u017cna si\u0119 zalogowa\u0107. Mo\u017cesz szybko uzyska\u0107 dost\u0119p do pulpitu nawigacyjnego swojego konta, wprowadzaj\u0105c adres e-mail i has\u0142o.<\/p>\n<p>Umo\u017cliwiamy r\u00f3wnie\u017c logowanie za pomoc\u0105 innych opcji, takich jak Google, aby u\u0142atwi\u0107 Ci korzystanie z serwisu. W ten spos\u00f3b klienci mog\u0105 natychmiast do\u0142\u0105czy\u0107 do kasyna Teddyslot bez konieczno\u015bci zapami\u0119tywania wielu hase\u0142. Jest to \u0142atwiejsze, a bezpiecze\u0144stwo pozostaje na najwy\u017cszym poziomie.<\/p>\n<h3>Zapomnia\u0142e\u015b has\u0142a?<\/h3>\n<p>Je\u015bli zapomnia\u0142e\u015b has\u0142a, Teddy Slot oferuje prosty spos\u00f3b na jego odzyskanie.<\/p>\n<ol>\n<li>Wybierz opcj\u0119 \u201eZapomnia\u0142e\u015b has\u0142a?\u201d na stronie logowania Teddyslot. Nast\u0119pnie zostaniesz poproszony o wpisanie zarejestrowanego adresu e-mail.<\/li>\n<li>Otrzymasz wiadomo\u015b\u0107 e-mail z instrukcjami, jak odzyska\u0107 dost\u0119p, je\u015bli zgubisz adres e-mail lub has\u0142o do kasyna Teddyslot. Nie mo\u017ce si\u0119 to zdarzy\u0107, je\u015bli nie otrzymasz od nas wiadomo\u015bci e-mail. By\u0107 mo\u017ce znajduje si\u0119 ona w folderze ze spamem.<\/li>\n<li>Przeczytaj wiadomo\u015b\u0107 e-mail i kliknij link, aby utworzy\u0107 nowe has\u0142o do swojego konta. Dzi\u0119ki temu b\u0119dzie ono bezpieczne i \u0142atwe w u\u017cyciu.<\/li>\n<\/ol>\n<h2>Proces weryfikacji w kasynie Teddy Slot<\/h2>\n<p>W Teddyslot obowi\u0105zuje rygorystyczny wym\u00f3g, aby ka\u017cdy gracz, kt\u00f3ry do nas do\u0142\u0105cza, zosta\u0142 sprawdzony. Dlatego tak wa\u017cne jest poznanie klienta (KYC).<\/p>\n<p>Weryfikacja dokument\u00f3w nie zajmuje du\u017co czasu; mo\u017cna j\u0105 przeprowadzi\u0107 w ci\u0105gu jednego do dw\u00f3ch dni, a nawet szybciej. W przypadku ka\u017cdej osoby jest to inne. Je\u015bli co\u015b Ci\u0119 martwi, mo\u017cesz napisa\u0107 do naszego wieloj\u0119zycznego dzia\u0142u obs\u0142ugi klienta. Dokumenty wymagane przez kasyno Teddyslot to:<\/p>\n<ul>\n<li>Kopia paszportu zawieraj\u0105ca wszystkie istotne informacje o Tobie.<\/li>\n<li>Rachunki za media potwierdzaj\u0105ce miejsce zamieszkania oraz dow\u00f3d posiadanej metody p\u0142atno\u015bci.<\/li>\n<\/ul>\n<h2>Typowe problemy i szybkie rozwi\u0105zania<\/h2>\n<p>Czasami mo\u017ce zaistnie\u0107 konieczno\u015b\u0107 zablokowania lub zawieszenia Twojego konta. Nie martw si\u0119 jednak \u2013 zawsze istnieje rozwi\u0105zanie. Poni\u017csza tabela zawiera wi\u0119cej informacji na temat tego, co nale\u017cy zrobi\u0107, gdy w Teddy Slot wyst\u0105pi\u0105 problemy.<\/p>\n<table>\n<tbody>\n<tr>\n<td>Wyzwalacz<\/td>\n<td>Co si\u0119 dzieje<\/td>\n<td>Co nale\u017cy zrobi\u0107<\/td>\n<\/tr>\n<tr>\n<td>D\u0142ugie okresy braku aktywno\u015bci<\/td>\n<td>Twoje konto zostanie automatycznie wylogowane<\/td>\n<td>Wystarczy zalogowa\u0107 si\u0119 ponownie, aby gra\u0107 dalej<\/td>\n<\/tr>\n<tr>\n<td>Wi\u0119cej ni\u017c jedno logowanie do Teddyslot w tym samym czasie<\/td>\n<td>Jedna sesja zostanie wylogowana<\/td>\n<td>Loguj si\u0119 tylko z jednego urz\u0105dzenia na raz<\/td>\n<\/tr>\n<tr>\n<td>Szybkie zak\u0142ady lub nietypowe zachowanie<\/td>\n<td>Twoje konto zostanie zablokowane na kr\u00f3tki czas<\/td>\n<td>U\u017cytkownicy powinni skontaktowa\u0107 si\u0119 z zespo\u0142em pomocy technicznej za po\u015brednictwem czatu na \u017cywo, je\u015bli uwa\u017caj\u0105, \u017ce to pomy\u0142ka<\/td>\n<\/tr>\n<tr>\n<td>Zmiana has\u0142a<\/td>\n<td>Wszystkie aktywne sesje zosta\u0142y zamkni\u0119te<\/td>\n<td>Zaloguj si\u0119 ponownie przy u\u017cyciu nowego has\u0142a<\/td>\n<\/tr>\n<\/tbody>\n<\/table>\n<h2>Cz\u0119sto zadawane pytania<\/h2>\n<h3>Czy mog\u0119 zarejestrowa\u0107 si\u0119 z telefonu, czy potrzebuj\u0119 komputera?<\/h3>\n<p>Proces rejestracji w TeddySlot przebiega tak samo na telefonach, jak i na komputerach stacjonarnych. Interfejs mobilny dzia\u0142a na mniejszych ekranach bez pomijania etap\u00f3w lub konieczno\u015bci prze\u0142\u0105czania si\u0119 na komputer w trakcie procedury. Wi\u0119kszo\u015b\u0107 graczy rejestruje si\u0119 w mniej ni\u017c pi\u0119\u0107 minut bezpo\u015brednio ze swoich telefon\u00f3w.<\/p>\n<h3>Jak utworzy\u0107 silne has\u0142o do mojego konta w Teddyslot?<\/h3>\n<p>Stw\u00f3rz has\u0142o, kt\u00f3re ma co najmniej 10\u201312 znak\u00f3w i zawiera kombinacj\u0119 wielkich i ma\u0142ych liter, cyfr oraz symboli. Unikaj oczywistych wzor\u00f3w lub danych osobowych, kt\u00f3re mo\u017cna znale\u017a\u0107 w Twoich sieciach spo\u0142eczno\u015bciowych.<\/p>\n<h3>Czy zapisywanie has\u0142a do Teddy Slot w przegl\u0105darce jest bezpieczne?<\/h3>\n<p>Mened\u017cery hase\u0142 dla przegl\u0105darek Chrome, Firefox i Safari szyfruj\u0105 zapisane has\u0142a i synchronizuj\u0105 je na wszystkich Twoich urz\u0105dzeniach. Ryzyko jest wi\u0119ksze, gdy korzystasz z komputera, z kt\u00f3rego mog\u0105 korzysta\u0107 r\u00f3wnie\u017c inne osoby, poniewa\u017c mog\u0105 one zobaczy\u0107 Twoje zapisane dane logowania. Pami\u0119\u0107 przegl\u0105darki jest do\u015b\u0107 bezpieczna, je\u015bli jeste\u015b jedyn\u0105 osob\u0105 korzystaj\u0105c\u0105 z urz\u0105dzenia i ma ono silny kod odblokowuj\u0105cy.<\/p>\n<\/div><\/div><\/p>\n","protected":false},"excerpt":{"rendered":"<p>Logowanie do Teddyslot i rejestracja konta Ka\u017cdy gracz z Polski mo\u017ce cieszy\u0107 si\u0119 szerokim wyborem gier, ekskluzywnymi bonusami i spersonalizowanymi funkcjami w kasynie po zalogowaniu si\u0119 przez Teddyslot login. Nasza platforma to \u015bwietne miejsce, gdzie znajdziesz bezpieczne, \u0142atwe w obs\u0142udze i nowoczesne narz\u0119dzia do grania w gry online. Wszyscy u\u017cytkownicy, kt\u00f3rzy uko\u0144czyli 18 lat, mog\u0105 [&hellip;]<\/p>\n","protected":false},"author":1,"featured_media":0,"parent":0,"menu_order":0,"comment_status":"closed","ping_status":"closed","template":"template-builder.php","meta":{"_acf_changed":false,"inline_featured_image":false,"footnotes":""},"class_list":["post-1486","page","type-page","status-publish","hentry"],"acf":[],"yoast_head":"<!-- This site is optimized with the Yoast SEO plugin v27.3 - https:\/\/yoast.com\/product\/yoast-seo-wordpress\/ -->\n<title>Teddyslot Login | Zaloguj si\u0119 lub Utw\u00f3rz Konto<\/title>\n<meta name=\"description\" content=\"Zaloguj si\u0119 do Teddy Slot lub zarejestruj si\u0119 w kilka minut. Sprawd\u017a saldo, aktywne bonusy, metody p\u0142atno\u015bci i histori\u0119 gier w jednym bezpiecznym panelu.\" \/>\n<meta name=\"robots\" content=\"index, follow, max-snippet:-1, max-image-preview:large, max-video-preview:-1\" \/>\n<link rel=\"canonical\" href=\"https:\/\/theteddyslot.org\/pl\/logowanie-i-rejestracja\/\" \/>\n<meta property=\"og:locale\" content=\"pl_PL\" \/>\n<meta property=\"og:type\" content=\"article\" \/>\n<meta property=\"og:title\" content=\"Teddyslot Login | Zaloguj si\u0119 lub Utw\u00f3rz Konto\" \/>\n<meta property=\"og:description\" content=\"Zaloguj si\u0119 do Teddy Slot lub zarejestruj si\u0119 w kilka minut. Sprawd\u017a saldo, aktywne bonusy, metody p\u0142atno\u015bci i histori\u0119 gier w jednym bezpiecznym panelu.\" \/>\n<meta property=\"og:url\" content=\"https:\/\/theteddyslot.org\/pl\/logowanie-i-rejestracja\/\" \/>\n<meta property=\"og:site_name\" content=\"teddyslot\" \/>\n<meta property=\"article:modified_time\" content=\"2026-04-13T14:58:45+00:00\" \/>\n<meta name=\"twitter:card\" content=\"summary_large_image\" \/>\n<meta name=\"twitter:label1\" content=\"Est. reading time\" \/>\n\t<meta name=\"twitter:data1\" content=\"1 minute\" \/>\n<script type=\"application\/ld+json\" class=\"yoast-schema-graph\">{\"@context\":\"https:\\\/\\\/schema.org\",\"@graph\":[{\"@type\":\"WebPage\",\"@id\":\"https:\\\/\\\/theteddyslot.org\\\/pl\\\/logowanie-i-rejestracja\\\/\",\"url\":\"https:\\\/\\\/theteddyslot.org\\\/pl\\\/logowanie-i-rejestracja\\\/\",\"name\":\"Teddyslot Login | Zaloguj si\u0119 lub Utw\u00f3rz Konto\",\"isPartOf\":{\"@id\":\"https:\\\/\\\/theteddyslot.org\\\/pl\\\/#website\"},\"datePublished\":\"2026-01-20T12:11:11+00:00\",\"dateModified\":\"2026-04-13T14:58:45+00:00\",\"description\":\"Zaloguj si\u0119 do Teddy Slot lub zarejestruj si\u0119 w kilka minut. Sprawd\u017a saldo, aktywne bonusy, metody p\u0142atno\u015bci i histori\u0119 gier w jednym bezpiecznym panelu.\",\"breadcrumb\":{\"@id\":\"https:\\\/\\\/theteddyslot.org\\\/pl\\\/logowanie-i-rejestracja\\\/#breadcrumb\"},\"inLanguage\":\"pl-PL\",\"potentialAction\":[{\"@type\":\"ReadAction\",\"target\":[\"https:\\\/\\\/theteddyslot.org\\\/pl\\\/logowanie-i-rejestracja\\\/\"]}]},{\"@type\":\"BreadcrumbList\",\"@id\":\"https:\\\/\\\/theteddyslot.org\\\/pl\\\/logowanie-i-rejestracja\\\/#breadcrumb\",\"itemListElement\":[{\"@type\":\"ListItem\",\"position\":1,\"name\":\"Teddyslot\",\"item\":\"https:\\\/\\\/theteddyslot.org\\\/pl\\\/\"},{\"@type\":\"ListItem\",\"position\":2,\"name\":\"Logowanie i rejestracja\"}]},{\"@type\":\"WebSite\",\"@id\":\"https:\\\/\\\/theteddyslot.org\\\/pl\\\/#website\",\"url\":\"https:\\\/\\\/theteddyslot.org\\\/pl\\\/\",\"name\":\"Teddyslot\",\"description\":\"\",\"publisher\":{\"@id\":\"https:\\\/\\\/theteddyslot.org\\\/pl\\\/#organization\"},\"potentialAction\":[{\"@type\":\"SearchAction\",\"target\":{\"@type\":\"EntryPoint\",\"urlTemplate\":\"https:\\\/\\\/theteddyslot.org\\\/pl\\\/?s={search_term_string}\"},\"query-input\":{\"@type\":\"PropertyValueSpecification\",\"valueRequired\":true,\"valueName\":\"search_term_string\"}}],\"inLanguage\":\"pl-PL\"},{\"@type\":\"Organization\",\"@id\":\"https:\\\/\\\/theteddyslot.org\\\/pl\\\/#organization\",\"name\":\"Teddyslot\",\"url\":\"https:\\\/\\\/theteddyslot.org\\\/pl\\\/\",\"logo\":{\"@type\":\"ImageObject\",\"inLanguage\":\"pl-PL\",\"@id\":\"https:\\\/\\\/theteddyslot.org\\\/pl\\\/#\\\/schema\\\/logo\\\/image\\\/\",\"url\":\"https:\\\/\\\/theteddyslot.org\\\/wp-content\\\/uploads\\\/2026\\\/04\\\/teddyslot-logo.png\",\"contentUrl\":\"https:\\\/\\\/theteddyslot.org\\\/wp-content\\\/uploads\\\/2026\\\/04\\\/teddyslot-logo.png\",\"width\":140,\"height\":32,\"caption\":\"Teddyslot\"},\"image\":{\"@id\":\"https:\\\/\\\/theteddyslot.org\\\/pl\\\/#\\\/schema\\\/logo\\\/image\\\/\"}}]}<\/script>\n<!-- \/ Yoast SEO plugin. -->","yoast_head_json":{"title":"Teddyslot Login | Zaloguj si\u0119 lub Utw\u00f3rz Konto","description":"Zaloguj si\u0119 do Teddy Slot lub zarejestruj si\u0119 w kilka minut. Sprawd\u017a saldo, aktywne bonusy, metody p\u0142atno\u015bci i histori\u0119 gier w jednym bezpiecznym panelu.","robots":{"index":"index","follow":"follow","max-snippet":"max-snippet:-1","max-image-preview":"max-image-preview:large","max-video-preview":"max-video-preview:-1"},"canonical":"https:\/\/theteddyslot.org\/pl\/logowanie-i-rejestracja\/","og_locale":"pl_PL","og_type":"article","og_title":"Teddyslot Login | Zaloguj si\u0119 lub Utw\u00f3rz Konto","og_description":"Zaloguj si\u0119 do Teddy Slot lub zarejestruj si\u0119 w kilka minut. Sprawd\u017a saldo, aktywne bonusy, metody p\u0142atno\u015bci i histori\u0119 gier w jednym bezpiecznym panelu.","og_url":"https:\/\/theteddyslot.org\/pl\/logowanie-i-rejestracja\/","og_site_name":"teddyslot","article_modified_time":"2026-04-13T14:58:45+00:00","twitter_card":"summary_large_image","twitter_misc":{"Est. reading time":"1 minute"},"schema":{"@context":"https:\/\/schema.org","@graph":[{"@type":"WebPage","@id":"https:\/\/theteddyslot.org\/pl\/logowanie-i-rejestracja\/","url":"https:\/\/theteddyslot.org\/pl\/logowanie-i-rejestracja\/","name":"Teddyslot Login | Zaloguj si\u0119 lub Utw\u00f3rz Konto","isPartOf":{"@id":"https:\/\/theteddyslot.org\/pl\/#website"},"datePublished":"2026-01-20T12:11:11+00:00","dateModified":"2026-04-13T14:58:45+00:00","description":"Zaloguj si\u0119 do Teddy Slot lub zarejestruj si\u0119 w kilka minut. Sprawd\u017a saldo, aktywne bonusy, metody p\u0142atno\u015bci i histori\u0119 gier w jednym bezpiecznym panelu.","breadcrumb":{"@id":"https:\/\/theteddyslot.org\/pl\/logowanie-i-rejestracja\/#breadcrumb"},"inLanguage":"pl-PL","potentialAction":[{"@type":"ReadAction","target":["https:\/\/theteddyslot.org\/pl\/logowanie-i-rejestracja\/"]}]},{"@type":"BreadcrumbList","@id":"https:\/\/theteddyslot.org\/pl\/logowanie-i-rejestracja\/#breadcrumb","itemListElement":[{"@type":"ListItem","position":1,"name":"Teddyslot","item":"https:\/\/theteddyslot.org\/pl\/"},{"@type":"ListItem","position":2,"name":"Logowanie i rejestracja"}]},{"@type":"WebSite","@id":"https:\/\/theteddyslot.org\/pl\/#website","url":"https:\/\/theteddyslot.org\/pl\/","name":"Teddyslot","description":"","publisher":{"@id":"https:\/\/theteddyslot.org\/pl\/#organization"},"potentialAction":[{"@type":"SearchAction","target":{"@type":"EntryPoint","urlTemplate":"https:\/\/theteddyslot.org\/pl\/?s={search_term_string}"},"query-input":{"@type":"PropertyValueSpecification","valueRequired":true,"valueName":"search_term_string"}}],"inLanguage":"pl-PL"},{"@type":"Organization","@id":"https:\/\/theteddyslot.org\/pl\/#organization","name":"Teddyslot","url":"https:\/\/theteddyslot.org\/pl\/","logo":{"@type":"ImageObject","inLanguage":"pl-PL","@id":"https:\/\/theteddyslot.org\/pl\/#\/schema\/logo\/image\/","url":"https:\/\/theteddyslot.org\/wp-content\/uploads\/2026\/04\/teddyslot-logo.png","contentUrl":"https:\/\/theteddyslot.org\/wp-content\/uploads\/2026\/04\/teddyslot-logo.png","width":140,"height":32,"caption":"Teddyslot"},"image":{"@id":"https:\/\/theteddyslot.org\/pl\/#\/schema\/logo\/image\/"}}]}},"_links":{"self":[{"href":"https:\/\/theteddyslot.org\/pl\/wp-json\/wp\/v2\/pages\/1486","targetHints":{"allow":["GET"]}}],"collection":[{"href":"https:\/\/theteddyslot.org\/pl\/wp-json\/wp\/v2\/pages"}],"about":[{"href":"https:\/\/theteddyslot.org\/pl\/wp-json\/wp\/v2\/types\/page"}],"author":[{"embeddable":true,"href":"https:\/\/theteddyslot.org\/pl\/wp-json\/wp\/v2\/users\/1"}],"replies":[{"embeddable":true,"href":"https:\/\/theteddyslot.org\/pl\/wp-json\/wp\/v2\/comments?post=1486"}],"version-history":[{"count":3,"href":"https:\/\/theteddyslot.org\/pl\/wp-json\/wp\/v2\/pages\/1486\/revisions"}],"predecessor-version":[{"id":2104,"href":"https:\/\/theteddyslot.org\/pl\/wp-json\/wp\/v2\/pages\/1486\/revisions\/2104"}],"wp:attachment":[{"href":"https:\/\/theteddyslot.org\/pl\/wp-json\/wp\/v2\/media?parent=1486"}],"curies":[{"name":"wp","href":"https:\/\/api.w.org\/{rel}","templated":true}]}}