{"id":2044,"date":"2026-01-20T12:08:23","date_gmt":"2026-01-20T12:08:23","guid":{"rendered":"https:\/\/theteddyslot.org\/app\/"},"modified":"2026-04-14T08:23:06","modified_gmt":"2026-04-14T07:23:06","slug":"aplicacao","status":"publish","type":"page","link":"https:\/\/theteddyslot.org\/pt-pt\/aplicacao\/","title":{"rendered":"Aplica\u00e7\u00e3o"},"content":{"rendered":"<h1>Teddyslot App: Aplica\u00e7\u00e3o Oficial<\/h1>\n<p>Teddyslot App oferece aos jogadores de casino total mobilidade com ferramentas verdadeiramente de ponta. Foi criada com a tecnologia mais atualizada. A aplica\u00e7\u00e3o proporciona uma experi\u00eancia de jogo fluida e fi\u00e1vel que funciona em todos os dispositivos que tiver. O Casino Teddyslot est\u00e1 agora dispon\u00edvel para jogadores portugueses a partir de qualquer local onde queiram jogar.<\/p>\n<div class=\"banner-wrap\" aria-label=\"Banner\"><img src=\"https:\/\/theteddyslot.org\/wp-content\/uploads\/2026\/04\/teddyslot-bonus-desktop.webp\" class=\"w-100 d-none d-lg-block img-pc main-banner-img\" alt=\"teddyslot bonus desktop\" fetchpriority=\"high\" decoding=\"async\"><img src=\"https:\/\/theteddyslot.org\/wp-content\/uploads\/2026\/04\/teddyslot-bnr-mobile.webp\" class=\"w-100 d-none d-md-block d-lg-none main-banner-img\" alt=\"teddyslot bonus mobile\" fetchpriority=\"high\" decoding=\"async\"><img src=\"https:\/\/theteddyslot.org\/wp-content\/uploads\/2026\/04\/teddyslot-bnr-mobile.webp\" class=\"w-100 d-md-none\" alt=\"teddyslot bonus mobile\" fetchpriority=\"high\" decoding=\"async\"><div class=\"banner-description\">\n<div class=\"banner-title\">B\u00f3nus de Boas-Vindas<\/div>\n<p class=\"banner-header-title\">1500 \u20ac<\/p>\n<div class=\"banner-header-AdditionalText\">+ 250 Rodadas Gr\u00e1tis<\/div>\n<button data-item=\"homepage_banner_link\" class=\"goto m-button m-gradient-border m-button--primary m-button--large banner-button btn-orange\">\n            <div class=\"m-button-content\">\n                <span>Registe-se agora<\/span>\n                <span><\/span>\n            <\/div>\n        <\/button>\n<\/div>\n<div class=\"WelcomePack\">\n<p><img loading=\"lazy\" decoding=\"async\" class=\"alignnone size-full wp-image-1836\" src=\"https:\/\/theteddyslot.org\/wp-content\/uploads\/2026\/04\/welcome-crown.png\" alt=\"crown\" width=\"25\" height=\"26\" \/><\/p>\n<div class=\"WelcomePack-Info\">Cashback semanal at\u00e9 25%<\/div>\n<p><img loading=\"lazy\" decoding=\"async\" class=\"alignnone size-full wp-image-1836\" src=\"https:\/\/theteddyslot.org\/wp-content\/uploads\/2026\/04\/welcome-crown.png\" alt=\"crown\" width=\"25\" height=\"26\" \/><\/p>\n<\/div>\n<\/div>\n<h2>Vantagens e funcionalidades da aplica\u00e7\u00e3o Teddyslot<\/h2>\n<p>Jogar no Casino Teddy Slot num dispositivo m\u00f3vel oferece vantagens que o jogo no computador n\u00e3o consegue igualar. O design da aplica\u00e7\u00e3o coloca a capacidade de resposta no topo da lista. As p\u00e1ginas carregam rapidamente e os controlos respondem de imediato. As sess\u00f5es podem ocorrer a qualquer momento, quando se tem 10 minutos livres.<\/p>\n<p>Todos os jogos do cat\u00e1logo do Teddyslot est\u00e3o dispon\u00edveis para utilizadores m\u00f3veis. Estes incluem slots online, mesas com crupi\u00ea ao vivo, jogos instant\u00e2neos e muito mais. Pode navegar facilmente e aceder a mais de 6.000 jogos, ofertas e ferramentas para gerir a sua conta.<\/p>\n<table>\n<tbody>\n<tr>\n<td>O que est\u00e1 a fazer<\/td>\n<td>Problema no computador<\/td>\n<td>Solu\u00e7\u00e3o Teddyslot para dispositivos m\u00f3veis<\/td>\n<\/tr>\n<tr>\n<td>Jogar a caminho do trabalho<\/td>\n<td>Tem de encontrar um computador, abrir um navegador e navegar.<\/td>\n<td>Basta tocar no \u00edcone, usar o Face ID e estar\u00e1 a jogar em 3 segundos.<\/td>\n<\/tr>\n<tr>\n<td>Verificar o estado dos b\u00f3nus a meio do dia<\/td>\n<td>N\u00e3o consegue aceder ao seu computador em lado nenhum, por isso o estado permanece desconhecido at\u00e9 chegar a casa.<\/td>\n<td>Podes facilmente levar o teu telem\u00f3vel para qualquer lugar, verificar o progresso instantaneamente e planear uma sess\u00e3o \u00e0 noite de acordo com isso.<\/td>\n<\/tr>\n<tr>\n<td>Reivindicar promo\u00e7\u00f5es com prazo limitado<\/td>\n<td>O b\u00f3nus flash \u00e9 lan\u00e7ado \u00e0s 14h \u2013 e n\u00e3o est\u00e1s nem perto de um computador.<\/td>\n<td>Uma notifica\u00e7\u00e3o push alerta o teu telem\u00f3vel, podes resgatar imediatamente onde quer que estejas.<\/td>\n<\/tr>\n<\/tbody>\n<\/table>\n<h3>O que \u00e9 a aplica\u00e7\u00e3o Teddyslot<\/h3>\n<p>A aplica\u00e7\u00e3o Teddyslot \u00e9 uma PWA. Pode utilizar qualquer navegador m\u00f3vel, como o Chrome, o Firefox ou o Safari, para aceder \u00e0 nossa Progressive Web App. \u00c9 r\u00e1pida, segura e n\u00e3o requer downloads que tornem o seu telem\u00f3vel mais lento.<\/p>\n<p>O software Teddy Slot funciona em qualquer dispositivo, carrega rapidamente e atualiza-se automaticamente sem o interromper. Por ser leve, o armazenamento do seu telem\u00f3vel n\u00e3o ser\u00e1 afetado e ainda pode utilizar o chat ao vivo, contactar o apoio ao cliente e concluir o processo de verifica\u00e7\u00e3o.<\/p>\n<p>Livramo-nos de todos os problemas de seguran\u00e7a e da necessidade de atualizar manualmente a aplica\u00e7\u00e3o Teddyslot.<\/p>\n<p><div class=\"scrollable-content-wrap my-5\"><div class=\"scrollable-content-inner\"><h2><span style=\"font-weight: 400\">Aplica\u00e7\u00e3o Teddy Slot <\/span><span style=\"font-weight: 400\">para Android\u00a0<\/span><\/h2>\n<p><span style=\"font-weight: 400\">A instala\u00e7\u00e3o da aplica\u00e7\u00e3o <\/span><span style=\"font-weight: 400\">Teddyslot <\/span><span style=\"font-weight: 400\">para Android \u00e9 f\u00e1cil para todos os utilizadores, e poder\u00e1 desfrutar de todas as melhores funcionalidades do nosso casino online. Siga os passos abaixo para instalar a nossa plataforma, para que possa ser mais flex\u00edvel e aceder a ela com apenas um clique:<\/span><\/p>\n<ol>\n<li style=\"font-weight: 400\"><span style=\"font-weight: 400\">No site do <\/span><span style=\"font-weight: 400\">Teddyslot Casino<\/span><span style=\"font-weight: 400\">, tem de clicar no bot\u00e3o \u00abMais\u00bb. Tem tr\u00eas pontos e encontra-se no canto da barra de endere\u00e7os.<\/span><\/li>\n<li style=\"font-weight: 400\"><span style=\"font-weight: 400\">Os utilizadores devem tocar em \u00abAdicionar ao ecr\u00e3 inicial\u00bb na lista e, em seguida, tocar em \u00abAdicionar\u00bb para confirmar.<\/span><\/li>\n<li style=\"font-weight: 400\"><span style=\"font-weight: 400\">Para mover o \u00edcone da aplica\u00e7\u00e3o, toque e mantenha-o premido e arraste-o para o local pretendido no ecr\u00e3.<\/span><\/li>\n<\/ol>\n<p><img loading=\"lazy\" decoding=\"async\" class=\"alignnone size-full wp-image-1924\" src=\"https:\/\/theteddyslot.org\/wp-content\/uploads\/2026\/04\/Teddyslot-Android.webp\" alt=\"Teddyslot Android\" width=\"1248\" height=\"536\" srcset=\"https:\/\/theteddyslot.org\/wp-content\/uploads\/2026\/04\/Teddyslot-Android.webp 1248w, https:\/\/theteddyslot.org\/wp-content\/uploads\/2026\/04\/Teddyslot-Android-300x129.webp 300w, https:\/\/theteddyslot.org\/wp-content\/uploads\/2026\/04\/Teddyslot-Android-1024x440.webp 1024w, https:\/\/theteddyslot.org\/wp-content\/uploads\/2026\/04\/Teddyslot-Android-768x330.webp 768w\" sizes=\"auto, (max-width: 1248px) 100vw, 1248px\" \/><\/p>\n<\/div><\/div><div style=\"clear: both\"><\/div><div class=\"d-flex justify-content-center\"><button data-item=\"decouvrez_link\" data-group=\"website_links\" class=\"goto fw-bold rounded-pill btn btn-orange\" aria-label=\"Descarregue a aplica\u00e7\u00e3o Teddyslot\" >Descarregue a aplica\u00e7\u00e3o Teddyslot<\/button><\/div><div class=\"scrollable-content-wrap my-5\"><div class=\"scrollable-content-inner\"><h2>Aplica\u00e7\u00e3o m\u00f3vel para iOS<\/h2>\n<p>Se tiver um iPhone ou iPad, pode aceder rapidamente ao site do Teddyslot a partir de qualquer navegador que preferir. A\u00ed, pode utilizar todos os jogos, b\u00f3nus, op\u00e7\u00f5es de pagamento e a ajuda da equipa de apoio. Se j\u00e1 utilizou a nossa vers\u00e3o para PC anteriormente, estar\u00e1 familiarizado com o design e a navega\u00e7\u00e3o.<\/p>\n<p>Tamb\u00e9m disponibilizamos uma aplica\u00e7\u00e3o iOS para o Teddyslot Casino. A configura\u00e7\u00e3o demora apenas alguns minutos. Garantimos que o nosso casino m\u00f3vel \u00e9 totalmente seguro. A encripta\u00e7\u00e3o TLS, que \u00e9 nova e de \u00faltima gera\u00e7\u00e3o, mant\u00e9m as suas informa\u00e7\u00f5es pessoais e financeiras protegidas contra qualquer pessoa que n\u00e3o deva ter acesso \u00e0s mesmas. Todos os membros do Teddyslot Casino podem ativar a autentica\u00e7\u00e3o de dois fatores nos seus dispositivos para uma seguran\u00e7a adicional.<\/p>\n<p><img loading=\"lazy\" decoding=\"async\" src=\"https:\/\/theteddyslot.org\/wp-content\/uploads\/2026\/04\/Teddyslot-iOS.webp\" alt=\"Teddyslot iOS\" width=\"1248\" height=\"536\" \/><\/p>\n<\/div><\/div><div style=\"clear: both\"><\/div><div class=\"d-flex justify-content-center\"><button data-item=\"decouvrez_link\" data-group=\"website_links\" class=\"goto fw-bold rounded-pill btn btn-orange\" aria-label=\"Descarregue Teddyslot\" >Descarregue Teddyslot<\/button><\/div><div class=\"scrollable-content-wrap my-5\"><div class=\"scrollable-content-inner\"><h2>Aplica\u00e7\u00e3o do Teddy Slot Casino no Mac ou Windows<\/h2>\n<p>Todos podem continuar a utilizar o Teddy Slot no seu computador, que \u00e9 a alternativa cl\u00e1ssica. Pode utilizar o nosso site em qualquer dispositivo Mac ou Windows. A interface ajusta-se imediatamente ao tamanho e \u00e0 resolu\u00e7\u00e3o do ecr\u00e3. Pode adicionar um \u00edcone de atalho se quiser aceder mais rapidamente e n\u00e3o quiser ter de procurar no navegador. Quando aceder \u00e0 p\u00e1gina do Teddyslot Casino a partir de um PC, basta clicar no bot\u00e3o \u00abAdicionar ao ecr\u00e3 inicial\u00bb.<\/p>\n<p>N\u00e3o limitamos os nossos clientes a um determinado tipo de dispositivo ou plataforma. \u00c9 por isso que pode escolher a melhor alternativa para cada caso.<\/p>\n<p><img loading=\"lazy\" decoding=\"async\" src=\"https:\/\/theteddyslot.org\/wp-content\/uploads\/2026\/04\/Teddyslot-Desktop.webp\" alt=\"Teddyslot Desktop\" width=\"1248\" height=\"536\" \/><\/p>\n<\/div><\/div><div style=\"clear: both\"><\/div><div class=\"d-flex justify-content-center\"><button data-item=\"decouvrez_link\" data-group=\"website_links\" class=\"goto fw-bold rounded-pill btn btn-orange\" aria-label=\"Descarregue a aplica\u00e7\u00e3o Teddyslot\" >Descarregue a aplica\u00e7\u00e3o Teddyslot<\/button><\/div><div class=\"scrollable-content-wrap my-5\"><div class=\"scrollable-content-inner\"><h2>Perguntas frequentes<\/h2>\n<h3>Posso descarregar a aplica\u00e7\u00e3o Teddyslot da App Store ou do Google Play?<\/h3>\n<p>N\u00e3o, o Teddyslot Casino n\u00e3o est\u00e1 dispon\u00edvel para download nas lojas de aplica\u00e7\u00f5es. Trata-se de uma aplica\u00e7\u00e3o web progressiva (PWA). Pode adicionar o \u00edcone ao seu ecr\u00e3 inicial acedendo ao site do Teddyslot no seu telem\u00f3vel e instalando-o diretamente a partir da\u00ed. A instala\u00e7\u00e3o demora apenas um minuto. Se utilizar o Safari ou o Chrome, aceda ao site e toque em \u00abAdicionar ao ecr\u00e3 inicial\u00bb. O \u00edcone da aplica\u00e7\u00e3o estar\u00e1 pronto a utilizar.<\/p>\n<h3>Existem categorias de jogos exclusivas para dispositivos m\u00f3veis na aplica\u00e7\u00e3o Teddy Slot?<\/h3>\n<p>N\u00e3o, a aplica\u00e7\u00e3o m\u00f3vel e a vers\u00e3o para computador t\u00eam a mesma biblioteca de jogos. N\u00e3o existem categorias especiais para nenhuma plataforma. Todos os mais de 6.000 jogos que funcionam no PC tamb\u00e9m funcionam no telem\u00f3vel. Alguns jogos podem funcionar melhor com os controlos do ecr\u00e3 t\u00e1til do telem\u00f3vel, como alguns jogos instant\u00e2neos ou slots com regras simples. Mas pode jogar qualquer jogo em qualquer dispositivo sem quaisquer problemas.<\/p>\n<h3>Os bloqueadores de an\u00fancios ou as configura\u00e7\u00f5es de VPN podem impedir o carregamento dos jogos no telem\u00f3vel?<\/h3>\n<p>Alguns filtros de an\u00fancios agressivos impedem o carregamento dos jogos, bloqueando scripts reais que consideram rastreadores de an\u00fancios. As VPNs tamb\u00e9m podem causar problemas se encaminharem o tr\u00e1fego por locais onde o Teddyslot Casino n\u00e3o est\u00e1 autorizado a funcionar. O site pro\u00edbe o acesso a partir de \u00e1reas restritas. Se os jogos n\u00e3o carregarem, tente desativar os bloqueadores de an\u00fancios ou desligar a sua VPN por um curto per\u00edodo de tempo. Quando as defini\u00e7\u00f5es de privacidade do navegador est\u00e3o definidas para o n\u00edvel mais alto, tamb\u00e9m podem impedir os cookies necess\u00e1rios, o que pode causar dificuldades de in\u00edcio de sess\u00e3o.<\/p>\n<h3>Posso receber notifica\u00e7\u00f5es push no meu iPhone?<\/h3>\n<p>Sim, assim que tiver a PWA do Teddy Slot no seu iPhone, receber\u00e1 notifica\u00e7\u00f5es push sobre a atividade da conta, promo\u00e7\u00f5es, expira\u00e7\u00f5es de b\u00f3nus e atualiza\u00e7\u00f5es de torneios. Pode alterar as suas defini\u00e7\u00f5es de notifica\u00e7\u00e3o a qualquer momento.<\/p>\n<\/div><\/div><\/p>\n","protected":false},"excerpt":{"rendered":"<p>Teddyslot App: Aplica\u00e7\u00e3o Oficial Teddyslot App oferece aos jogadores de casino total mobilidade com ferramentas verdadeiramente de ponta. Foi criada com a tecnologia mais atualizada. A aplica\u00e7\u00e3o proporciona uma experi\u00eancia de jogo fluida e fi\u00e1vel que funciona em todos os dispositivos que tiver. O Casino Teddyslot est\u00e1 agora dispon\u00edvel para jogadores portugueses a partir de [&hellip;]<\/p>\n","protected":false},"author":1,"featured_media":0,"parent":0,"menu_order":0,"comment_status":"closed","ping_status":"closed","template":"template-builder.php","meta":{"_acf_changed":false,"inline_featured_image":false,"footnotes":""},"class_list":["post-2044","page","type-page","status-publish","hentry"],"acf":[],"yoast_head":"<!-- This site is optimized with the Yoast SEO plugin v27.3 - https:\/\/yoast.com\/product\/yoast-seo-wordpress\/ -->\n<title>Teddyslot App | Aplica\u00e7\u00e3o de Casino M\u00f3vel<\/title>\n<meta name=\"description\" content=\"A aplica\u00e7\u00e3o Teddy Slot funciona sem falhas em Android, iOS, Windows e macOS com contas sincronizadas, atualiza\u00e7\u00f5es regulares e suporte ao cliente integrado.\" \/>\n<meta name=\"robots\" content=\"index, follow, max-snippet:-1, max-image-preview:large, max-video-preview:-1\" \/>\n<link rel=\"canonical\" href=\"https:\/\/theteddyslot.org\/pt-pt\/aplicacao\/\" \/>\n<meta property=\"og:locale\" content=\"pt_PT\" \/>\n<meta property=\"og:type\" content=\"article\" \/>\n<meta property=\"og:title\" content=\"Teddyslot App | Aplica\u00e7\u00e3o de Casino M\u00f3vel\" \/>\n<meta property=\"og:description\" content=\"A aplica\u00e7\u00e3o Teddy Slot funciona sem falhas em Android, iOS, Windows e macOS com contas sincronizadas, atualiza\u00e7\u00f5es regulares e suporte ao cliente integrado.\" \/>\n<meta property=\"og:url\" content=\"https:\/\/theteddyslot.org\/pt-pt\/aplicacao\/\" \/>\n<meta property=\"og:site_name\" content=\"teddyslot\" \/>\n<meta property=\"article:modified_time\" content=\"2026-04-14T07:23:06+00:00\" \/>\n<meta name=\"twitter:card\" content=\"summary_large_image\" \/>\n<meta name=\"twitter:label1\" content=\"Est. reading time\" \/>\n\t<meta name=\"twitter:data1\" content=\"2 minutes\" \/>\n<script type=\"application\/ld+json\" class=\"yoast-schema-graph\">{\"@context\":\"https:\\\/\\\/schema.org\",\"@graph\":[{\"@type\":\"WebPage\",\"@id\":\"https:\\\/\\\/theteddyslot.org\\\/pt-pt\\\/aplicacao\\\/\",\"url\":\"https:\\\/\\\/theteddyslot.org\\\/pt-pt\\\/aplicacao\\\/\",\"name\":\"Teddyslot App | Aplica\u00e7\u00e3o de Casino M\u00f3vel\",\"isPartOf\":{\"@id\":\"https:\\\/\\\/theteddyslot.org\\\/pt-pt\\\/#website\"},\"datePublished\":\"2026-01-20T12:08:23+00:00\",\"dateModified\":\"2026-04-14T07:23:06+00:00\",\"description\":\"A aplica\u00e7\u00e3o Teddy Slot funciona sem falhas em Android, iOS, Windows e macOS com contas sincronizadas, atualiza\u00e7\u00f5es regulares e suporte ao cliente integrado.\",\"breadcrumb\":{\"@id\":\"https:\\\/\\\/theteddyslot.org\\\/pt-pt\\\/aplicacao\\\/#breadcrumb\"},\"inLanguage\":\"pt-PT\",\"potentialAction\":[{\"@type\":\"ReadAction\",\"target\":[\"https:\\\/\\\/theteddyslot.org\\\/pt-pt\\\/aplicacao\\\/\"]}]},{\"@type\":\"BreadcrumbList\",\"@id\":\"https:\\\/\\\/theteddyslot.org\\\/pt-pt\\\/aplicacao\\\/#breadcrumb\",\"itemListElement\":[{\"@type\":\"ListItem\",\"position\":1,\"name\":\"Teddyslot\",\"item\":\"https:\\\/\\\/theteddyslot.org\\\/pt-pt\\\/\"},{\"@type\":\"ListItem\",\"position\":2,\"name\":\"Aplica\u00e7\u00e3o\"}]},{\"@type\":\"WebSite\",\"@id\":\"https:\\\/\\\/theteddyslot.org\\\/pt-pt\\\/#website\",\"url\":\"https:\\\/\\\/theteddyslot.org\\\/pt-pt\\\/\",\"name\":\"Teddyslot\",\"description\":\"\",\"publisher\":{\"@id\":\"https:\\\/\\\/theteddyslot.org\\\/pt-pt\\\/#organization\"},\"potentialAction\":[{\"@type\":\"SearchAction\",\"target\":{\"@type\":\"EntryPoint\",\"urlTemplate\":\"https:\\\/\\\/theteddyslot.org\\\/pt-pt\\\/?s={search_term_string}\"},\"query-input\":{\"@type\":\"PropertyValueSpecification\",\"valueRequired\":true,\"valueName\":\"search_term_string\"}}],\"inLanguage\":\"pt-PT\"},{\"@type\":\"Organization\",\"@id\":\"https:\\\/\\\/theteddyslot.org\\\/pt-pt\\\/#organization\",\"name\":\"Teddyslot\",\"url\":\"https:\\\/\\\/theteddyslot.org\\\/pt-pt\\\/\",\"logo\":{\"@type\":\"ImageObject\",\"inLanguage\":\"pt-PT\",\"@id\":\"https:\\\/\\\/theteddyslot.org\\\/pt-pt\\\/#\\\/schema\\\/logo\\\/image\\\/\",\"url\":\"https:\\\/\\\/theteddyslot.org\\\/wp-content\\\/uploads\\\/2026\\\/04\\\/teddyslot-logo.png\",\"contentUrl\":\"https:\\\/\\\/theteddyslot.org\\\/wp-content\\\/uploads\\\/2026\\\/04\\\/teddyslot-logo.png\",\"width\":140,\"height\":32,\"caption\":\"Teddyslot\"},\"image\":{\"@id\":\"https:\\\/\\\/theteddyslot.org\\\/pt-pt\\\/#\\\/schema\\\/logo\\\/image\\\/\"}}]}<\/script>\n<!-- \/ Yoast SEO plugin. -->","yoast_head_json":{"title":"Teddyslot App | Aplica\u00e7\u00e3o de Casino M\u00f3vel","description":"A aplica\u00e7\u00e3o Teddy Slot funciona sem falhas em Android, iOS, Windows e macOS com contas sincronizadas, atualiza\u00e7\u00f5es regulares e suporte ao cliente integrado.","robots":{"index":"index","follow":"follow","max-snippet":"max-snippet:-1","max-image-preview":"max-image-preview:large","max-video-preview":"max-video-preview:-1"},"canonical":"https:\/\/theteddyslot.org\/pt-pt\/aplicacao\/","og_locale":"pt_PT","og_type":"article","og_title":"Teddyslot App | Aplica\u00e7\u00e3o de Casino M\u00f3vel","og_description":"A aplica\u00e7\u00e3o Teddy Slot funciona sem falhas em Android, iOS, Windows e macOS com contas sincronizadas, atualiza\u00e7\u00f5es regulares e suporte ao cliente integrado.","og_url":"https:\/\/theteddyslot.org\/pt-pt\/aplicacao\/","og_site_name":"teddyslot","article_modified_time":"2026-04-14T07:23:06+00:00","twitter_card":"summary_large_image","twitter_misc":{"Est. reading time":"2 minutes"},"schema":{"@context":"https:\/\/schema.org","@graph":[{"@type":"WebPage","@id":"https:\/\/theteddyslot.org\/pt-pt\/aplicacao\/","url":"https:\/\/theteddyslot.org\/pt-pt\/aplicacao\/","name":"Teddyslot App | Aplica\u00e7\u00e3o de Casino M\u00f3vel","isPartOf":{"@id":"https:\/\/theteddyslot.org\/pt-pt\/#website"},"datePublished":"2026-01-20T12:08:23+00:00","dateModified":"2026-04-14T07:23:06+00:00","description":"A aplica\u00e7\u00e3o Teddy Slot funciona sem falhas em Android, iOS, Windows e macOS com contas sincronizadas, atualiza\u00e7\u00f5es regulares e suporte ao cliente integrado.","breadcrumb":{"@id":"https:\/\/theteddyslot.org\/pt-pt\/aplicacao\/#breadcrumb"},"inLanguage":"pt-PT","potentialAction":[{"@type":"ReadAction","target":["https:\/\/theteddyslot.org\/pt-pt\/aplicacao\/"]}]},{"@type":"BreadcrumbList","@id":"https:\/\/theteddyslot.org\/pt-pt\/aplicacao\/#breadcrumb","itemListElement":[{"@type":"ListItem","position":1,"name":"Teddyslot","item":"https:\/\/theteddyslot.org\/pt-pt\/"},{"@type":"ListItem","position":2,"name":"Aplica\u00e7\u00e3o"}]},{"@type":"WebSite","@id":"https:\/\/theteddyslot.org\/pt-pt\/#website","url":"https:\/\/theteddyslot.org\/pt-pt\/","name":"Teddyslot","description":"","publisher":{"@id":"https:\/\/theteddyslot.org\/pt-pt\/#organization"},"potentialAction":[{"@type":"SearchAction","target":{"@type":"EntryPoint","urlTemplate":"https:\/\/theteddyslot.org\/pt-pt\/?s={search_term_string}"},"query-input":{"@type":"PropertyValueSpecification","valueRequired":true,"valueName":"search_term_string"}}],"inLanguage":"pt-PT"},{"@type":"Organization","@id":"https:\/\/theteddyslot.org\/pt-pt\/#organization","name":"Teddyslot","url":"https:\/\/theteddyslot.org\/pt-pt\/","logo":{"@type":"ImageObject","inLanguage":"pt-PT","@id":"https:\/\/theteddyslot.org\/pt-pt\/#\/schema\/logo\/image\/","url":"https:\/\/theteddyslot.org\/wp-content\/uploads\/2026\/04\/teddyslot-logo.png","contentUrl":"https:\/\/theteddyslot.org\/wp-content\/uploads\/2026\/04\/teddyslot-logo.png","width":140,"height":32,"caption":"Teddyslot"},"image":{"@id":"https:\/\/theteddyslot.org\/pt-pt\/#\/schema\/logo\/image\/"}}]}},"_links":{"self":[{"href":"https:\/\/theteddyslot.org\/pt-pt\/wp-json\/wp\/v2\/pages\/2044","targetHints":{"allow":["GET"]}}],"collection":[{"href":"https:\/\/theteddyslot.org\/pt-pt\/wp-json\/wp\/v2\/pages"}],"about":[{"href":"https:\/\/theteddyslot.org\/pt-pt\/wp-json\/wp\/v2\/types\/page"}],"author":[{"embeddable":true,"href":"https:\/\/theteddyslot.org\/pt-pt\/wp-json\/wp\/v2\/users\/1"}],"replies":[{"embeddable":true,"href":"https:\/\/theteddyslot.org\/pt-pt\/wp-json\/wp\/v2\/comments?post=2044"}],"version-history":[{"count":2,"href":"https:\/\/theteddyslot.org\/pt-pt\/wp-json\/wp\/v2\/pages\/2044\/revisions"}],"predecessor-version":[{"id":2172,"href":"https:\/\/theteddyslot.org\/pt-pt\/wp-json\/wp\/v2\/pages\/2044\/revisions\/2172"}],"wp:attachment":[{"href":"https:\/\/theteddyslot.org\/pt-pt\/wp-json\/wp\/v2\/media?parent=2044"}],"curies":[{"name":"wp","href":"https:\/\/api.w.org\/{rel}","templated":true}]}}