{"id":2052,"date":"2026-01-20T12:11:11","date_gmt":"2026-01-20T12:11:11","guid":{"rendered":"https:\/\/theteddyslot.org\/login-and-registration\/"},"modified":"2026-04-14T08:27:41","modified_gmt":"2026-04-14T07:27:41","slug":"inicio-de-sessao-e-registo","status":"publish","type":"page","link":"https:\/\/theteddyslot.org\/pt-pt\/inicio-de-sessao-e-registo\/","title":{"rendered":"In\u00edcio de sess\u00e3o e registo"},"content":{"rendered":"<h1>In\u00edcio de sess\u00e3o e registo de conta no Teddyslot<\/h1>\n<p>Todos os jogadores portugueses podem desfrutar de uma vasta sele\u00e7\u00e3o de jogos, b\u00f3nus exclusivos e funcionalidades personalizadas no casino ap\u00f3s aceder atrav\u00e9s do Teddyslot login. A nossa plataforma \u00e9 um \u00f3timo local para encontrar ferramentas seguras, f\u00e1ceis e atualizadas para jogar online.<\/p>\n<p>Todos os utilizadores com 18 anos ou mais podem concluir o processo de login r\u00e1pido. O pacote de boas-vindas ser\u00e1 automaticamente creditado se abrir uma conta e efetuar o seu primeiro dep\u00f3sito.<\/p>\n<p><div class=\"banner-wrap\" aria-label=\"Banner\"><img src=\"https:\/\/theteddyslot.org\/wp-content\/uploads\/2026\/04\/teddyslot-bonus-desktop.webp\" class=\"w-100 d-none d-lg-block img-pc main-banner-img\" alt=\"teddyslot bonus desktop\" fetchpriority=\"high\" decoding=\"async\"><img src=\"https:\/\/theteddyslot.org\/wp-content\/uploads\/2026\/04\/teddyslot-bnr-mobile.webp\" class=\"w-100 d-none d-md-block d-lg-none main-banner-img\" alt=\"teddyslot bonus mobile\" fetchpriority=\"high\" decoding=\"async\"><img src=\"https:\/\/theteddyslot.org\/wp-content\/uploads\/2026\/04\/teddyslot-bnr-mobile.webp\" class=\"w-100 d-md-none\" alt=\"teddyslot bonus mobile\" fetchpriority=\"high\" decoding=\"async\"><div class=\"banner-description\">\n<div class=\"banner-title\">B\u00f3nus de Boas-Vindas<\/div>\n<p class=\"banner-header-title\">1500 \u20ac<\/p>\n<div class=\"banner-header-AdditionalText\">+ 250 Rodadas Gr\u00e1tis<\/div>\n<button data-item=\"homepage_banner_link\" class=\"goto m-button m-gradient-border m-button--primary m-button--large banner-button btn-orange\">\n            <div class=\"m-button-content\">\n                <span>Registe-se agora<\/span>\n                <span><\/span>\n            <\/div>\n        <\/button>\n<\/div>\n<div class=\"WelcomePack\">\n<p><img loading=\"lazy\" decoding=\"async\" class=\"alignnone size-full wp-image-1836\" src=\"https:\/\/theteddyslot.org\/wp-content\/uploads\/2026\/04\/welcome-crown.png\" alt=\"crown\" width=\"25\" height=\"26\" \/><\/p>\n<div class=\"WelcomePack-Info\">Cashback semanal at\u00e9 25%<\/div>\n<p><img loading=\"lazy\" decoding=\"async\" class=\"alignnone size-full wp-image-1836\" src=\"https:\/\/theteddyslot.org\/wp-content\/uploads\/2026\/04\/welcome-crown.png\" alt=\"crown\" width=\"25\" height=\"26\" \/><\/p>\n<\/div>\n<\/div><div class=\"scrollable-content-wrap my-5\"><div class=\"scrollable-content-inner\"><h2>Registo no Casino Teddyslot<\/h2>\n<p>A inscri\u00e7\u00e3o no Casino Teddyslot demora apenas alguns minutos. Cada jogador s\u00f3 pode ter uma conta no nosso site. Mesmo que ainda tenha d\u00favidas, o nosso objetivo \u00e9 convenc\u00ea-lo de que partilhar as suas informa\u00e7\u00f5es pessoais connosco \u00e9 seguro. Monitorizamos todos os in\u00edcios de sess\u00e3o no Teddyslot para prevenir fraudes.<\/p>\n<table>\n<tbody>\n<tr>\n<td>Etapa de registo<\/td>\n<td>Processo<\/td>\n<\/tr>\n<tr>\n<td>1<\/td>\n<td>Os utilizadores devem clicar no bot\u00e3o no canto superior direito da p\u00e1gina principal para aceder ao formul\u00e1rio de registo.<\/td>\n<\/tr>\n<tr>\n<td>2<\/td>\n<td>\u00c9 necess\u00e1rio fornecer um endere\u00e7o de e-mail v\u00e1lido e uma palavra-passe segura ao preencher o formul\u00e1rio.<\/td>\n<\/tr>\n<tr>\n<td>3<\/td>\n<td>Todos os novos jogadores t\u00eam de marcar as caixas para confirmar que t\u00eam idade suficiente e que concordam com os regulamentos do Teddyslot.<\/td>\n<\/tr>\n<tr>\n<td>4<\/td>\n<td>Deve clicar no bot\u00e3o no final do formul\u00e1rio para concluir o registo, ap\u00f3s verificar tudo novamente.<\/td>\n<\/tr>\n<\/tbody>\n<\/table>\n<p><img loading=\"lazy\" decoding=\"async\" src=\"https:\/\/theteddyslot.org\/wp-content\/uploads\/2026\/04\/Teddyslot-Login.webp\" alt=\"Teddyslot Login\" width=\"1248\" height=\"536\" \/><\/p>\n<h2>Inicie sess\u00e3o e fa\u00e7a a gest\u00e3o da sua conta Teddyslot<\/h2>\n<p>Pode fazer tudo no site do Teddyslot Casino assim que iniciar sess\u00e3o. Pode jogar qualquer jogo da biblioteca sem restri\u00e7\u00f5es, depositar dinheiro quando o seu saldo estiver baixo, levantar ganhos de sess\u00f5es bem-sucedidas e ajustar as defini\u00e7\u00f5es da sua conta para controlar tudo.<\/p>\n<p>Existe um modo de demonstra\u00e7\u00e3o, mas as coisas tornam-se muito mais emocionantes assim que iniciar sess\u00e3o, porque jogar por ganhos reais \u00e9 muito motivador.<\/p>\n<h3>Como iniciar sess\u00e3o na sua conta<\/h3>\n<p>Pode ter a certeza de que o login no Teddyslot \u00e9 r\u00e1pido e seguro. Basta ir \u00e0 p\u00e1gina inicial e procurar a sec\u00e7\u00e3o onde pode iniciar sess\u00e3o. Pode aceder rapidamente ao painel da sua conta introduzindo o seu endere\u00e7o de e-mail e palavra-passe.<\/p>\n<p>Tamb\u00e9m lhe permitimos iniciar sess\u00e3o com outras op\u00e7\u00f5es, como o Google, para facilitar as coisas. Desta forma, os clientes podem aderir ao Teddyslot Casino imediatamente sem terem de se lembrar de muitas palavras-passe. Isto \u00e9 mais f\u00e1cil, mas a seguran\u00e7a continua a ser excelente.<\/p>\n<h3>Esqueceu-se da palavra-passe?<\/h3>\n<p>Caso se esque\u00e7a da sua palavra-passe, o Teddy Slot tem uma forma f\u00e1cil de a recuperar.<\/p>\n<ol>\n<li>Selecione a op\u00e7\u00e3o \u00abEsqueceu-se da palavra-passe?\u00bb na p\u00e1gina de login do Teddyslot. Depois disso, ser-lhe-\u00e1 pedido que introduza o seu endere\u00e7o de e-mail registado.<\/li>\n<li>Receber\u00e1 um e-mail com instru\u00e7\u00f5es sobre como recuperar o acesso caso perca o seu endere\u00e7o de e-mail ou palavra-passe do Teddyslot Casino. Isso n\u00e3o pode acontecer se n\u00e3o receber um e-mail da nossa parte. Pode estar na sua pasta de spam.<\/li>\n<li>Leia o e-mail e clique no link para criar uma nova palavra-passe para a sua conta. Isto ir\u00e1 mant\u00ea-la segura e f\u00e1cil de usar.<\/li>\n<\/ol>\n<h2>Processo de verifica\u00e7\u00e3o do Teddy Slot Casino<\/h2>\n<p>No Teddyslot, existe um requisito rigoroso de que todos os jogadores que se registem devem ser verificados. \u00c9 por isso que \u00e9 crucial conhecer o seu cliente (KYC).<\/p>\n<p>A verifica\u00e7\u00e3o dos documentos n\u00e3o demora muito; pode ser conclu\u00edda em um ou dois dias, ou at\u00e9 mais cedo. Varia de pessoa para pessoa. Se tiver alguma d\u00favida, pode escrever para o nosso apoio multilingue. Os documentos que o Teddyslot Casino necessita s\u00e3o:<\/p>\n<ul>\n<li>A c\u00f3pia do seu passaporte que contenha todas as informa\u00e7\u00f5es essenciais sobre si.<\/li>\n<li>Faturas de servi\u00e7os p\u00fablicos que comprovem a sua morada e o seu m\u00e9todo de pagamento.<\/li>\n<\/ul>\n<h2>Problemas comuns e solu\u00e7\u00f5es r\u00e1pidas<\/h2>\n<p>Podemos ter de bloquear ou suspender a sua conta ocasionalmente. Mas n\u00e3o se preocupe; h\u00e1 sempre uma solu\u00e7\u00e3o. A tabela abaixo cont\u00e9m mais informa\u00e7\u00f5es sobre o que fazer quando algo corre mal no Teddy Slot.<\/p>\n<table>\n<tbody>\n<tr>\n<td>Acionador<\/td>\n<td>O que acontece<\/td>\n<td>O que tem de fazer<\/td>\n<\/tr>\n<tr>\n<td>Longos intervalos de inatividade<\/td>\n<td>A sua conta ser\u00e1 automaticamente desconectada<\/td>\n<td>Basta iniciar sess\u00e3o novamente para voltar a jogar<\/td>\n<\/tr>\n<tr>\n<td>Mais do que um login no Teddyslot ao mesmo tempo<\/td>\n<td>Uma sess\u00e3o ser\u00e1 encerrada<\/td>\n<td>Inicie sess\u00e3o a partir de um dispositivo de cada vez<\/td>\n<\/tr>\n<tr>\n<td>Apostas r\u00e1pidas ou comportamento estranho<\/td>\n<td>A sua conta ser\u00e1 bloqueada por um curto per\u00edodo de tempo<\/td>\n<td>Os utilizadores devem contactar a equipa de apoio atrav\u00e9s do chat ao vivo se acharem que se trata de um erro<\/td>\n<\/tr>\n<tr>\n<td>Altera\u00e7\u00e3o da sua palavra-passe<\/td>\n<td>Todas as sess\u00f5es ativas s\u00e3o encerradas<\/td>\n<td>Inicie sess\u00e3o novamente com a sua nova palavra-passe<\/td>\n<\/tr>\n<\/tbody>\n<\/table>\n<h2>Perguntas frequentes<\/h2>\n<h3>Posso registar-me a partir do meu telem\u00f3vel ou preciso de um computador?<\/h3>\n<p>O processo de registo no TeddySlot \u00e9 o mesmo em telem\u00f3veis e computadores. A interface m\u00f3vel funciona em ecr\u00e3s mais pequenos sem saltar etapas ou obrig\u00e1-lo a mudar para um PC a meio do procedimento. A maioria dos jogadores regista-se em menos de cinco minutos diretamente a partir dos seus telem\u00f3veis.<\/p>\n<h3>Como posso criar uma palavra-passe forte para a minha conta Teddyslot?<\/h3>\n<p>Crie uma palavra-passe com pelo menos 10 a 12 caracteres e que inclua uma combina\u00e7\u00e3o de letras mai\u00fasculas e min\u00fasculas, n\u00fameros e s\u00edmbolos. Evite padr\u00f5es \u00f3bvios ou informa\u00e7\u00f5es pessoais que possam ser encontradas nas suas redes sociais.<\/p>\n<h3>\u00c9 seguro guardar a minha palavra-passe do Teddy Slot no navegador?<\/h3>\n<p>Os gestores de palavras-passe para o Chrome, Firefox e Safari encriptam as suas palavras-passe guardadas e mant\u00eam-nas sincronizadas em todos os seus dispositivos. O risco \u00e9 maior quando utiliza um computador que outras pessoas tamb\u00e9m podem utilizar, porque estas podem ver as suas credenciais guardadas. O armazenamento do navegador \u00e9 bastante seguro se for o \u00fanico a utilizar o seu dispositivo e este tiver um c\u00f3digo de desbloqueio forte.<\/p>\n<\/div><\/div><\/p>\n","protected":false},"excerpt":{"rendered":"<p>In\u00edcio de sess\u00e3o e registo de conta no Teddyslot Todos os jogadores portugueses podem desfrutar de uma vasta sele\u00e7\u00e3o de jogos, b\u00f3nus exclusivos e funcionalidades personalizadas no casino ap\u00f3s aceder atrav\u00e9s do Teddyslot login. A nossa plataforma \u00e9 um \u00f3timo local para encontrar ferramentas seguras, f\u00e1ceis e atualizadas para jogar online. Todos os utilizadores com [&hellip;]<\/p>\n","protected":false},"author":1,"featured_media":0,"parent":0,"menu_order":0,"comment_status":"closed","ping_status":"closed","template":"template-builder.php","meta":{"_acf_changed":false,"inline_featured_image":false,"footnotes":""},"class_list":["post-2052","page","type-page","status-publish","hentry"],"acf":[],"yoast_head":"<!-- This site is optimized with the Yoast SEO plugin v27.3 - https:\/\/yoast.com\/product\/yoast-seo-wordpress\/ -->\n<title>Teddyslot Login | Entrar ou Criar Nova Conta<\/title>\n<meta name=\"description\" content=\"Inicie sess\u00e3o no Teddy Slot ou registe-se em minutos. Aceda ao seu saldo, b\u00f3nus ativos, m\u00e9todos de pagamento e hist\u00f3rico de jogo num painel pessoal seguro.\" \/>\n<meta name=\"robots\" content=\"index, follow, max-snippet:-1, max-image-preview:large, max-video-preview:-1\" \/>\n<link rel=\"canonical\" href=\"https:\/\/theteddyslot.org\/pt-pt\/inicio-de-sessao-e-registo\/\" \/>\n<meta property=\"og:locale\" content=\"pt_PT\" \/>\n<meta property=\"og:type\" content=\"article\" \/>\n<meta property=\"og:title\" content=\"Teddyslot Login | Entrar ou Criar Nova Conta\" \/>\n<meta property=\"og:description\" content=\"Inicie sess\u00e3o no Teddy Slot ou registe-se em minutos. Aceda ao seu saldo, b\u00f3nus ativos, m\u00e9todos de pagamento e hist\u00f3rico de jogo num painel pessoal seguro.\" \/>\n<meta property=\"og:url\" content=\"https:\/\/theteddyslot.org\/pt-pt\/inicio-de-sessao-e-registo\/\" \/>\n<meta property=\"og:site_name\" content=\"teddyslot\" \/>\n<meta property=\"article:modified_time\" content=\"2026-04-14T07:27:41+00:00\" \/>\n<meta name=\"twitter:card\" content=\"summary_large_image\" \/>\n<meta name=\"twitter:label1\" content=\"Est. reading time\" \/>\n\t<meta name=\"twitter:data1\" content=\"1 minute\" \/>\n<script type=\"application\/ld+json\" class=\"yoast-schema-graph\">{\"@context\":\"https:\\\/\\\/schema.org\",\"@graph\":[{\"@type\":\"WebPage\",\"@id\":\"https:\\\/\\\/theteddyslot.org\\\/pt-pt\\\/inicio-de-sessao-e-registo\\\/\",\"url\":\"https:\\\/\\\/theteddyslot.org\\\/pt-pt\\\/inicio-de-sessao-e-registo\\\/\",\"name\":\"Teddyslot Login | Entrar ou Criar Nova Conta\",\"isPartOf\":{\"@id\":\"https:\\\/\\\/theteddyslot.org\\\/pt-pt\\\/#website\"},\"datePublished\":\"2026-01-20T12:11:11+00:00\",\"dateModified\":\"2026-04-14T07:27:41+00:00\",\"description\":\"Inicie sess\u00e3o no Teddy Slot ou registe-se em minutos. Aceda ao seu saldo, b\u00f3nus ativos, m\u00e9todos de pagamento e hist\u00f3rico de jogo num painel pessoal seguro.\",\"breadcrumb\":{\"@id\":\"https:\\\/\\\/theteddyslot.org\\\/pt-pt\\\/inicio-de-sessao-e-registo\\\/#breadcrumb\"},\"inLanguage\":\"pt-PT\",\"potentialAction\":[{\"@type\":\"ReadAction\",\"target\":[\"https:\\\/\\\/theteddyslot.org\\\/pt-pt\\\/inicio-de-sessao-e-registo\\\/\"]}]},{\"@type\":\"BreadcrumbList\",\"@id\":\"https:\\\/\\\/theteddyslot.org\\\/pt-pt\\\/inicio-de-sessao-e-registo\\\/#breadcrumb\",\"itemListElement\":[{\"@type\":\"ListItem\",\"position\":1,\"name\":\"Teddyslot\",\"item\":\"https:\\\/\\\/theteddyslot.org\\\/pt-pt\\\/\"},{\"@type\":\"ListItem\",\"position\":2,\"name\":\"In\u00edcio de sess\u00e3o e registo\"}]},{\"@type\":\"WebSite\",\"@id\":\"https:\\\/\\\/theteddyslot.org\\\/pt-pt\\\/#website\",\"url\":\"https:\\\/\\\/theteddyslot.org\\\/pt-pt\\\/\",\"name\":\"Teddyslot\",\"description\":\"\",\"publisher\":{\"@id\":\"https:\\\/\\\/theteddyslot.org\\\/pt-pt\\\/#organization\"},\"potentialAction\":[{\"@type\":\"SearchAction\",\"target\":{\"@type\":\"EntryPoint\",\"urlTemplate\":\"https:\\\/\\\/theteddyslot.org\\\/pt-pt\\\/?s={search_term_string}\"},\"query-input\":{\"@type\":\"PropertyValueSpecification\",\"valueRequired\":true,\"valueName\":\"search_term_string\"}}],\"inLanguage\":\"pt-PT\"},{\"@type\":\"Organization\",\"@id\":\"https:\\\/\\\/theteddyslot.org\\\/pt-pt\\\/#organization\",\"name\":\"Teddyslot\",\"url\":\"https:\\\/\\\/theteddyslot.org\\\/pt-pt\\\/\",\"logo\":{\"@type\":\"ImageObject\",\"inLanguage\":\"pt-PT\",\"@id\":\"https:\\\/\\\/theteddyslot.org\\\/pt-pt\\\/#\\\/schema\\\/logo\\\/image\\\/\",\"url\":\"https:\\\/\\\/theteddyslot.org\\\/wp-content\\\/uploads\\\/2026\\\/04\\\/teddyslot-logo.png\",\"contentUrl\":\"https:\\\/\\\/theteddyslot.org\\\/wp-content\\\/uploads\\\/2026\\\/04\\\/teddyslot-logo.png\",\"width\":140,\"height\":32,\"caption\":\"Teddyslot\"},\"image\":{\"@id\":\"https:\\\/\\\/theteddyslot.org\\\/pt-pt\\\/#\\\/schema\\\/logo\\\/image\\\/\"}}]}<\/script>\n<!-- \/ Yoast SEO plugin. -->","yoast_head_json":{"title":"Teddyslot Login | Entrar ou Criar Nova Conta","description":"Inicie sess\u00e3o no Teddy Slot ou registe-se em minutos. Aceda ao seu saldo, b\u00f3nus ativos, m\u00e9todos de pagamento e hist\u00f3rico de jogo num painel pessoal seguro.","robots":{"index":"index","follow":"follow","max-snippet":"max-snippet:-1","max-image-preview":"max-image-preview:large","max-video-preview":"max-video-preview:-1"},"canonical":"https:\/\/theteddyslot.org\/pt-pt\/inicio-de-sessao-e-registo\/","og_locale":"pt_PT","og_type":"article","og_title":"Teddyslot Login | Entrar ou Criar Nova Conta","og_description":"Inicie sess\u00e3o no Teddy Slot ou registe-se em minutos. Aceda ao seu saldo, b\u00f3nus ativos, m\u00e9todos de pagamento e hist\u00f3rico de jogo num painel pessoal seguro.","og_url":"https:\/\/theteddyslot.org\/pt-pt\/inicio-de-sessao-e-registo\/","og_site_name":"teddyslot","article_modified_time":"2026-04-14T07:27:41+00:00","twitter_card":"summary_large_image","twitter_misc":{"Est. reading time":"1 minute"},"schema":{"@context":"https:\/\/schema.org","@graph":[{"@type":"WebPage","@id":"https:\/\/theteddyslot.org\/pt-pt\/inicio-de-sessao-e-registo\/","url":"https:\/\/theteddyslot.org\/pt-pt\/inicio-de-sessao-e-registo\/","name":"Teddyslot Login | Entrar ou Criar Nova Conta","isPartOf":{"@id":"https:\/\/theteddyslot.org\/pt-pt\/#website"},"datePublished":"2026-01-20T12:11:11+00:00","dateModified":"2026-04-14T07:27:41+00:00","description":"Inicie sess\u00e3o no Teddy Slot ou registe-se em minutos. Aceda ao seu saldo, b\u00f3nus ativos, m\u00e9todos de pagamento e hist\u00f3rico de jogo num painel pessoal seguro.","breadcrumb":{"@id":"https:\/\/theteddyslot.org\/pt-pt\/inicio-de-sessao-e-registo\/#breadcrumb"},"inLanguage":"pt-PT","potentialAction":[{"@type":"ReadAction","target":["https:\/\/theteddyslot.org\/pt-pt\/inicio-de-sessao-e-registo\/"]}]},{"@type":"BreadcrumbList","@id":"https:\/\/theteddyslot.org\/pt-pt\/inicio-de-sessao-e-registo\/#breadcrumb","itemListElement":[{"@type":"ListItem","position":1,"name":"Teddyslot","item":"https:\/\/theteddyslot.org\/pt-pt\/"},{"@type":"ListItem","position":2,"name":"In\u00edcio de sess\u00e3o e registo"}]},{"@type":"WebSite","@id":"https:\/\/theteddyslot.org\/pt-pt\/#website","url":"https:\/\/theteddyslot.org\/pt-pt\/","name":"Teddyslot","description":"","publisher":{"@id":"https:\/\/theteddyslot.org\/pt-pt\/#organization"},"potentialAction":[{"@type":"SearchAction","target":{"@type":"EntryPoint","urlTemplate":"https:\/\/theteddyslot.org\/pt-pt\/?s={search_term_string}"},"query-input":{"@type":"PropertyValueSpecification","valueRequired":true,"valueName":"search_term_string"}}],"inLanguage":"pt-PT"},{"@type":"Organization","@id":"https:\/\/theteddyslot.org\/pt-pt\/#organization","name":"Teddyslot","url":"https:\/\/theteddyslot.org\/pt-pt\/","logo":{"@type":"ImageObject","inLanguage":"pt-PT","@id":"https:\/\/theteddyslot.org\/pt-pt\/#\/schema\/logo\/image\/","url":"https:\/\/theteddyslot.org\/wp-content\/uploads\/2026\/04\/teddyslot-logo.png","contentUrl":"https:\/\/theteddyslot.org\/wp-content\/uploads\/2026\/04\/teddyslot-logo.png","width":140,"height":32,"caption":"Teddyslot"},"image":{"@id":"https:\/\/theteddyslot.org\/pt-pt\/#\/schema\/logo\/image\/"}}]}},"_links":{"self":[{"href":"https:\/\/theteddyslot.org\/pt-pt\/wp-json\/wp\/v2\/pages\/2052","targetHints":{"allow":["GET"]}}],"collection":[{"href":"https:\/\/theteddyslot.org\/pt-pt\/wp-json\/wp\/v2\/pages"}],"about":[{"href":"https:\/\/theteddyslot.org\/pt-pt\/wp-json\/wp\/v2\/types\/page"}],"author":[{"embeddable":true,"href":"https:\/\/theteddyslot.org\/pt-pt\/wp-json\/wp\/v2\/users\/1"}],"replies":[{"embeddable":true,"href":"https:\/\/theteddyslot.org\/pt-pt\/wp-json\/wp\/v2\/comments?post=2052"}],"version-history":[{"count":2,"href":"https:\/\/theteddyslot.org\/pt-pt\/wp-json\/wp\/v2\/pages\/2052\/revisions"}],"predecessor-version":[{"id":2174,"href":"https:\/\/theteddyslot.org\/pt-pt\/wp-json\/wp\/v2\/pages\/2052\/revisions\/2174"}],"wp:attachment":[{"href":"https:\/\/theteddyslot.org\/pt-pt\/wp-json\/wp\/v2\/media?parent=2052"}],"curies":[{"name":"wp","href":"https:\/\/api.w.org\/{rel}","templated":true}]}}